{"id":59667,"date":"2025-12-18T11:50:14","date_gmt":"2025-12-18T14:50:14","guid":{"rendered":"https:\/\/rms-enlinea.com.ar\/tienda\/producto\/mouse-inalambrico-genius-nx-8080s-bt-2-4ghz-milk-tea\/"},"modified":"2026-04-21T05:59:22","modified_gmt":"2026-04-21T08:59:22","slug":"mouse-inalambrico-genius-nx-8080s-bt-2-4ghz-milk-tea","status":"publish","type":"product","link":"https:\/\/rms-enlinea.com.ar\/tienda\/producto\/mouse-inalambrico-genius-nx-8080s-bt-2-4ghz-milk-tea\/","title":{"rendered":"Mouse Inalambrico Genius Nx-8080s Bt 2.4ghz Milk Tea"},"content":{"rendered":"<p>Motor del sensor \u00d3ptico<br \/>\nDistancia de trabajo asta 10 metros<br \/>\nTipo de bater\u00eda AA<br \/>\nResoluci\u00f3n (DPI) 800 \/ 1200 \/ 1600 (predeterminado)<br \/>\nN\u00famero de botones 7<br \/>\nFrecuencia RF Modo dual Bluetooth 5.3 + 2.4GHz<\/p>\n","protected":false},"excerpt":{"rendered":"<p>Motor del sensor \u00d3ptico Distancia de trabajo asta 10 metros Tipo de bater\u00eda AA Resoluci\u00f3n (DPI) 800 \/ 1200 \/ 1600 (predeterminado) N\u00famero de botones 7 Frecuencia RF Modo dual Bluetooth 5.3 + 2.4GHz<\/p>\n","protected":false},"featured_media":59668,"comment_status":"open","ping_status":"closed","template":"","meta":{"_uag_custom_page_level_css":""},"product_brand":[550],"product_cat":[15,125],"product_tag":[],"class_list":{"0":"post-59667","1":"product","2":"type-product","3":"status-publish","4":"has-post-thumbnail","6":"product_brand-genius","7":"product_cat-sin-categorizar","8":"product_cat-teclados-y-mouses","10":"first","11":"outofstock","12":"sale","13":"taxable","14":"shipping-taxable","15":"purchasable","16":"product-type-simple"},"uagb_featured_image_src":{"full":["https:\/\/rms-enlinea.com.ar\/wp-content\/uploads\/2025\/12\/D_907136-MLA99969632857_112025-F.jpg",650,1199,false],"thumbnail":["https:\/\/rms-enlinea.com.ar\/wp-content\/uploads\/2025\/12\/D_907136-MLA99969632857_112025-F-150x150.jpg",150,150,true],"medium":["https:\/\/rms-enlinea.com.ar\/wp-content\/uploads\/2025\/12\/D_907136-MLA99969632857_112025-F-163x300.jpg",163,300,true],"medium_large":["https:\/\/rms-enlinea.com.ar\/wp-content\/uploads\/2025\/12\/D_907136-MLA99969632857_112025-F.jpg",650,1199,false],"large":["https:\/\/rms-enlinea.com.ar\/wp-content\/uploads\/2025\/12\/D_907136-MLA99969632857_112025-F-555x1024.jpg",555,1024,true],"1536x1536":["https:\/\/rms-enlinea.com.ar\/wp-content\/uploads\/2025\/12\/D_907136-MLA99969632857_112025-F.jpg",650,1199,false],"2048x2048":["https:\/\/rms-enlinea.com.ar\/wp-content\/uploads\/2025\/12\/D_907136-MLA99969632857_112025-F.jpg",650,1199,false],"woocommerce_thumbnail":["https:\/\/rms-enlinea.com.ar\/wp-content\/uploads\/2025\/12\/D_907136-MLA99969632857_112025-F-450x450.jpg",450,450,true],"woocommerce_single":["https:\/\/rms-enlinea.com.ar\/wp-content\/uploads\/2025\/12\/D_907136-MLA99969632857_112025-F-600x1107.jpg",600,1107,true],"woocommerce_gallery_thumbnail":["https:\/\/rms-enlinea.com.ar\/wp-content\/uploads\/2025\/12\/D_907136-MLA99969632857_112025-F-100x100.jpg",100,100,true]},"uagb_author_info":{"display_name":"nelson","author_link":"https:\/\/rms-enlinea.com.ar\/tienda\/author\/"},"uagb_comment_info":0,"uagb_excerpt":"Motor del sensor \u00d3ptico Distancia de trabajo asta 10 metros Tipo de bater\u00eda AA Resoluci\u00f3n (DPI) 800 \/ 1200 \/ 1600 (predeterminado) N\u00famero de botones 7 Frecuencia RF Modo dual Bluetooth 5.3 + 2.4GHz","_links":{"self":[{"href":"https:\/\/rms-enlinea.com.ar\/tienda\/wp-json\/wp\/v2\/product\/59667","targetHints":{"allow":["GET"]}}],"collection":[{"href":"https:\/\/rms-enlinea.com.ar\/tienda\/wp-json\/wp\/v2\/product"}],"about":[{"href":"https:\/\/rms-enlinea.com.ar\/tienda\/wp-json\/wp\/v2\/types\/product"}],"replies":[{"embeddable":true,"href":"https:\/\/rms-enlinea.com.ar\/tienda\/wp-json\/wp\/v2\/comments?post=59667"}],"wp:featuredmedia":[{"embeddable":true,"href":"https:\/\/rms-enlinea.com.ar\/tienda\/wp-json\/wp\/v2\/media\/59668"}],"wp:attachment":[{"href":"https:\/\/rms-enlinea.com.ar\/tienda\/wp-json\/wp\/v2\/media?parent=59667"}],"wp:term":[{"taxonomy":"product_brand","embeddable":true,"href":"https:\/\/rms-enlinea.com.ar\/tienda\/wp-json\/wp\/v2\/product_brand?post=59667"},{"taxonomy":"product_cat","embeddable":true,"href":"https:\/\/rms-enlinea.com.ar\/tienda\/wp-json\/wp\/v2\/product_cat?post=59667"},{"taxonomy":"product_tag","embeddable":true,"href":"https:\/\/rms-enlinea.com.ar\/tienda\/wp-json\/wp\/v2\/product_tag?post=59667"}],"curies":[{"name":"wp","href":"https:\/\/api.w.org\/{rel}","templated":true}]}}