{"id":59692,"date":"2025-12-18T16:52:15","date_gmt":"2025-12-18T19:52:15","guid":{"rendered":"https:\/\/rms-enlinea.com.ar\/tienda\/producto\/placa-de-video-msi-rtx-5060-8gb-gaming-trio-oc-pci-e-5-0\/"},"modified":"2026-04-21T05:40:05","modified_gmt":"2026-04-21T08:40:05","slug":"placa-de-video-msi-rtx-5060-8gb-gaming-trio-oc-pci-e-5-0","status":"publish","type":"product","link":"https:\/\/rms-enlinea.com.ar\/tienda\/producto\/placa-de-video-msi-rtx-5060-8gb-gaming-trio-oc-pci-e-5-0\/","title":{"rendered":"Placa De Video Msi Rtx 5060 8gb Gaming Trio Oc Pci-e 5.0"},"content":{"rendered":"<p>Nombre de marketing GeForce RTX 5060 8G GAMING TRIO OC<br \/>\nNombre del modelo G5060-8GTC<br \/>\nUnidad de procesamiento de gr\u00e1ficos NVIDIA GeForce RTX 5060<br \/>\nInterfaz PCI Express Gen 5 x16 (usa x8)<br \/>\nRelojes de n\u00facleo Rendimiento extremo: 2640 MHz (MSI Center) Boost: 2625 MHz<br \/>\nN\u00daCLEOS CUDA 3840 Unidades<br \/>\nVelocidad de la memoria 28 Gbps<br \/>\nMemoria 8 GB GDDR7<br \/>\nBus de memoria 128 bits<\/p>\n","protected":false},"excerpt":{"rendered":"<p>Nombre de marketing GeForce RTX 5060 8G GAMING TRIO OC Nombre del modelo G5060-8GTC Unidad de procesamiento de gr\u00e1ficos NVIDIA GeForce RTX 5060 Interfaz PCI Express Gen 5 x16 (usa x8) Relojes de n\u00facleo Rendimiento extremo: 2640 MHz (MSI Center) Boost: 2625 MHz N\u00daCLEOS CUDA 3840 Unidades Velocidad de la memoria 28 Gbps Memoria 8 [&hellip;]<\/p>\n","protected":false},"featured_media":59693,"comment_status":"open","ping_status":"closed","template":"","meta":{"_uag_custom_page_level_css":""},"product_brand":[557],"product_cat":[120,15],"product_tag":[],"class_list":{"0":"post-59692","1":"product","2":"type-product","3":"status-publish","4":"has-post-thumbnail","6":"product_brand-msi","7":"product_cat-placas-de-video","8":"product_cat-sin-categorizar","10":"first","11":"outofstock","12":"sale","13":"taxable","14":"shipping-taxable","15":"purchasable","16":"product-type-simple"},"uagb_featured_image_src":{"full":["https:\/\/rms-enlinea.com.ar\/wp-content\/uploads\/2025\/12\/D_846973-MLA99381357618_112025-F.jpg",1200,928,false],"thumbnail":["https:\/\/rms-enlinea.com.ar\/wp-content\/uploads\/2025\/12\/D_846973-MLA99381357618_112025-F-150x150.jpg",150,150,true],"medium":["https:\/\/rms-enlinea.com.ar\/wp-content\/uploads\/2025\/12\/D_846973-MLA99381357618_112025-F-300x232.jpg",300,232,true],"medium_large":["https:\/\/rms-enlinea.com.ar\/wp-content\/uploads\/2025\/12\/D_846973-MLA99381357618_112025-F-768x594.jpg",768,594,true],"large":["https:\/\/rms-enlinea.com.ar\/wp-content\/uploads\/2025\/12\/D_846973-MLA99381357618_112025-F-1024x792.jpg",1024,792,true],"1536x1536":["https:\/\/rms-enlinea.com.ar\/wp-content\/uploads\/2025\/12\/D_846973-MLA99381357618_112025-F.jpg",1200,928,false],"2048x2048":["https:\/\/rms-enlinea.com.ar\/wp-content\/uploads\/2025\/12\/D_846973-MLA99381357618_112025-F.jpg",1200,928,false],"woocommerce_thumbnail":["https:\/\/rms-enlinea.com.ar\/wp-content\/uploads\/2025\/12\/D_846973-MLA99381357618_112025-F-450x450.jpg",450,450,true],"woocommerce_single":["https:\/\/rms-enlinea.com.ar\/wp-content\/uploads\/2025\/12\/D_846973-MLA99381357618_112025-F-600x464.jpg",600,464,true],"woocommerce_gallery_thumbnail":["https:\/\/rms-enlinea.com.ar\/wp-content\/uploads\/2025\/12\/D_846973-MLA99381357618_112025-F-100x100.jpg",100,100,true]},"uagb_author_info":{"display_name":"nelson","author_link":"https:\/\/rms-enlinea.com.ar\/tienda\/author\/"},"uagb_comment_info":0,"uagb_excerpt":"Nombre de marketing GeForce RTX 5060 8G GAMING TRIO OC Nombre del modelo G5060-8GTC Unidad de procesamiento de gr\u00e1ficos NVIDIA GeForce RTX 5060 Interfaz PCI Express Gen 5 x16 (usa x8) Relojes de n\u00facleo Rendimiento extremo: 2640 MHz (MSI Center) Boost: 2625 MHz N\u00daCLEOS CUDA 3840 Unidades Velocidad de la memoria 28 Gbps Memoria 8&hellip;","_links":{"self":[{"href":"https:\/\/rms-enlinea.com.ar\/tienda\/wp-json\/wp\/v2\/product\/59692","targetHints":{"allow":["GET"]}}],"collection":[{"href":"https:\/\/rms-enlinea.com.ar\/tienda\/wp-json\/wp\/v2\/product"}],"about":[{"href":"https:\/\/rms-enlinea.com.ar\/tienda\/wp-json\/wp\/v2\/types\/product"}],"replies":[{"embeddable":true,"href":"https:\/\/rms-enlinea.com.ar\/tienda\/wp-json\/wp\/v2\/comments?post=59692"}],"wp:featuredmedia":[{"embeddable":true,"href":"https:\/\/rms-enlinea.com.ar\/tienda\/wp-json\/wp\/v2\/media\/59693"}],"wp:attachment":[{"href":"https:\/\/rms-enlinea.com.ar\/tienda\/wp-json\/wp\/v2\/media?parent=59692"}],"wp:term":[{"taxonomy":"product_brand","embeddable":true,"href":"https:\/\/rms-enlinea.com.ar\/tienda\/wp-json\/wp\/v2\/product_brand?post=59692"},{"taxonomy":"product_cat","embeddable":true,"href":"https:\/\/rms-enlinea.com.ar\/tienda\/wp-json\/wp\/v2\/product_cat?post=59692"},{"taxonomy":"product_tag","embeddable":true,"href":"https:\/\/rms-enlinea.com.ar\/tienda\/wp-json\/wp\/v2\/product_tag?post=59692"}],"curies":[{"name":"wp","href":"https:\/\/api.w.org\/{rel}","templated":true}]}}