{"id":59890,"date":"2025-12-26T15:30:12","date_gmt":"2025-12-26T18:30:12","guid":{"rendered":"https:\/\/rms-enlinea.com.ar\/tienda\/producto\/hub-para-streaming-cooler-master-mhsk13aa00-4-fades\/"},"modified":"2026-04-21T05:09:11","modified_gmt":"2026-04-21T08:09:11","slug":"hub-para-streaming-cooler-master-mhsk13aa00-4-fades","status":"publish","type":"product","link":"https:\/\/rms-enlinea.com.ar\/tienda\/producto\/hub-para-streaming-cooler-master-mhsk13aa00-4-fades\/","title":{"rendered":"Hub Para Streaming Cooler Master Mhsk13aa00 4 Fades"},"content":{"rendered":"<p>Descubra el ecosistema MasterHUB<br \/>\nMasterHUB es un sistema de control modular dise\u00f1ado para streamers, creadores, gamers y entusiastas de PC que buscan precisi\u00f3n, flexibilidad e integraci\u00f3n fluida en su flujo de trabajo. Se ejecuta en FreeForm 2.0, la plataforma de dise\u00f1o abierto de Cooler Master, que permite la personalizaci\u00f3n mediante hardware modular, archivos de c\u00f3digo abierto y expansi\u00f3n personalizada. Esta base le da a MasterHUB la libertad de evolucionar seg\u00fan tus necesidades, ya sea que est\u00e9s ajustando los controles, a\u00f1adiendo nuevos m\u00f3dulos o personalizando tu configuraci\u00f3n para adaptarla a tu estilo y flujo de trabajo.<\/p>\n<p>Ecosistema modular<br \/>\nImpulsa tu creatividad con el Kit de Transmisi\u00f3n MasterHUB, el sistema de control modular definitivo. Integra m\u00f3dulos a la perfecci\u00f3n con la Base, que ofrece vers\u00e1tiles opciones de conectividad. Personaliza tu configuraci\u00f3n para que se ajuste a tus necesidades, ya sea streaming, edici\u00f3n o juegos. MasterHUB te permite controlar tu entorno con precisi\u00f3n y facilidad, alcanzando niveles sin precedentes de productividad y creatividad.<\/p>\n<p>\u00danete a la revoluci\u00f3n y descubre el potencial ilimitado de MasterHUB.<\/p>\n","protected":false},"excerpt":{"rendered":"<p>Descubra el ecosistema MasterHUB MasterHUB es un sistema de control modular dise\u00f1ado para streamers, creadores, gamers y entusiastas de PC que buscan precisi\u00f3n, flexibilidad e integraci\u00f3n fluida en su flujo de trabajo. Se ejecuta en FreeForm 2.0, la plataforma de dise\u00f1o abierto de Cooler Master, que permite la personalizaci\u00f3n mediante hardware modular, archivos de c\u00f3digo [&hellip;]<\/p>\n","protected":false},"featured_media":59891,"comment_status":"open","ping_status":"closed","template":"","meta":{"_uag_custom_page_level_css":""},"product_brand":[650],"product_cat":[101,15],"product_tag":[],"class_list":{"0":"post-59890","1":"product","2":"type-product","3":"status-publish","4":"has-post-thumbnail","6":"product_brand-coolermaster","7":"product_cat-cables-y-adaptadores","8":"product_cat-sin-categorizar","10":"first","11":"outofstock","12":"sale","13":"taxable","14":"shipping-taxable","15":"purchasable","16":"product-type-simple"},"uagb_featured_image_src":{"full":["https:\/\/rms-enlinea.com.ar\/wp-content\/uploads\/2025\/12\/D_654257-MLA102673139095_122025-F.jpg",1200,1103,false],"thumbnail":["https:\/\/rms-enlinea.com.ar\/wp-content\/uploads\/2025\/12\/D_654257-MLA102673139095_122025-F-150x150.jpg",150,150,true],"medium":["https:\/\/rms-enlinea.com.ar\/wp-content\/uploads\/2025\/12\/D_654257-MLA102673139095_122025-F-300x276.jpg",300,276,true],"medium_large":["https:\/\/rms-enlinea.com.ar\/wp-content\/uploads\/2025\/12\/D_654257-MLA102673139095_122025-F-768x706.jpg",768,706,true],"large":["https:\/\/rms-enlinea.com.ar\/wp-content\/uploads\/2025\/12\/D_654257-MLA102673139095_122025-F-1024x941.jpg",1024,941,true],"1536x1536":["https:\/\/rms-enlinea.com.ar\/wp-content\/uploads\/2025\/12\/D_654257-MLA102673139095_122025-F.jpg",1200,1103,false],"2048x2048":["https:\/\/rms-enlinea.com.ar\/wp-content\/uploads\/2025\/12\/D_654257-MLA102673139095_122025-F.jpg",1200,1103,false],"woocommerce_thumbnail":["https:\/\/rms-enlinea.com.ar\/wp-content\/uploads\/2025\/12\/D_654257-MLA102673139095_122025-F-450x450.jpg",450,450,true],"woocommerce_single":["https:\/\/rms-enlinea.com.ar\/wp-content\/uploads\/2025\/12\/D_654257-MLA102673139095_122025-F-600x552.jpg",600,552,true],"woocommerce_gallery_thumbnail":["https:\/\/rms-enlinea.com.ar\/wp-content\/uploads\/2025\/12\/D_654257-MLA102673139095_122025-F-100x100.jpg",100,100,true]},"uagb_author_info":{"display_name":"nelson","author_link":"https:\/\/rms-enlinea.com.ar\/tienda\/author\/"},"uagb_comment_info":0,"uagb_excerpt":"Descubra el ecosistema MasterHUB MasterHUB es un sistema de control modular dise\u00f1ado para streamers, creadores, gamers y entusiastas de PC que buscan precisi\u00f3n, flexibilidad e integraci\u00f3n fluida en su flujo de trabajo. Se ejecuta en FreeForm 2.0, la plataforma de dise\u00f1o abierto de Cooler Master, que permite la personalizaci\u00f3n mediante hardware modular, archivos de c\u00f3digo&hellip;","_links":{"self":[{"href":"https:\/\/rms-enlinea.com.ar\/tienda\/wp-json\/wp\/v2\/product\/59890","targetHints":{"allow":["GET"]}}],"collection":[{"href":"https:\/\/rms-enlinea.com.ar\/tienda\/wp-json\/wp\/v2\/product"}],"about":[{"href":"https:\/\/rms-enlinea.com.ar\/tienda\/wp-json\/wp\/v2\/types\/product"}],"replies":[{"embeddable":true,"href":"https:\/\/rms-enlinea.com.ar\/tienda\/wp-json\/wp\/v2\/comments?post=59890"}],"wp:featuredmedia":[{"embeddable":true,"href":"https:\/\/rms-enlinea.com.ar\/tienda\/wp-json\/wp\/v2\/media\/59891"}],"wp:attachment":[{"href":"https:\/\/rms-enlinea.com.ar\/tienda\/wp-json\/wp\/v2\/media?parent=59890"}],"wp:term":[{"taxonomy":"product_brand","embeddable":true,"href":"https:\/\/rms-enlinea.com.ar\/tienda\/wp-json\/wp\/v2\/product_brand?post=59890"},{"taxonomy":"product_cat","embeddable":true,"href":"https:\/\/rms-enlinea.com.ar\/tienda\/wp-json\/wp\/v2\/product_cat?post=59890"},{"taxonomy":"product_tag","embeddable":true,"href":"https:\/\/rms-enlinea.com.ar\/tienda\/wp-json\/wp\/v2\/product_tag?post=59890"}],"curies":[{"name":"wp","href":"https:\/\/api.w.org\/{rel}","templated":true}]}}