{"id":59910,"date":"2025-12-26T18:20:17","date_gmt":"2025-12-26T21:20:17","guid":{"rendered":"https:\/\/rms-enlinea.com.ar\/tienda\/producto\/procesador-intel-core-i3-12100-4-4ghz-c-videos-4-nucleos\/"},"modified":"2026-04-03T03:48:11","modified_gmt":"2026-04-03T06:48:11","slug":"procesador-intel-core-i3-12100-4-4ghz-c-videos-4-nucleos","status":"publish","type":"product","link":"https:\/\/rms-enlinea.com.ar\/tienda\/producto\/procesador-intel-core-i3-12100-4-4ghz-c-videos-4-nucleos\/","title":{"rendered":"Procesador Intel Core I3 12100 4.4ghz C\/videos 4 Nucleos"},"content":{"rendered":"<p>Modelo alfanum\u00e9rico<\/p>\n<p>bx8071512100<br \/>\nAplicaci\u00f3n<\/p>\n<p>Computadoras de escritorio<br \/>\nArquitectura<\/p>\n<p>x86-64<br \/>\nMarca<\/p>\n<p>Intel<br \/>\nCach\u00e9<\/p>\n<p>12 MB<br \/>\nZ\u00f3calos compatibles<\/p>\n<p>1700<br \/>\nCantidad de n\u00facleos de CPU<\/p>\n<p>4<br \/>\nGeneraci\u00f3n<\/p>\n<p>12\u00b0<br \/>\nProcesador gr\u00e1fico<\/p>\n<p>Intel HD Graphics 730<br \/>\nC\u00f3digo universal de producto<\/p>\n<p>5032037238458<br \/>\nIncluye air cooler<\/p>\n<p>S\u00ed<br \/>\nL\u00ednea<\/p>\n<p>Core<br \/>\nTama\u00f1o m\u00e1ximo de memoria RAM soportada<\/p>\n<p>128 GB<br \/>\nModelo<\/p>\n<p>i3-12100<br \/>\nSKU<\/p>\n<p>5032037238458<br \/>\nTipos de memoria RAM soportadas<\/p>\n<p>DDR4,DDR5<\/p>\n","protected":false},"excerpt":{"rendered":"<p>Modelo alfanum\u00e9rico bx8071512100 Aplicaci\u00f3n Computadoras de escritorio Arquitectura x86-64 Marca Intel Cach\u00e9 12 MB Z\u00f3calos compatibles 1700 Cantidad de n\u00facleos de CPU 4 Generaci\u00f3n 12\u00b0 Procesador gr\u00e1fico Intel HD Graphics 730 C\u00f3digo universal de producto 5032037238458 Incluye air cooler S\u00ed L\u00ednea Core Tama\u00f1o m\u00e1ximo de memoria RAM soportada 128 GB Modelo i3-12100 SKU 5032037238458 Tipos [&hellip;]<\/p>\n","protected":false},"featured_media":4663,"comment_status":"open","ping_status":"closed","template":"","meta":{"_uag_custom_page_level_css":""},"product_brand":[530],"product_cat":[121,15],"product_tag":[],"class_list":{"0":"post-59910","1":"product","2":"type-product","3":"status-publish","4":"has-post-thumbnail","6":"product_brand-intel","7":"product_cat-procesadores-computacion","8":"product_cat-sin-categorizar","10":"first","11":"outofstock","12":"sale","13":"taxable","14":"shipping-taxable","15":"purchasable","16":"product-type-simple"},"uagb_featured_image_src":{"full":["https:\/\/rms-enlinea.com.ar\/wp-content\/uploads\/2025\/06\/D_828160-MLU74695500404_022024-F.jpg",1009,1084,false],"thumbnail":["https:\/\/rms-enlinea.com.ar\/wp-content\/uploads\/2025\/06\/D_828160-MLU74695500404_022024-F-150x150.jpg",150,150,true],"medium":["https:\/\/rms-enlinea.com.ar\/wp-content\/uploads\/2025\/06\/D_828160-MLU74695500404_022024-F-279x300.jpg",279,300,true],"medium_large":["https:\/\/rms-enlinea.com.ar\/wp-content\/uploads\/2025\/06\/D_828160-MLU74695500404_022024-F-768x825.jpg",768,825,true],"large":["https:\/\/rms-enlinea.com.ar\/wp-content\/uploads\/2025\/06\/D_828160-MLU74695500404_022024-F-953x1024.jpg",953,1024,true],"1536x1536":["https:\/\/rms-enlinea.com.ar\/wp-content\/uploads\/2025\/06\/D_828160-MLU74695500404_022024-F.jpg",1009,1084,false],"2048x2048":["https:\/\/rms-enlinea.com.ar\/wp-content\/uploads\/2025\/06\/D_828160-MLU74695500404_022024-F.jpg",1009,1084,false],"woocommerce_thumbnail":["https:\/\/rms-enlinea.com.ar\/wp-content\/uploads\/2025\/06\/D_828160-MLU74695500404_022024-F-450x450.jpg",450,450,true],"woocommerce_single":["https:\/\/rms-enlinea.com.ar\/wp-content\/uploads\/2025\/06\/D_828160-MLU74695500404_022024-F-600x645.jpg",600,645,true],"woocommerce_gallery_thumbnail":["https:\/\/rms-enlinea.com.ar\/wp-content\/uploads\/2025\/06\/D_828160-MLU74695500404_022024-F-100x100.jpg",100,100,true]},"uagb_author_info":{"display_name":"nelson","author_link":"https:\/\/rms-enlinea.com.ar\/tienda\/author\/"},"uagb_comment_info":0,"uagb_excerpt":"Modelo alfanum\u00e9rico bx8071512100 Aplicaci\u00f3n Computadoras de escritorio Arquitectura x86-64 Marca Intel Cach\u00e9 12 MB Z\u00f3calos compatibles 1700 Cantidad de n\u00facleos de CPU 4 Generaci\u00f3n 12\u00b0 Procesador gr\u00e1fico Intel HD Graphics 730 C\u00f3digo universal de producto 5032037238458 Incluye air cooler S\u00ed L\u00ednea Core Tama\u00f1o m\u00e1ximo de memoria RAM soportada 128 GB Modelo i3-12100 SKU 5032037238458 Tipos&hellip;","_links":{"self":[{"href":"https:\/\/rms-enlinea.com.ar\/tienda\/wp-json\/wp\/v2\/product\/59910","targetHints":{"allow":["GET"]}}],"collection":[{"href":"https:\/\/rms-enlinea.com.ar\/tienda\/wp-json\/wp\/v2\/product"}],"about":[{"href":"https:\/\/rms-enlinea.com.ar\/tienda\/wp-json\/wp\/v2\/types\/product"}],"replies":[{"embeddable":true,"href":"https:\/\/rms-enlinea.com.ar\/tienda\/wp-json\/wp\/v2\/comments?post=59910"}],"wp:featuredmedia":[{"embeddable":true,"href":"https:\/\/rms-enlinea.com.ar\/tienda\/wp-json\/wp\/v2\/media\/4663"}],"wp:attachment":[{"href":"https:\/\/rms-enlinea.com.ar\/tienda\/wp-json\/wp\/v2\/media?parent=59910"}],"wp:term":[{"taxonomy":"product_brand","embeddable":true,"href":"https:\/\/rms-enlinea.com.ar\/tienda\/wp-json\/wp\/v2\/product_brand?post=59910"},{"taxonomy":"product_cat","embeddable":true,"href":"https:\/\/rms-enlinea.com.ar\/tienda\/wp-json\/wp\/v2\/product_cat?post=59910"},{"taxonomy":"product_tag","embeddable":true,"href":"https:\/\/rms-enlinea.com.ar\/tienda\/wp-json\/wp\/v2\/product_tag?post=59910"}],"curies":[{"name":"wp","href":"https:\/\/api.w.org\/{rel}","templated":true}]}}