{"id":59911,"date":"2025-12-26T18:20:25","date_gmt":"2025-12-26T21:20:25","guid":{"rendered":"https:\/\/rms-enlinea.com.ar\/tienda\/producto\/procesador-amd-ryzen-5800x-am4-sin-cooler-8-nucleos\/"},"modified":"2026-03-10T14:10:07","modified_gmt":"2026-03-10T17:10:07","slug":"procesador-amd-ryzen-5800x-am4-sin-cooler-8-nucleos","status":"publish","type":"product","link":"https:\/\/rms-enlinea.com.ar\/tienda\/producto\/procesador-amd-ryzen-5800x-am4-sin-cooler-8-nucleos\/","title":{"rendered":"Procesador Amd Ryzen 5800x Am4 Sin Cooler 8 Nucleos"},"content":{"rendered":"<p>Aplicaci\u00f3n<\/p>\n<p>Computadoras de escritorio<br \/>\nArquitectura<\/p>\n<p>x86-64<br \/>\nMarca<\/p>\n<p>AMD<br \/>\nCach\u00e9<\/p>\n<p>32 MB<br \/>\nZ\u00f3calos compatibles<\/p>\n<p>AM4<br \/>\nCantidad de n\u00facleos de CPU<\/p>\n<p>8<br \/>\nCantidad de hilos de CPU<\/p>\n<p>16<br \/>\nC\u00f3digo universal de producto<\/p>\n<p>730143312714<br \/>\nEs compatible con 4K<\/p>\n<p>S\u00ed<br \/>\nEs gamer<\/p>\n<p>S\u00ed<br \/>\nEs OEM<\/p>\n<p>No<br \/>\nEst\u00e1 desbloqueado<\/p>\n<p>S\u00ed<br \/>\nL\u00ednea<\/p>\n<p>Ryzen 7<br \/>\nFrecuencia m\u00e1xima de reloj<\/p>\n<p>4.7 GHz<br \/>\nTama\u00f1o m\u00e1ximo de memoria RAM soportada<\/p>\n<p>128 GB<br \/>\nFrecuencia m\u00ednima de reloj<\/p>\n<p>3.8 GHz<br \/>\nModelo<\/p>\n<p>5800X<br \/>\nA\u00f1o de lanzamiento<\/p>\n<p>2020<br \/>\nSKU<\/p>\n<p>58002<br \/>\nTipos de memoria RAM soportadas<\/p>\n<p>DDR4<br \/>\nPotencia de dise\u00f1o t\u00e9rmico<\/p>\n<p>105 W<\/p>\n","protected":false},"excerpt":{"rendered":"<p>Aplicaci\u00f3n Computadoras de escritorio Arquitectura x86-64 Marca AMD Cach\u00e9 32 MB Z\u00f3calos compatibles AM4 Cantidad de n\u00facleos de CPU 8 Cantidad de hilos de CPU 16 C\u00f3digo universal de producto 730143312714 Es compatible con 4K S\u00ed Es gamer S\u00ed Es OEM No Est\u00e1 desbloqueado S\u00ed L\u00ednea Ryzen 7 Frecuencia m\u00e1xima de reloj 4.7 GHz Tama\u00f1o [&hellip;]<\/p>\n","protected":false},"featured_media":30047,"comment_status":"open","ping_status":"closed","template":"","meta":{"_uag_custom_page_level_css":""},"product_brand":[531],"product_cat":[121,15],"product_tag":[],"class_list":{"0":"post-59911","1":"product","2":"type-product","3":"status-publish","4":"has-post-thumbnail","6":"product_brand-amd","7":"product_cat-procesadores-computacion","8":"product_cat-sin-categorizar","10":"first","11":"outofstock","12":"sale","13":"taxable","14":"shipping-taxable","15":"purchasable","16":"product-type-simple"},"uagb_featured_image_src":{"full":["https:\/\/rms-enlinea.com.ar\/wp-content\/uploads\/2025\/06\/D_903113-MLA44347094942_122020-F.jpg",854,1188,false],"thumbnail":["https:\/\/rms-enlinea.com.ar\/wp-content\/uploads\/2025\/06\/D_903113-MLA44347094942_122020-F-150x150.jpg",150,150,true],"medium":["https:\/\/rms-enlinea.com.ar\/wp-content\/uploads\/2025\/06\/D_903113-MLA44347094942_122020-F-216x300.jpg",216,300,true],"medium_large":["https:\/\/rms-enlinea.com.ar\/wp-content\/uploads\/2025\/06\/D_903113-MLA44347094942_122020-F-768x1068.jpg",768,1068,true],"large":["https:\/\/rms-enlinea.com.ar\/wp-content\/uploads\/2025\/06\/D_903113-MLA44347094942_122020-F-736x1024.jpg",736,1024,true],"1536x1536":["https:\/\/rms-enlinea.com.ar\/wp-content\/uploads\/2025\/06\/D_903113-MLA44347094942_122020-F.jpg",854,1188,false],"2048x2048":["https:\/\/rms-enlinea.com.ar\/wp-content\/uploads\/2025\/06\/D_903113-MLA44347094942_122020-F.jpg",854,1188,false],"woocommerce_thumbnail":["https:\/\/rms-enlinea.com.ar\/wp-content\/uploads\/2025\/06\/D_903113-MLA44347094942_122020-F-450x450.jpg",450,450,true],"woocommerce_single":["https:\/\/rms-enlinea.com.ar\/wp-content\/uploads\/2025\/06\/D_903113-MLA44347094942_122020-F-600x835.jpg",600,835,true],"woocommerce_gallery_thumbnail":["https:\/\/rms-enlinea.com.ar\/wp-content\/uploads\/2025\/06\/D_903113-MLA44347094942_122020-F-100x100.jpg",100,100,true]},"uagb_author_info":{"display_name":"nelson","author_link":"https:\/\/rms-enlinea.com.ar\/tienda\/author\/"},"uagb_comment_info":0,"uagb_excerpt":"Aplicaci\u00f3n Computadoras de escritorio Arquitectura x86-64 Marca AMD Cach\u00e9 32 MB Z\u00f3calos compatibles AM4 Cantidad de n\u00facleos de CPU 8 Cantidad de hilos de CPU 16 C\u00f3digo universal de producto 730143312714 Es compatible con 4K S\u00ed Es gamer S\u00ed Es OEM No Est\u00e1 desbloqueado S\u00ed L\u00ednea Ryzen 7 Frecuencia m\u00e1xima de reloj 4.7 GHz Tama\u00f1o&hellip;","_links":{"self":[{"href":"https:\/\/rms-enlinea.com.ar\/tienda\/wp-json\/wp\/v2\/product\/59911","targetHints":{"allow":["GET"]}}],"collection":[{"href":"https:\/\/rms-enlinea.com.ar\/tienda\/wp-json\/wp\/v2\/product"}],"about":[{"href":"https:\/\/rms-enlinea.com.ar\/tienda\/wp-json\/wp\/v2\/types\/product"}],"replies":[{"embeddable":true,"href":"https:\/\/rms-enlinea.com.ar\/tienda\/wp-json\/wp\/v2\/comments?post=59911"}],"wp:featuredmedia":[{"embeddable":true,"href":"https:\/\/rms-enlinea.com.ar\/tienda\/wp-json\/wp\/v2\/media\/30047"}],"wp:attachment":[{"href":"https:\/\/rms-enlinea.com.ar\/tienda\/wp-json\/wp\/v2\/media?parent=59911"}],"wp:term":[{"taxonomy":"product_brand","embeddable":true,"href":"https:\/\/rms-enlinea.com.ar\/tienda\/wp-json\/wp\/v2\/product_brand?post=59911"},{"taxonomy":"product_cat","embeddable":true,"href":"https:\/\/rms-enlinea.com.ar\/tienda\/wp-json\/wp\/v2\/product_cat?post=59911"},{"taxonomy":"product_tag","embeddable":true,"href":"https:\/\/rms-enlinea.com.ar\/tienda\/wp-json\/wp\/v2\/product_tag?post=59911"}],"curies":[{"name":"wp","href":"https:\/\/api.w.org\/{rel}","templated":true}]}}