{"id":59912,"date":"2025-12-26T19:11:57","date_gmt":"2025-12-26T22:11:57","guid":{"rendered":"https:\/\/rms-enlinea.com.ar\/tienda\/producto\/water-cooling-raptor-aqua-pro-240-display-2x-cpu-cooler\/"},"modified":"2026-04-06T13:40:51","modified_gmt":"2026-04-06T16:40:51","slug":"water-cooling-raptor-aqua-pro-240-display-2x-cpu-cooler","status":"publish","type":"product","link":"https:\/\/rms-enlinea.com.ar\/tienda\/producto\/water-cooling-raptor-aqua-pro-240-display-2x-cpu-cooler\/","title":{"rendered":"Water Cooling Raptor Aqua Pro 240 Display 2x Cpu Cooler"},"content":{"rendered":"<p>Par\u00e1metros<br \/>Potencia\t250W<br \/>Tama\u00f1o\t277 \u00d7 120 \u00d7 27 mm<br \/>Material\tCobre + Aluminio<br \/>Tubo\tL 260 mm<br \/>Con pantalla display\tS\u00ed<br \/>Compatibilidad<br \/>Intel\tLGA1851 \/ 1700 \/ 1200 \/ 115x \/ 1366<br \/>AMD\tAM5 \/ AM4<br \/>Xeon\tE5 \/ X79 \/ X99 \/ 2011 \/ 2066<\/p>\n","protected":false},"excerpt":{"rendered":"<p>Par\u00e1metrosPotencia 250WTama\u00f1o 277 \u00d7 120 \u00d7 27 mmMaterial Cobre + AluminioTubo L 260 mmCon pantalla display S\u00edCompatibilidadIntel LGA1851 \/ 1700 \/ 1200 \/ 115x \/ 1366AMD AM5 \/ AM4Xeon E5 \/ X79 \/ X99 \/ 2011 \/ 2066<\/p>\n","protected":false},"featured_media":59913,"comment_status":"open","ping_status":"closed","template":"","meta":{"_uag_custom_page_level_css":""},"product_brand":[572],"product_cat":[105,15],"product_tag":[],"class_list":{"0":"post-59912","1":"product","2":"type-product","3":"status-publish","4":"has-post-thumbnail","6":"product_brand-raptor-gaming","7":"product_cat-cooler-y-sistemas-de-refrigeracion","8":"product_cat-sin-categorizar","10":"first","11":"instock","12":"sale","13":"taxable","14":"shipping-taxable","15":"purchasable","16":"product-type-simple"},"uagb_featured_image_src":{"full":["https:\/\/rms-enlinea.com.ar\/wp-content\/uploads\/2025\/12\/D_808630-MLA102176707246_122025-F.jpg",640,280,false],"thumbnail":["https:\/\/rms-enlinea.com.ar\/wp-content\/uploads\/2025\/12\/D_808630-MLA102176707246_122025-F-150x150.jpg",150,150,true],"medium":["https:\/\/rms-enlinea.com.ar\/wp-content\/uploads\/2025\/12\/D_808630-MLA102176707246_122025-F-300x131.jpg",300,131,true],"medium_large":["https:\/\/rms-enlinea.com.ar\/wp-content\/uploads\/2025\/12\/D_808630-MLA102176707246_122025-F.jpg",640,280,false],"large":["https:\/\/rms-enlinea.com.ar\/wp-content\/uploads\/2025\/12\/D_808630-MLA102176707246_122025-F.jpg",640,280,false],"1536x1536":["https:\/\/rms-enlinea.com.ar\/wp-content\/uploads\/2025\/12\/D_808630-MLA102176707246_122025-F.jpg",640,280,false],"2048x2048":["https:\/\/rms-enlinea.com.ar\/wp-content\/uploads\/2025\/12\/D_808630-MLA102176707246_122025-F.jpg",640,280,false],"woocommerce_thumbnail":["https:\/\/rms-enlinea.com.ar\/wp-content\/uploads\/2025\/12\/D_808630-MLA102176707246_122025-F-450x280.jpg",450,280,true],"woocommerce_single":["https:\/\/rms-enlinea.com.ar\/wp-content\/uploads\/2025\/12\/D_808630-MLA102176707246_122025-F-600x263.jpg",600,263,true],"woocommerce_gallery_thumbnail":["https:\/\/rms-enlinea.com.ar\/wp-content\/uploads\/2025\/12\/D_808630-MLA102176707246_122025-F-100x100.jpg",100,100,true]},"uagb_author_info":{"display_name":"nelson","author_link":"https:\/\/rms-enlinea.com.ar\/tienda\/author\/"},"uagb_comment_info":0,"uagb_excerpt":"Par\u00e1metrosPotencia 250WTama\u00f1o 277 \u00d7 120 \u00d7 27 mmMaterial Cobre + AluminioTubo L 260 mmCon pantalla display S\u00edCompatibilidadIntel LGA1851 \/ 1700 \/ 1200 \/ 115x \/ 1366AMD AM5 \/ AM4Xeon E5 \/ X79 \/ X99 \/ 2011 \/ 2066","_links":{"self":[{"href":"https:\/\/rms-enlinea.com.ar\/tienda\/wp-json\/wp\/v2\/product\/59912","targetHints":{"allow":["GET"]}}],"collection":[{"href":"https:\/\/rms-enlinea.com.ar\/tienda\/wp-json\/wp\/v2\/product"}],"about":[{"href":"https:\/\/rms-enlinea.com.ar\/tienda\/wp-json\/wp\/v2\/types\/product"}],"replies":[{"embeddable":true,"href":"https:\/\/rms-enlinea.com.ar\/tienda\/wp-json\/wp\/v2\/comments?post=59912"}],"wp:featuredmedia":[{"embeddable":true,"href":"https:\/\/rms-enlinea.com.ar\/tienda\/wp-json\/wp\/v2\/media\/59913"}],"wp:attachment":[{"href":"https:\/\/rms-enlinea.com.ar\/tienda\/wp-json\/wp\/v2\/media?parent=59912"}],"wp:term":[{"taxonomy":"product_brand","embeddable":true,"href":"https:\/\/rms-enlinea.com.ar\/tienda\/wp-json\/wp\/v2\/product_brand?post=59912"},{"taxonomy":"product_cat","embeddable":true,"href":"https:\/\/rms-enlinea.com.ar\/tienda\/wp-json\/wp\/v2\/product_cat?post=59912"},{"taxonomy":"product_tag","embeddable":true,"href":"https:\/\/rms-enlinea.com.ar\/tienda\/wp-json\/wp\/v2\/product_tag?post=59912"}],"curies":[{"name":"wp","href":"https:\/\/api.w.org\/{rel}","templated":true}]}}