{"id":59935,"date":"2025-12-26T21:50:10","date_gmt":"2025-12-27T00:50:10","guid":{"rendered":"https:\/\/rms-enlinea.com.ar\/tienda\/producto\/fuente-raptor-volt-1000w-80-plus-gold-full-modular-pcie-5-1\/"},"modified":"2026-04-21T03:47:37","modified_gmt":"2026-04-21T06:47:37","slug":"fuente-raptor-volt-1000w-80-plus-gold-full-modular-pcie-5-1","status":"publish","type":"product","link":"https:\/\/rms-enlinea.com.ar\/tienda\/producto\/fuente-raptor-volt-1000w-80-plus-gold-full-modular-pcie-5-1\/","title":{"rendered":"Fuente Raptor Volt 1000w 80 Plus Gold Full Modular Pcie 5.1"},"content":{"rendered":"<p>Color \tBlanco<br \/>Certificaci\u00f3n de eficiencia\t80 Plus Gold<br \/>Di\u00e1metro del ventilador\t12 cm<br \/>Frecuencia\t60 Hz<br \/>Tipo de modulaci\u00f3n\tModular<br \/>Con funcionamiento silencioso\tS\u00ed<br \/>Con iluminaci\u00f3n RGB\tNo<br \/>Potencial\t1000w<br \/>Entrada de CA\t100V-240V<br \/>Conectores\t24PIN(20+4PIN) <br \/>SATA+SATA+IDE<br \/>SATA+SATA+IDE<br \/>PCIE 5.1<br \/>8PIN(4+4PIN)<br \/>8PIN(4+4PIN)<br \/>8PIN(6+2PIN)<br \/>8PIN(6+2PIN)<\/p>\n","protected":false},"excerpt":{"rendered":"<p>Color BlancoCertificaci\u00f3n de eficiencia 80 Plus GoldDi\u00e1metro del ventilador 12 cmFrecuencia 60 HzTipo de modulaci\u00f3n ModularCon funcionamiento silencioso S\u00edCon iluminaci\u00f3n RGB NoPotencial 1000wEntrada de CA 100V-240VConectores 24PIN(20+4PIN) SATA+SATA+IDESATA+SATA+IDEPCIE 5.18PIN(4+4PIN)8PIN(4+4PIN)8PIN(6+2PIN)8PIN(6+2PIN)<\/p>\n","protected":false},"featured_media":59936,"comment_status":"open","ping_status":"closed","template":"","meta":{"_uag_custom_page_level_css":""},"product_brand":[572],"product_cat":[108,15],"product_tag":[],"class_list":{"0":"post-59935","1":"product","2":"type-product","3":"status-publish","4":"has-post-thumbnail","6":"product_brand-raptor-gaming","7":"product_cat-fuentes-y-cargadores","8":"product_cat-sin-categorizar","10":"first","11":"outofstock","12":"sale","13":"taxable","14":"shipping-taxable","15":"purchasable","16":"product-type-simple"},"uagb_featured_image_src":{"full":["https:\/\/rms-enlinea.com.ar\/wp-content\/uploads\/2025\/12\/D_815003-MLA102693755907_122025-F.jpg",1200,1122,false],"thumbnail":["https:\/\/rms-enlinea.com.ar\/wp-content\/uploads\/2025\/12\/D_815003-MLA102693755907_122025-F-150x150.jpg",150,150,true],"medium":["https:\/\/rms-enlinea.com.ar\/wp-content\/uploads\/2025\/12\/D_815003-MLA102693755907_122025-F-300x281.jpg",300,281,true],"medium_large":["https:\/\/rms-enlinea.com.ar\/wp-content\/uploads\/2025\/12\/D_815003-MLA102693755907_122025-F-768x718.jpg",768,718,true],"large":["https:\/\/rms-enlinea.com.ar\/wp-content\/uploads\/2025\/12\/D_815003-MLA102693755907_122025-F-1024x957.jpg",1024,957,true],"1536x1536":["https:\/\/rms-enlinea.com.ar\/wp-content\/uploads\/2025\/12\/D_815003-MLA102693755907_122025-F.jpg",1200,1122,false],"2048x2048":["https:\/\/rms-enlinea.com.ar\/wp-content\/uploads\/2025\/12\/D_815003-MLA102693755907_122025-F.jpg",1200,1122,false],"woocommerce_thumbnail":["https:\/\/rms-enlinea.com.ar\/wp-content\/uploads\/2025\/12\/D_815003-MLA102693755907_122025-F-450x450.jpg",450,450,true],"woocommerce_single":["https:\/\/rms-enlinea.com.ar\/wp-content\/uploads\/2025\/12\/D_815003-MLA102693755907_122025-F-600x561.jpg",600,561,true],"woocommerce_gallery_thumbnail":["https:\/\/rms-enlinea.com.ar\/wp-content\/uploads\/2025\/12\/D_815003-MLA102693755907_122025-F-100x100.jpg",100,100,true]},"uagb_author_info":{"display_name":"nelson","author_link":"https:\/\/rms-enlinea.com.ar\/tienda\/author\/"},"uagb_comment_info":0,"uagb_excerpt":"Color BlancoCertificaci\u00f3n de eficiencia 80 Plus GoldDi\u00e1metro del ventilador 12 cmFrecuencia 60 HzTipo de modulaci\u00f3n ModularCon funcionamiento silencioso S\u00edCon iluminaci\u00f3n RGB NoPotencial 1000wEntrada de CA 100V-240VConectores 24PIN(20+4PIN) SATA+SATA+IDESATA+SATA+IDEPCIE 5.18PIN(4+4PIN)8PIN(4+4PIN)8PIN(6+2PIN)8PIN(6+2PIN)","_links":{"self":[{"href":"https:\/\/rms-enlinea.com.ar\/tienda\/wp-json\/wp\/v2\/product\/59935","targetHints":{"allow":["GET"]}}],"collection":[{"href":"https:\/\/rms-enlinea.com.ar\/tienda\/wp-json\/wp\/v2\/product"}],"about":[{"href":"https:\/\/rms-enlinea.com.ar\/tienda\/wp-json\/wp\/v2\/types\/product"}],"replies":[{"embeddable":true,"href":"https:\/\/rms-enlinea.com.ar\/tienda\/wp-json\/wp\/v2\/comments?post=59935"}],"wp:featuredmedia":[{"embeddable":true,"href":"https:\/\/rms-enlinea.com.ar\/tienda\/wp-json\/wp\/v2\/media\/59936"}],"wp:attachment":[{"href":"https:\/\/rms-enlinea.com.ar\/tienda\/wp-json\/wp\/v2\/media?parent=59935"}],"wp:term":[{"taxonomy":"product_brand","embeddable":true,"href":"https:\/\/rms-enlinea.com.ar\/tienda\/wp-json\/wp\/v2\/product_brand?post=59935"},{"taxonomy":"product_cat","embeddable":true,"href":"https:\/\/rms-enlinea.com.ar\/tienda\/wp-json\/wp\/v2\/product_cat?post=59935"},{"taxonomy":"product_tag","embeddable":true,"href":"https:\/\/rms-enlinea.com.ar\/tienda\/wp-json\/wp\/v2\/product_tag?post=59935"}],"curies":[{"name":"wp","href":"https:\/\/api.w.org\/{rel}","templated":true}]}}