{"id":60006,"date":"2025-12-27T11:20:39","date_gmt":"2025-12-27T14:20:39","guid":{"rendered":"https:\/\/rms-enlinea.com.ar\/tienda\/producto\/mother-asrock-x670e-pro-rs-wifi-amd-am5-ddr5-pci-e-5-0\/"},"modified":"2026-04-21T05:33:56","modified_gmt":"2026-04-21T08:33:56","slug":"mother-asrock-x670e-pro-rs-wifi-amd-am5-ddr5-pci-e-5-0","status":"publish","type":"product","link":"https:\/\/rms-enlinea.com.ar\/tienda\/producto\/mother-asrock-x670e-pro-rs-wifi-amd-am5-ddr5-pci-e-5-0\/","title":{"rendered":"Mother Asrock X670e Pro Rs Wifi Amd Am5 Ddr5 Pci-e 5.0"},"content":{"rendered":"<p>Memoria 4 x DDR5 DIMMs, Soporta up to 7600+(OC)<br \/>\nProcessors Soporta AMD Ryzen 7000 Series<br \/>\nChipset AMD X670<br \/>\nLAN 2.5 Gigabit LAN 10\/100\/1000\/2500 Mb\/s &#8211; Dragon RTL8125BG<br \/>\nGr\u00e1ficos Opciones de salida gr\u00e1ficos: 1 HDMI, 1 DisplayPort<br \/>\nRanuras de expansi\u00f3n 1 PCIe 5.0 x16, 2 PCIe 4.0 x1, 1 M.2 Key-E Para el WiFi<br \/>\nFormato &#8211; Formato ATX: 12.0-in x 9.6-in, 30.5 cm x 24.4 cm<br \/>\nAudio &#8211; Audio 7.1 canales HD (Realtek ALC897 Audio Codec)<br \/>\nWi-Fi 802.11ax Wi-Fi 6E Module &#8211; Soporta IEEE 802.11a\/b\/g\/n\/ac\/ax<\/p>\n","protected":false},"excerpt":{"rendered":"<p>Memoria 4 x DDR5 DIMMs, Soporta up to 7600+(OC) Processors Soporta AMD Ryzen 7000 Series Chipset AMD X670 LAN 2.5 Gigabit LAN 10\/100\/1000\/2500 Mb\/s &#8211; Dragon RTL8125BG Gr\u00e1ficos Opciones de salida gr\u00e1ficos: 1 HDMI, 1 DisplayPort Ranuras de expansi\u00f3n 1 PCIe 5.0 x16, 2 PCIe 4.0 x1, 1 M.2 Key-E Para el WiFi Formato &#8211; [&hellip;]<\/p>\n","protected":false},"featured_media":41518,"comment_status":"open","ping_status":"closed","template":"","meta":{"_uag_custom_page_level_css":""},"product_brand":[588],"product_cat":[115,15],"product_tag":[],"class_list":{"0":"post-60006","1":"product","2":"type-product","3":"status-publish","4":"has-post-thumbnail","6":"product_brand-asrock","7":"product_cat-mother","8":"product_cat-sin-categorizar","10":"first","11":"outofstock","12":"sale","13":"taxable","14":"shipping-taxable","15":"purchasable","16":"product-type-simple"},"uagb_featured_image_src":{"full":["https:\/\/rms-enlinea.com.ar\/wp-content\/uploads\/2025\/06\/D_878241-MLM52049039946_102022-F.jpg",1030,800,false],"thumbnail":["https:\/\/rms-enlinea.com.ar\/wp-content\/uploads\/2025\/06\/D_878241-MLM52049039946_102022-F-150x150.jpg",150,150,true],"medium":["https:\/\/rms-enlinea.com.ar\/wp-content\/uploads\/2025\/06\/D_878241-MLM52049039946_102022-F-300x233.jpg",300,233,true],"medium_large":["https:\/\/rms-enlinea.com.ar\/wp-content\/uploads\/2025\/06\/D_878241-MLM52049039946_102022-F-768x597.jpg",768,597,true],"large":["https:\/\/rms-enlinea.com.ar\/wp-content\/uploads\/2025\/06\/D_878241-MLM52049039946_102022-F-1024x795.jpg",1024,795,true],"1536x1536":["https:\/\/rms-enlinea.com.ar\/wp-content\/uploads\/2025\/06\/D_878241-MLM52049039946_102022-F.jpg",1030,800,false],"2048x2048":["https:\/\/rms-enlinea.com.ar\/wp-content\/uploads\/2025\/06\/D_878241-MLM52049039946_102022-F.jpg",1030,800,false],"woocommerce_thumbnail":["https:\/\/rms-enlinea.com.ar\/wp-content\/uploads\/2025\/06\/D_878241-MLM52049039946_102022-F-450x450.jpg",450,450,true],"woocommerce_single":["https:\/\/rms-enlinea.com.ar\/wp-content\/uploads\/2025\/06\/D_878241-MLM52049039946_102022-F-600x466.jpg",600,466,true],"woocommerce_gallery_thumbnail":["https:\/\/rms-enlinea.com.ar\/wp-content\/uploads\/2025\/06\/D_878241-MLM52049039946_102022-F-100x100.jpg",100,100,true]},"uagb_author_info":{"display_name":"nelson","author_link":"https:\/\/rms-enlinea.com.ar\/tienda\/author\/"},"uagb_comment_info":0,"uagb_excerpt":"Memoria 4 x DDR5 DIMMs, Soporta up to 7600+(OC) Processors Soporta AMD Ryzen 7000 Series Chipset AMD X670 LAN 2.5 Gigabit LAN 10\/100\/1000\/2500 Mb\/s &#8211; Dragon RTL8125BG Gr\u00e1ficos Opciones de salida gr\u00e1ficos: 1 HDMI, 1 DisplayPort Ranuras de expansi\u00f3n 1 PCIe 5.0 x16, 2 PCIe 4.0 x1, 1 M.2 Key-E Para el WiFi Formato &#8211;&hellip;","_links":{"self":[{"href":"https:\/\/rms-enlinea.com.ar\/tienda\/wp-json\/wp\/v2\/product\/60006","targetHints":{"allow":["GET"]}}],"collection":[{"href":"https:\/\/rms-enlinea.com.ar\/tienda\/wp-json\/wp\/v2\/product"}],"about":[{"href":"https:\/\/rms-enlinea.com.ar\/tienda\/wp-json\/wp\/v2\/types\/product"}],"replies":[{"embeddable":true,"href":"https:\/\/rms-enlinea.com.ar\/tienda\/wp-json\/wp\/v2\/comments?post=60006"}],"wp:featuredmedia":[{"embeddable":true,"href":"https:\/\/rms-enlinea.com.ar\/tienda\/wp-json\/wp\/v2\/media\/41518"}],"wp:attachment":[{"href":"https:\/\/rms-enlinea.com.ar\/tienda\/wp-json\/wp\/v2\/media?parent=60006"}],"wp:term":[{"taxonomy":"product_brand","embeddable":true,"href":"https:\/\/rms-enlinea.com.ar\/tienda\/wp-json\/wp\/v2\/product_brand?post=60006"},{"taxonomy":"product_cat","embeddable":true,"href":"https:\/\/rms-enlinea.com.ar\/tienda\/wp-json\/wp\/v2\/product_cat?post=60006"},{"taxonomy":"product_tag","embeddable":true,"href":"https:\/\/rms-enlinea.com.ar\/tienda\/wp-json\/wp\/v2\/product_tag?post=60006"}],"curies":[{"name":"wp","href":"https:\/\/api.w.org\/{rel}","templated":true}]}}