{"id":60039,"date":"2025-12-27T18:50:08","date_gmt":"2025-12-27T21:50:08","guid":{"rendered":"https:\/\/rms-enlinea.com.ar\/tienda\/producto\/procesador-intel-core-i7-14700-lga1700-c-cooler-c-graficos\/"},"modified":"2026-04-02T17:00:02","modified_gmt":"2026-04-02T20:00:02","slug":"procesador-intel-core-i7-14700-lga1700-c-cooler-c-graficos","status":"publish","type":"product","link":"https:\/\/rms-enlinea.com.ar\/tienda\/producto\/procesador-intel-core-i7-14700-lga1700-c-cooler-c-graficos\/","title":{"rendered":"Procesador Intel Core I7 14700 Lga1700 C\/cooler C\/graficos"},"content":{"rendered":"<p>Tipos de memoria<\/p>\n<p>Up to DDR5 5600 MT\/s Up to DDR4 3200 MT\/scc<br \/>\nZ\u00f3calos compatible<\/p>\n<p>FCLGA1700<br \/>\nFrecuencia turbo m\u00e1xima<\/p>\n<p>5.4 GHz<br \/>\nGeneracion<\/p>\n<p>(14th gen)<br \/>\nCach\u00e9<\/p>\n<p>33 MB Intel\u00ae Smart Cache<br \/>\nGPU<\/p>\n<p>Intel\u00ae UHD Graphics 770<br \/>\nLitograf\u00eda<\/p>\n<p>i7-14700<\/p>\n","protected":false},"excerpt":{"rendered":"<p>Tipos de memoria Up to DDR5 5600 MT\/s Up to DDR4 3200 MT\/scc Z\u00f3calos compatible FCLGA1700 Frecuencia turbo m\u00e1xima 5.4 GHz Generacion (14th gen) Cach\u00e9 33 MB Intel\u00ae Smart Cache GPU Intel\u00ae UHD Graphics 770 Litograf\u00eda i7-14700<\/p>\n","protected":false},"featured_media":60040,"comment_status":"open","ping_status":"closed","template":"","meta":{"_uag_custom_page_level_css":""},"product_brand":[530],"product_cat":[121,15],"product_tag":[],"class_list":{"0":"post-60039","1":"product","2":"type-product","3":"status-publish","4":"has-post-thumbnail","6":"product_brand-intel","7":"product_cat-procesadores-computacion","8":"product_cat-sin-categorizar","10":"first","11":"instock","12":"sale","13":"taxable","14":"shipping-taxable","15":"purchasable","16":"product-type-simple"},"uagb_featured_image_src":{"full":["https:\/\/rms-enlinea.com.ar\/wp-content\/uploads\/2025\/12\/D_685844-MLA99507279130_112025-F.jpg",664,727,false],"thumbnail":["https:\/\/rms-enlinea.com.ar\/wp-content\/uploads\/2025\/12\/D_685844-MLA99507279130_112025-F-150x150.jpg",150,150,true],"medium":["https:\/\/rms-enlinea.com.ar\/wp-content\/uploads\/2025\/12\/D_685844-MLA99507279130_112025-F-274x300.jpg",274,300,true],"medium_large":["https:\/\/rms-enlinea.com.ar\/wp-content\/uploads\/2025\/12\/D_685844-MLA99507279130_112025-F.jpg",664,727,false],"large":["https:\/\/rms-enlinea.com.ar\/wp-content\/uploads\/2025\/12\/D_685844-MLA99507279130_112025-F.jpg",664,727,false],"1536x1536":["https:\/\/rms-enlinea.com.ar\/wp-content\/uploads\/2025\/12\/D_685844-MLA99507279130_112025-F.jpg",664,727,false],"2048x2048":["https:\/\/rms-enlinea.com.ar\/wp-content\/uploads\/2025\/12\/D_685844-MLA99507279130_112025-F.jpg",664,727,false],"woocommerce_thumbnail":["https:\/\/rms-enlinea.com.ar\/wp-content\/uploads\/2025\/12\/D_685844-MLA99507279130_112025-F-450x450.jpg",450,450,true],"woocommerce_single":["https:\/\/rms-enlinea.com.ar\/wp-content\/uploads\/2025\/12\/D_685844-MLA99507279130_112025-F-600x657.jpg",600,657,true],"woocommerce_gallery_thumbnail":["https:\/\/rms-enlinea.com.ar\/wp-content\/uploads\/2025\/12\/D_685844-MLA99507279130_112025-F-100x100.jpg",100,100,true]},"uagb_author_info":{"display_name":"nelson","author_link":"https:\/\/rms-enlinea.com.ar\/tienda\/author\/"},"uagb_comment_info":0,"uagb_excerpt":"Tipos de memoria Up to DDR5 5600 MT\/s Up to DDR4 3200 MT\/scc Z\u00f3calos compatible FCLGA1700 Frecuencia turbo m\u00e1xima 5.4 GHz Generacion (14th gen) Cach\u00e9 33 MB Intel\u00ae Smart Cache GPU Intel\u00ae UHD Graphics 770 Litograf\u00eda i7-14700","_links":{"self":[{"href":"https:\/\/rms-enlinea.com.ar\/tienda\/wp-json\/wp\/v2\/product\/60039","targetHints":{"allow":["GET"]}}],"collection":[{"href":"https:\/\/rms-enlinea.com.ar\/tienda\/wp-json\/wp\/v2\/product"}],"about":[{"href":"https:\/\/rms-enlinea.com.ar\/tienda\/wp-json\/wp\/v2\/types\/product"}],"replies":[{"embeddable":true,"href":"https:\/\/rms-enlinea.com.ar\/tienda\/wp-json\/wp\/v2\/comments?post=60039"}],"wp:featuredmedia":[{"embeddable":true,"href":"https:\/\/rms-enlinea.com.ar\/tienda\/wp-json\/wp\/v2\/media\/60040"}],"wp:attachment":[{"href":"https:\/\/rms-enlinea.com.ar\/tienda\/wp-json\/wp\/v2\/media?parent=60039"}],"wp:term":[{"taxonomy":"product_brand","embeddable":true,"href":"https:\/\/rms-enlinea.com.ar\/tienda\/wp-json\/wp\/v2\/product_brand?post=60039"},{"taxonomy":"product_cat","embeddable":true,"href":"https:\/\/rms-enlinea.com.ar\/tienda\/wp-json\/wp\/v2\/product_cat?post=60039"},{"taxonomy":"product_tag","embeddable":true,"href":"https:\/\/rms-enlinea.com.ar\/tienda\/wp-json\/wp\/v2\/product_tag?post=60039"}],"curies":[{"name":"wp","href":"https:\/\/api.w.org\/{rel}","templated":true}]}}