{"id":60074,"date":"2025-12-27T19:50:07","date_gmt":"2025-12-27T22:50:07","guid":{"rendered":"https:\/\/rms-enlinea.com.ar\/tienda\/producto\/fuente-gamer-gigabyte-850w-pg5-ultra-durable-gp-ud850gm-pg5\/"},"modified":"2026-04-06T14:15:37","modified_gmt":"2026-04-06T17:15:37","slug":"fuente-gamer-gigabyte-850w-pg5-ultra-durable-gp-ud850gm-pg5","status":"publish","type":"product","link":"https:\/\/rms-enlinea.com.ar\/tienda\/producto\/fuente-gamer-gigabyte-850w-pg5-ultra-durable-gp-ud850gm-pg5\/","title":{"rendered":"Fuente Gamer Gigabyte 850w Pg5 Ultra Durable Gp-ud850gm Pg5"},"content":{"rendered":"<p>Voltaje<\/p>\n<p>220V<br \/>\nCon iluminaci\u00f3n RGB<\/p>\n<p>No<br \/>\nCon protecci\u00f3n de bajo voltaje<\/p>\n<p>S\u00ed<br \/>\nL\u00ednea<\/p>\n<p>Full Modular<br \/>\nModelo de la fuente<\/p>\n<p>GP-UD850GM PG5<br \/>\nCantidad de conectores PCI-E<\/p>\n<p>4<br \/>\nPotencia de salida<\/p>\n<p>850 W<br \/>\nTipo de refrigeraci\u00f3n<\/p>\n<p>Por aire<br \/>\nCondici\u00f3n del \u00edtem<\/p>\n<p>Nuevo<br \/>\nCantidad de conectores SATA<\/p>\n<p>8<br \/>\nMarca de la fuente<\/p>\n<p>Gigabyte<br \/>\nTipo de fuente de alimentaci\u00f3n para PC<\/p>\n<p>ATX<br \/>\nCertificaci\u00f3n de eficiencia<\/p>\n<p>80 Plus Gold<br \/>\nDi\u00e1metro del ventilador<\/p>\n<p>120 mm<br \/>\nCantidad de conectores floppy<\/p>\n<p>1<br \/>\nCantidad de conectores HDD<\/p>\n<p>3<\/p>\n","protected":false},"excerpt":{"rendered":"<p>Voltaje 220V Con iluminaci\u00f3n RGB No Con protecci\u00f3n de bajo voltaje S\u00ed L\u00ednea Full Modular Modelo de la fuente GP-UD850GM PG5 Cantidad de conectores PCI-E 4 Potencia de salida 850 W Tipo de refrigeraci\u00f3n Por aire Condici\u00f3n del \u00edtem Nuevo Cantidad de conectores SATA 8 Marca de la fuente Gigabyte Tipo de fuente de alimentaci\u00f3n [&hellip;]<\/p>\n","protected":false},"featured_media":60075,"comment_status":"open","ping_status":"closed","template":"","meta":{"_uag_custom_page_level_css":""},"product_brand":[532],"product_cat":[108,15],"product_tag":[],"class_list":{"0":"post-60074","1":"product","2":"type-product","3":"status-publish","4":"has-post-thumbnail","6":"product_brand-gigabyte","7":"product_cat-fuentes-y-cargadores","8":"product_cat-sin-categorizar","10":"first","11":"instock","12":"sale","13":"taxable","14":"shipping-taxable","15":"purchasable","16":"product-type-simple"},"uagb_featured_image_src":{"full":["https:\/\/rms-enlinea.com.ar\/wp-content\/uploads\/2025\/12\/D_992873-MLA99970187891_112025-F.jpg",500,331,false],"thumbnail":["https:\/\/rms-enlinea.com.ar\/wp-content\/uploads\/2025\/12\/D_992873-MLA99970187891_112025-F-150x150.jpg",150,150,true],"medium":["https:\/\/rms-enlinea.com.ar\/wp-content\/uploads\/2025\/12\/D_992873-MLA99970187891_112025-F-300x199.jpg",300,199,true],"medium_large":["https:\/\/rms-enlinea.com.ar\/wp-content\/uploads\/2025\/12\/D_992873-MLA99970187891_112025-F.jpg",500,331,false],"large":["https:\/\/rms-enlinea.com.ar\/wp-content\/uploads\/2025\/12\/D_992873-MLA99970187891_112025-F.jpg",500,331,false],"1536x1536":["https:\/\/rms-enlinea.com.ar\/wp-content\/uploads\/2025\/12\/D_992873-MLA99970187891_112025-F.jpg",500,331,false],"2048x2048":["https:\/\/rms-enlinea.com.ar\/wp-content\/uploads\/2025\/12\/D_992873-MLA99970187891_112025-F.jpg",500,331,false],"woocommerce_thumbnail":["https:\/\/rms-enlinea.com.ar\/wp-content\/uploads\/2025\/12\/D_992873-MLA99970187891_112025-F-450x331.jpg",450,331,true],"woocommerce_single":["https:\/\/rms-enlinea.com.ar\/wp-content\/uploads\/2025\/12\/D_992873-MLA99970187891_112025-F.jpg",500,331,false],"woocommerce_gallery_thumbnail":["https:\/\/rms-enlinea.com.ar\/wp-content\/uploads\/2025\/12\/D_992873-MLA99970187891_112025-F-100x100.jpg",100,100,true]},"uagb_author_info":{"display_name":"nelson","author_link":"https:\/\/rms-enlinea.com.ar\/tienda\/author\/"},"uagb_comment_info":0,"uagb_excerpt":"Voltaje 220V Con iluminaci\u00f3n RGB No Con protecci\u00f3n de bajo voltaje S\u00ed L\u00ednea Full Modular Modelo de la fuente GP-UD850GM PG5 Cantidad de conectores PCI-E 4 Potencia de salida 850 W Tipo de refrigeraci\u00f3n Por aire Condici\u00f3n del \u00edtem Nuevo Cantidad de conectores SATA 8 Marca de la fuente Gigabyte Tipo de fuente de alimentaci\u00f3n&hellip;","_links":{"self":[{"href":"https:\/\/rms-enlinea.com.ar\/tienda\/wp-json\/wp\/v2\/product\/60074","targetHints":{"allow":["GET"]}}],"collection":[{"href":"https:\/\/rms-enlinea.com.ar\/tienda\/wp-json\/wp\/v2\/product"}],"about":[{"href":"https:\/\/rms-enlinea.com.ar\/tienda\/wp-json\/wp\/v2\/types\/product"}],"replies":[{"embeddable":true,"href":"https:\/\/rms-enlinea.com.ar\/tienda\/wp-json\/wp\/v2\/comments?post=60074"}],"wp:featuredmedia":[{"embeddable":true,"href":"https:\/\/rms-enlinea.com.ar\/tienda\/wp-json\/wp\/v2\/media\/60075"}],"wp:attachment":[{"href":"https:\/\/rms-enlinea.com.ar\/tienda\/wp-json\/wp\/v2\/media?parent=60074"}],"wp:term":[{"taxonomy":"product_brand","embeddable":true,"href":"https:\/\/rms-enlinea.com.ar\/tienda\/wp-json\/wp\/v2\/product_brand?post=60074"},{"taxonomy":"product_cat","embeddable":true,"href":"https:\/\/rms-enlinea.com.ar\/tienda\/wp-json\/wp\/v2\/product_cat?post=60074"},{"taxonomy":"product_tag","embeddable":true,"href":"https:\/\/rms-enlinea.com.ar\/tienda\/wp-json\/wp\/v2\/product_tag?post=60074"}],"curies":[{"name":"wp","href":"https:\/\/api.w.org\/{rel}","templated":true}]}}