{"id":60085,"date":"2025-12-27T22:40:57","date_gmt":"2025-12-28T01:40:57","guid":{"rendered":"https:\/\/rms-enlinea.com.ar\/tienda\/producto\/genius-hs-400a-auricular-pc-c-mic-conector-doble-negro\/"},"modified":"2026-04-07T23:42:55","modified_gmt":"2026-04-08T02:42:55","slug":"genius-hs-400a-auricular-pc-c-mic-conector-doble-negro","status":"publish","type":"product","link":"https:\/\/rms-enlinea.com.ar\/tienda\/producto\/genius-hs-400a-auricular-pc-c-mic-conector-doble-negro\/","title":{"rendered":"Genius Hs-400a Auricular Pc C\/ Mic &#8211; Conector Doble Negro"},"content":{"rendered":"<p>Tipo Diadema ajustable<\/p>\n<p>Conectividad 3.5 mm jack<\/p>\n<p>Respuesta frecuente 20 Hz \u2013 20 kHz<\/p>\n<p>Sensibilidad 102 dB \u00b1 3 dB<\/p>\n<p>Impedancia 32 ohmios \u00b1 15%<\/p>\n<p>Micr\u00f3fono S\u00cd<\/p>\n<p>Control del volumen S\u00cd<\/p>\n<p>Micr\u00f3fono mute No<\/p>\n<p>Longitud del cable (m) 1.8 m<\/p>\n<p>Peso (g) Approx. 158 g<\/p>\n","protected":false},"excerpt":{"rendered":"<p>Tipo Diadema ajustable Conectividad 3.5 mm jack Respuesta frecuente 20 Hz \u2013 20 kHz Sensibilidad 102 dB \u00b1 3 dB Impedancia 32 ohmios \u00b1 15% Micr\u00f3fono S\u00cd Control del volumen S\u00cd Micr\u00f3fono mute No Longitud del cable (m) 1.8 m Peso (g) Approx. 158 g<\/p>\n","protected":false},"featured_media":60086,"comment_status":"open","ping_status":"closed","template":"","meta":{"_uag_custom_page_level_css":""},"product_brand":[550],"product_cat":[99,15],"product_tag":[],"class_list":{"0":"post-60085","1":"product","2":"type-product","3":"status-publish","4":"has-post-thumbnail","6":"product_brand-genius","7":"product_cat-auriculares-computacion","8":"product_cat-sin-categorizar","10":"first","11":"instock","12":"sale","13":"taxable","14":"shipping-taxable","15":"purchasable","16":"product-type-simple"},"uagb_featured_image_src":{"full":["https:\/\/rms-enlinea.com.ar\/wp-content\/uploads\/2025\/12\/D_778307-MLA99382880578_112025-F.jpg",1181,1200,false],"thumbnail":["https:\/\/rms-enlinea.com.ar\/wp-content\/uploads\/2025\/12\/D_778307-MLA99382880578_112025-F-150x150.jpg",150,150,true],"medium":["https:\/\/rms-enlinea.com.ar\/wp-content\/uploads\/2025\/12\/D_778307-MLA99382880578_112025-F-295x300.jpg",295,300,true],"medium_large":["https:\/\/rms-enlinea.com.ar\/wp-content\/uploads\/2025\/12\/D_778307-MLA99382880578_112025-F-768x780.jpg",768,780,true],"large":["https:\/\/rms-enlinea.com.ar\/wp-content\/uploads\/2025\/12\/D_778307-MLA99382880578_112025-F-1008x1024.jpg",1008,1024,true],"1536x1536":["https:\/\/rms-enlinea.com.ar\/wp-content\/uploads\/2025\/12\/D_778307-MLA99382880578_112025-F.jpg",1181,1200,false],"2048x2048":["https:\/\/rms-enlinea.com.ar\/wp-content\/uploads\/2025\/12\/D_778307-MLA99382880578_112025-F.jpg",1181,1200,false],"woocommerce_thumbnail":["https:\/\/rms-enlinea.com.ar\/wp-content\/uploads\/2025\/12\/D_778307-MLA99382880578_112025-F-450x450.jpg",450,450,true],"woocommerce_single":["https:\/\/rms-enlinea.com.ar\/wp-content\/uploads\/2025\/12\/D_778307-MLA99382880578_112025-F-600x610.jpg",600,610,true],"woocommerce_gallery_thumbnail":["https:\/\/rms-enlinea.com.ar\/wp-content\/uploads\/2025\/12\/D_778307-MLA99382880578_112025-F-100x100.jpg",100,100,true]},"uagb_author_info":{"display_name":"nelson","author_link":"https:\/\/rms-enlinea.com.ar\/tienda\/author\/"},"uagb_comment_info":0,"uagb_excerpt":"Tipo Diadema ajustable Conectividad 3.5 mm jack Respuesta frecuente 20 Hz \u2013 20 kHz Sensibilidad 102 dB \u00b1 3 dB Impedancia 32 ohmios \u00b1 15% Micr\u00f3fono S\u00cd Control del volumen S\u00cd Micr\u00f3fono mute No Longitud del cable (m) 1.8 m Peso (g) Approx. 158 g","_links":{"self":[{"href":"https:\/\/rms-enlinea.com.ar\/tienda\/wp-json\/wp\/v2\/product\/60085","targetHints":{"allow":["GET"]}}],"collection":[{"href":"https:\/\/rms-enlinea.com.ar\/tienda\/wp-json\/wp\/v2\/product"}],"about":[{"href":"https:\/\/rms-enlinea.com.ar\/tienda\/wp-json\/wp\/v2\/types\/product"}],"replies":[{"embeddable":true,"href":"https:\/\/rms-enlinea.com.ar\/tienda\/wp-json\/wp\/v2\/comments?post=60085"}],"wp:featuredmedia":[{"embeddable":true,"href":"https:\/\/rms-enlinea.com.ar\/tienda\/wp-json\/wp\/v2\/media\/60086"}],"wp:attachment":[{"href":"https:\/\/rms-enlinea.com.ar\/tienda\/wp-json\/wp\/v2\/media?parent=60085"}],"wp:term":[{"taxonomy":"product_brand","embeddable":true,"href":"https:\/\/rms-enlinea.com.ar\/tienda\/wp-json\/wp\/v2\/product_brand?post=60085"},{"taxonomy":"product_cat","embeddable":true,"href":"https:\/\/rms-enlinea.com.ar\/tienda\/wp-json\/wp\/v2\/product_cat?post=60085"},{"taxonomy":"product_tag","embeddable":true,"href":"https:\/\/rms-enlinea.com.ar\/tienda\/wp-json\/wp\/v2\/product_tag?post=60085"}],"curies":[{"name":"wp","href":"https:\/\/api.w.org\/{rel}","templated":true}]}}