{"id":60094,"date":"2025-12-27T23:20:09","date_gmt":"2025-12-28T02:20:09","guid":{"rendered":"https:\/\/rms-enlinea.com.ar\/tienda\/producto\/placa-de-video-gigabyte-rtx-5060ti-aero-oc-8gb-pci-e-5-0\/"},"modified":"2026-04-21T04:14:51","modified_gmt":"2026-04-21T07:14:51","slug":"placa-de-video-gigabyte-rtx-5060ti-aero-oc-8gb-pci-e-5-0","status":"publish","type":"product","link":"https:\/\/rms-enlinea.com.ar\/tienda\/producto\/placa-de-video-gigabyte-rtx-5060ti-aero-oc-8gb-pci-e-5-0\/","title":{"rendered":"Placa De Video Gigabyte Rtx 5060ti Aero Oc 8gb Pci-e 5.0"},"content":{"rendered":"<p>Procesamiento de gr\u00e1ficos GeForce RTX&#x2122; 5060 Ti<\/p>\n<p>Reloj central 2647 MHz (Tarjeta de referencia: 2572 MHz)<\/p>\n<p>N\u00facleos CUDA\u00ae 4608<\/p>\n<p>Reloj de memoria 28 Gbps<\/p>\n<p>Tama\u00f1o de la memoria 8 GB<\/p>\n<p>Tipo de memoria GDDR7<\/p>\n<p>Bus de memoria 128 bits<\/p>\n<p>Autob\u00fas de tarjetas PCI-E 5.0<\/p>\n<p>Resoluci\u00f3n m\u00e1xima digital 7680&#215;4320<\/p>\n<p>Vista m\u00faltiple 4<\/p>\n<p>Tama\u00f1o de la tarjeta Largo=281 Ancho=117 Alto=40 mm<\/p>\n<p>Formulario de PCB ATX<\/p>\n<p>DirectX API de DirectX 12<\/p>\n<p>OpenGL 4.6<\/p>\n<p>Fuente de alimentaci\u00f3n recomendada 650 W<\/p>\n<p>Conectores de alimentaci\u00f3n 8 pines*1<\/p>\n<p>Producci\u00f3n DisplayPort 2.1b *3 HDMI 2.1b *1<\/p>\n<p>Accesorios Gu\u00eda r\u00e1pida<\/p>\n","protected":false},"excerpt":{"rendered":"<p>Procesamiento de gr\u00e1ficos GeForce RTX&#x2122; 5060 Ti Reloj central 2647 MHz (Tarjeta de referencia: 2572 MHz) N\u00facleos CUDA\u00ae 4608 Reloj de memoria 28 Gbps Tama\u00f1o de la memoria 8 GB Tipo de memoria GDDR7 Bus de memoria 128 bits Autob\u00fas de tarjetas PCI-E 5.0 Resoluci\u00f3n m\u00e1xima digital 7680&#215;4320 Vista m\u00faltiple 4 Tama\u00f1o de la tarjeta [&hellip;]<\/p>\n","protected":false},"featured_media":60095,"comment_status":"open","ping_status":"closed","template":"","meta":{"_uag_custom_page_level_css":""},"product_brand":[532],"product_cat":[120,15],"product_tag":[],"class_list":{"0":"post-60094","1":"product","2":"type-product","3":"status-publish","4":"has-post-thumbnail","6":"product_brand-gigabyte","7":"product_cat-placas-de-video","8":"product_cat-sin-categorizar","10":"first","11":"outofstock","12":"sale","13":"taxable","14":"shipping-taxable","15":"purchasable","16":"product-type-simple"},"uagb_featured_image_src":{"full":["https:\/\/rms-enlinea.com.ar\/wp-content\/uploads\/2025\/12\/D_799582-MLA96644899697_102025-F.jpg",1200,1117,false],"thumbnail":["https:\/\/rms-enlinea.com.ar\/wp-content\/uploads\/2025\/12\/D_799582-MLA96644899697_102025-F-150x150.jpg",150,150,true],"medium":["https:\/\/rms-enlinea.com.ar\/wp-content\/uploads\/2025\/12\/D_799582-MLA96644899697_102025-F-300x279.jpg",300,279,true],"medium_large":["https:\/\/rms-enlinea.com.ar\/wp-content\/uploads\/2025\/12\/D_799582-MLA96644899697_102025-F-768x715.jpg",768,715,true],"large":["https:\/\/rms-enlinea.com.ar\/wp-content\/uploads\/2025\/12\/D_799582-MLA96644899697_102025-F-1024x953.jpg",1024,953,true],"1536x1536":["https:\/\/rms-enlinea.com.ar\/wp-content\/uploads\/2025\/12\/D_799582-MLA96644899697_102025-F.jpg",1200,1117,false],"2048x2048":["https:\/\/rms-enlinea.com.ar\/wp-content\/uploads\/2025\/12\/D_799582-MLA96644899697_102025-F.jpg",1200,1117,false],"woocommerce_thumbnail":["https:\/\/rms-enlinea.com.ar\/wp-content\/uploads\/2025\/12\/D_799582-MLA96644899697_102025-F-450x450.jpg",450,450,true],"woocommerce_single":["https:\/\/rms-enlinea.com.ar\/wp-content\/uploads\/2025\/12\/D_799582-MLA96644899697_102025-F-600x559.jpg",600,559,true],"woocommerce_gallery_thumbnail":["https:\/\/rms-enlinea.com.ar\/wp-content\/uploads\/2025\/12\/D_799582-MLA96644899697_102025-F-100x100.jpg",100,100,true]},"uagb_author_info":{"display_name":"nelson","author_link":"https:\/\/rms-enlinea.com.ar\/tienda\/author\/"},"uagb_comment_info":0,"uagb_excerpt":"Procesamiento de gr\u00e1ficos GeForce RTX&#x2122; 5060 Ti Reloj central 2647 MHz (Tarjeta de referencia: 2572 MHz) N\u00facleos CUDA\u00ae 4608 Reloj de memoria 28 Gbps Tama\u00f1o de la memoria 8 GB Tipo de memoria GDDR7 Bus de memoria 128 bits Autob\u00fas de tarjetas PCI-E 5.0 Resoluci\u00f3n m\u00e1xima digital 7680&#215;4320 Vista m\u00faltiple 4 Tama\u00f1o de la tarjeta&hellip;","_links":{"self":[{"href":"https:\/\/rms-enlinea.com.ar\/tienda\/wp-json\/wp\/v2\/product\/60094","targetHints":{"allow":["GET"]}}],"collection":[{"href":"https:\/\/rms-enlinea.com.ar\/tienda\/wp-json\/wp\/v2\/product"}],"about":[{"href":"https:\/\/rms-enlinea.com.ar\/tienda\/wp-json\/wp\/v2\/types\/product"}],"replies":[{"embeddable":true,"href":"https:\/\/rms-enlinea.com.ar\/tienda\/wp-json\/wp\/v2\/comments?post=60094"}],"wp:featuredmedia":[{"embeddable":true,"href":"https:\/\/rms-enlinea.com.ar\/tienda\/wp-json\/wp\/v2\/media\/60095"}],"wp:attachment":[{"href":"https:\/\/rms-enlinea.com.ar\/tienda\/wp-json\/wp\/v2\/media?parent=60094"}],"wp:term":[{"taxonomy":"product_brand","embeddable":true,"href":"https:\/\/rms-enlinea.com.ar\/tienda\/wp-json\/wp\/v2\/product_brand?post=60094"},{"taxonomy":"product_cat","embeddable":true,"href":"https:\/\/rms-enlinea.com.ar\/tienda\/wp-json\/wp\/v2\/product_cat?post=60094"},{"taxonomy":"product_tag","embeddable":true,"href":"https:\/\/rms-enlinea.com.ar\/tienda\/wp-json\/wp\/v2\/product_tag?post=60094"}],"curies":[{"name":"wp","href":"https:\/\/api.w.org\/{rel}","templated":true}]}}