{"id":6015,"date":"2025-06-12T03:52:08","date_gmt":"2025-06-12T06:52:08","guid":{"rendered":"https:\/\/rms-enlinea.com.ar\/tienda\/producto\/mouse-gamer-rgb-16000dpi-pmw3389-matte-vsg-aquila-air\/"},"modified":"2026-04-06T13:38:10","modified_gmt":"2026-04-06T16:38:10","slug":"mouse-gamer-rgb-16000dpi-pmw3389-matte-vsg-aquila-air","status":"publish","type":"product","link":"https:\/\/rms-enlinea.com.ar\/tienda\/producto\/mouse-gamer-rgb-16000dpi-pmw3389-matte-vsg-aquila-air\/","title":{"rendered":"Mouse Gamer Rgb 16000dpi Pmw3389 Matte Vsg Aquila Air"},"content":{"rendered":"<p>MODELO: AQUILA AIR BLANCO MATTE<br \/>TIPO DE MOUSE: AL\u00c1MBRICO<br \/>SENSOR MARCA: PIXART<br \/>SENSOR REF: PMW3389<br \/>SENSOR TIPO: \u00d3PTICO<br \/>VELOCIDAD (IPS): 400<br \/>ACELERACI\u00d3N: 50<br \/>TASA DE SONDEO POR DEFECTO: 500<br \/>TASAS DE SONDEO: 125\/250\/500\/1000<br \/>CPI PREDETERMINADOS: 400\/800\/1200\/2400\/3200\/6400\/16000<br \/>PESO: 60\/61<br \/>DIMENSIONES: 66X120X42<br \/>INTERRUPTORES PRINCIPALES: OMRON<br \/>DURABILIDAD: 20<br \/>CABLE: PARACORD<br \/>LONGITUD: 1.8M<br \/>ILUMINACI\u00d3N: RGB<br \/>EFECTOS: 10<br \/>BOTONES: 6<\/p>\n","protected":false},"excerpt":{"rendered":"<p>MODELO: AQUILA AIR BLANCO MATTETIPO DE MOUSE: AL\u00c1MBRICOSENSOR MARCA: PIXARTSENSOR REF: PMW3389SENSOR TIPO: \u00d3PTICOVELOCIDAD (IPS): 400ACELERACI\u00d3N: 50TASA DE SONDEO POR DEFECTO: 500TASAS DE SONDEO: 125\/250\/500\/1000CPI PREDETERMINADOS: 400\/800\/1200\/2400\/3200\/6400\/16000PESO: 60\/61DIMENSIONES: 66X120X42INTERRUPTORES PRINCIPALES: OMRONDURABILIDAD: 20CABLE: PARACORDLONGITUD: 1.8MILUMINACI\u00d3N: RGBEFECTOS: 10BOTONES: 6<\/p>\n","protected":false},"featured_media":6016,"comment_status":"open","ping_status":"closed","template":"","meta":{"_uag_custom_page_level_css":""},"product_brand":[544],"product_cat":[125],"product_tag":[],"class_list":{"0":"post-6015","1":"product","2":"type-product","3":"status-publish","4":"has-post-thumbnail","6":"product_brand-vsg","7":"product_cat-teclados-y-mouses","9":"first","10":"outofstock","11":"sale","12":"taxable","13":"shipping-taxable","14":"purchasable","15":"product-type-simple"},"uagb_featured_image_src":{"full":["https:\/\/rms-enlinea.com.ar\/wp-content\/uploads\/2025\/06\/D_970934-MLA45512506481_042021-F.jpg",553,1100,false],"thumbnail":["https:\/\/rms-enlinea.com.ar\/wp-content\/uploads\/2025\/06\/D_970934-MLA45512506481_042021-F-150x150.jpg",150,150,true],"medium":["https:\/\/rms-enlinea.com.ar\/wp-content\/uploads\/2025\/06\/D_970934-MLA45512506481_042021-F-151x300.jpg",151,300,true],"medium_large":["https:\/\/rms-enlinea.com.ar\/wp-content\/uploads\/2025\/06\/D_970934-MLA45512506481_042021-F.jpg",553,1100,false],"large":["https:\/\/rms-enlinea.com.ar\/wp-content\/uploads\/2025\/06\/D_970934-MLA45512506481_042021-F-515x1024.jpg",515,1024,true],"1536x1536":["https:\/\/rms-enlinea.com.ar\/wp-content\/uploads\/2025\/06\/D_970934-MLA45512506481_042021-F.jpg",553,1100,false],"2048x2048":["https:\/\/rms-enlinea.com.ar\/wp-content\/uploads\/2025\/06\/D_970934-MLA45512506481_042021-F.jpg",553,1100,false],"woocommerce_thumbnail":["https:\/\/rms-enlinea.com.ar\/wp-content\/uploads\/2025\/06\/D_970934-MLA45512506481_042021-F-450x450.jpg",450,450,true],"woocommerce_single":["https:\/\/rms-enlinea.com.ar\/wp-content\/uploads\/2025\/06\/D_970934-MLA45512506481_042021-F.jpg",553,1100,false],"woocommerce_gallery_thumbnail":["https:\/\/rms-enlinea.com.ar\/wp-content\/uploads\/2025\/06\/D_970934-MLA45512506481_042021-F-100x100.jpg",100,100,true]},"uagb_author_info":{"display_name":"l0071054","author_link":"https:\/\/rms-enlinea.com.ar\/tienda\/author\/"},"uagb_comment_info":0,"uagb_excerpt":"MODELO: AQUILA AIR BLANCO MATTETIPO DE MOUSE: AL\u00c1MBRICOSENSOR MARCA: PIXARTSENSOR REF: PMW3389SENSOR TIPO: \u00d3PTICOVELOCIDAD (IPS): 400ACELERACI\u00d3N: 50TASA DE SONDEO POR DEFECTO: 500TASAS DE SONDEO: 125\/250\/500\/1000CPI PREDETERMINADOS: 400\/800\/1200\/2400\/3200\/6400\/16000PESO: 60\/61DIMENSIONES: 66X120X42INTERRUPTORES PRINCIPALES: OMRONDURABILIDAD: 20CABLE: PARACORDLONGITUD: 1.8MILUMINACI\u00d3N: RGBEFECTOS: 10BOTONES: 6","_links":{"self":[{"href":"https:\/\/rms-enlinea.com.ar\/tienda\/wp-json\/wp\/v2\/product\/6015","targetHints":{"allow":["GET"]}}],"collection":[{"href":"https:\/\/rms-enlinea.com.ar\/tienda\/wp-json\/wp\/v2\/product"}],"about":[{"href":"https:\/\/rms-enlinea.com.ar\/tienda\/wp-json\/wp\/v2\/types\/product"}],"replies":[{"embeddable":true,"href":"https:\/\/rms-enlinea.com.ar\/tienda\/wp-json\/wp\/v2\/comments?post=6015"}],"wp:featuredmedia":[{"embeddable":true,"href":"https:\/\/rms-enlinea.com.ar\/tienda\/wp-json\/wp\/v2\/media\/6016"}],"wp:attachment":[{"href":"https:\/\/rms-enlinea.com.ar\/tienda\/wp-json\/wp\/v2\/media?parent=6015"}],"wp:term":[{"taxonomy":"product_brand","embeddable":true,"href":"https:\/\/rms-enlinea.com.ar\/tienda\/wp-json\/wp\/v2\/product_brand?post=6015"},{"taxonomy":"product_cat","embeddable":true,"href":"https:\/\/rms-enlinea.com.ar\/tienda\/wp-json\/wp\/v2\/product_cat?post=6015"},{"taxonomy":"product_tag","embeddable":true,"href":"https:\/\/rms-enlinea.com.ar\/tienda\/wp-json\/wp\/v2\/product_tag?post=6015"}],"curies":[{"name":"wp","href":"https:\/\/api.w.org\/{rel}","templated":true}]}}