{"id":60152,"date":"2025-12-30T13:30:18","date_gmt":"2025-12-30T16:30:18","guid":{"rendered":"https:\/\/rms-enlinea.com.ar\/tienda\/producto\/bafle-activo-xp-audio-yax15a-15-450w-rms-bluetooth\/"},"modified":"2026-04-21T05:52:53","modified_gmt":"2026-04-21T08:52:53","slug":"bafle-activo-xp-audio-yax15a-15-450w-rms-bluetooth","status":"publish","type":"product","link":"https:\/\/rms-enlinea.com.ar\/tienda\/producto\/bafle-activo-xp-audio-yax15a-15-450w-rms-bluetooth\/","title":{"rendered":"Bafle Activo Xp Audio Yax15a 15 450w Rms Bluetooth"},"content":{"rendered":"<p>Caracter\u00edsticas Principales:<\/p>\n<p>Sistema Bi-Amplificado: Permite un control independiente de los graves y agudos, ofreciendo una mayor precisi\u00f3n y flexibilidad en la configuraci\u00f3n del sonido.<br \/>\nWoofer de 15&#8243;: Proporciona bajos profundos y contundentes, ideales para m\u00fasica electr\u00f3nica, rock y otros g\u00e9neros que requieren una respuesta de graves s\u00f3lida.<br \/>\nDriver de compresi\u00f3n de titanio: Garantiza agudos n\u00edtidos y cristalinos, ofreciendo una reproducci\u00f3n detallada de voces e instrumentos.<br \/>\nAmplificador de Clase D: Ofrece una alta eficiencia y un bajo consumo de energ\u00eda, lo que se traduce en un sonido potente y claro.<br \/>\nM\u00faltiples entradas: XLR, Jack, para una mayor versatilidad.<br \/>\nDise\u00f1o robusto y port\u00e1til: Ideal para eventos en vivo, DJ y aplicaciones fijas.<br \/>\nEspecificaciones T\u00e9cnicas:<\/p>\n<p>Modelo: XP Audio YAX15A<br \/>\nTipo: Bafle Activo Full Range<br \/>\nPotencia RMS: 450W<br \/>\nWoofer: 15&#8243;<br \/>\nPeso neto: 23.75Kg<br \/>\nPeso bruto: 24.75Kg<br \/>\nDriver: 1.75&#8243; de titanio<br \/>\nConexiones: XLR, Jack, Bluetooth<br \/>\nDimensiones con caja: 50cm (ancho) x 76cm (alto) x 45cm (profundidad)<br \/>\nContenido de la Caja:<\/p>\n<p>Bafle XP Audio YAX15A<br \/>\nCable de alimentaci\u00f3n<br \/>\nManual de usuario<\/p>\n","protected":false},"excerpt":{"rendered":"<p>Caracter\u00edsticas Principales: Sistema Bi-Amplificado: Permite un control independiente de los graves y agudos, ofreciendo una mayor precisi\u00f3n y flexibilidad en la configuraci\u00f3n del sonido. Woofer de 15&#8243;: Proporciona bajos profundos y contundentes, ideales para m\u00fasica electr\u00f3nica, rock y otros g\u00e9neros que requieren una respuesta de graves s\u00f3lida. Driver de compresi\u00f3n de titanio: Garantiza agudos n\u00edtidos [&hellip;]<\/p>\n","protected":false},"featured_media":60153,"comment_status":"open","ping_status":"closed","template":"","meta":{"_uag_custom_page_level_css":""},"product_brand":[662],"product_cat":[36],"product_tag":[],"class_list":{"0":"post-60152","1":"product","2":"type-product","3":"status-publish","4":"has-post-thumbnail","6":"product_brand-xp-audio","7":"product_cat-bafles","9":"first","10":"outofstock","11":"sale","12":"taxable","13":"shipping-taxable","14":"purchasable","15":"product-type-simple"},"uagb_featured_image_src":{"full":["https:\/\/rms-enlinea.com.ar\/wp-content\/uploads\/2025\/12\/D_763732-MLA99937696313_112025-F.jpg",322,500,false],"thumbnail":["https:\/\/rms-enlinea.com.ar\/wp-content\/uploads\/2025\/12\/D_763732-MLA99937696313_112025-F-150x150.jpg",150,150,true],"medium":["https:\/\/rms-enlinea.com.ar\/wp-content\/uploads\/2025\/12\/D_763732-MLA99937696313_112025-F-193x300.jpg",193,300,true],"medium_large":["https:\/\/rms-enlinea.com.ar\/wp-content\/uploads\/2025\/12\/D_763732-MLA99937696313_112025-F.jpg",322,500,false],"large":["https:\/\/rms-enlinea.com.ar\/wp-content\/uploads\/2025\/12\/D_763732-MLA99937696313_112025-F.jpg",322,500,false],"1536x1536":["https:\/\/rms-enlinea.com.ar\/wp-content\/uploads\/2025\/12\/D_763732-MLA99937696313_112025-F.jpg",322,500,false],"2048x2048":["https:\/\/rms-enlinea.com.ar\/wp-content\/uploads\/2025\/12\/D_763732-MLA99937696313_112025-F.jpg",322,500,false],"woocommerce_thumbnail":["https:\/\/rms-enlinea.com.ar\/wp-content\/uploads\/2025\/12\/D_763732-MLA99937696313_112025-F-322x450.jpg",322,450,true],"woocommerce_single":["https:\/\/rms-enlinea.com.ar\/wp-content\/uploads\/2025\/12\/D_763732-MLA99937696313_112025-F.jpg",322,500,false],"woocommerce_gallery_thumbnail":["https:\/\/rms-enlinea.com.ar\/wp-content\/uploads\/2025\/12\/D_763732-MLA99937696313_112025-F-100x100.jpg",100,100,true]},"uagb_author_info":{"display_name":"mario","author_link":"https:\/\/rms-enlinea.com.ar\/tienda\/author\/"},"uagb_comment_info":0,"uagb_excerpt":"Caracter\u00edsticas Principales: Sistema Bi-Amplificado: Permite un control independiente de los graves y agudos, ofreciendo una mayor precisi\u00f3n y flexibilidad en la configuraci\u00f3n del sonido. Woofer de 15&#8243;: Proporciona bajos profundos y contundentes, ideales para m\u00fasica electr\u00f3nica, rock y otros g\u00e9neros que requieren una respuesta de graves s\u00f3lida. Driver de compresi\u00f3n de titanio: Garantiza agudos n\u00edtidos&hellip;","_links":{"self":[{"href":"https:\/\/rms-enlinea.com.ar\/tienda\/wp-json\/wp\/v2\/product\/60152","targetHints":{"allow":["GET"]}}],"collection":[{"href":"https:\/\/rms-enlinea.com.ar\/tienda\/wp-json\/wp\/v2\/product"}],"about":[{"href":"https:\/\/rms-enlinea.com.ar\/tienda\/wp-json\/wp\/v2\/types\/product"}],"replies":[{"embeddable":true,"href":"https:\/\/rms-enlinea.com.ar\/tienda\/wp-json\/wp\/v2\/comments?post=60152"}],"wp:featuredmedia":[{"embeddable":true,"href":"https:\/\/rms-enlinea.com.ar\/tienda\/wp-json\/wp\/v2\/media\/60153"}],"wp:attachment":[{"href":"https:\/\/rms-enlinea.com.ar\/tienda\/wp-json\/wp\/v2\/media?parent=60152"}],"wp:term":[{"taxonomy":"product_brand","embeddable":true,"href":"https:\/\/rms-enlinea.com.ar\/tienda\/wp-json\/wp\/v2\/product_brand?post=60152"},{"taxonomy":"product_cat","embeddable":true,"href":"https:\/\/rms-enlinea.com.ar\/tienda\/wp-json\/wp\/v2\/product_cat?post=60152"},{"taxonomy":"product_tag","embeddable":true,"href":"https:\/\/rms-enlinea.com.ar\/tienda\/wp-json\/wp\/v2\/product_tag?post=60152"}],"curies":[{"name":"wp","href":"https:\/\/api.w.org\/{rel}","templated":true}]}}