{"id":6023,"date":"2025-06-12T03:52:23","date_gmt":"2025-06-12T06:52:23","guid":{"rendered":"https:\/\/rms-enlinea.com.ar\/tienda\/producto\/kit-40-switch-kailh-3-pines-box-brown-tkl-mecanico-vsg\/"},"modified":"2026-04-21T03:43:17","modified_gmt":"2026-04-21T06:43:17","slug":"kit-40-switch-kailh-3-pines-box-brown-tkl-mecanico-vsg","status":"publish","type":"product","link":"https:\/\/rms-enlinea.com.ar\/tienda\/producto\/kit-40-switch-kailh-3-pines-box-brown-tkl-mecanico-vsg\/","title":{"rendered":"Kit 40 Switch Kailh 3 Pines Box Brown Tkl Mecanico Vsg"},"content":{"rendered":"<p>KIT X 80 UNIDADES COMPATIBLE CON LOS TECLADOS DE LA MARCA VSG BELLATRIX O OTROS QUE USEN SWITCH KAILH DE 3 PINES<\/p>\n<p>VIDA \u00daTIL: 80 MILLONES DE PULSACIONES<br \/>\nOPERACI\u00d3N: 12V 10MA<br \/>\nRESIS. DE CONTACTO: 200MOHMS<br \/>\nRESIS. DE AISLAMIENTO: 100MOHMS<br \/>\nTIEMPO DE OSCILACI\u00d3N: &#8211; 5MS<br \/>\nDISTANCIA TOTAL: 3.6+-0.3 MM<\/p>\n<p>BOX MARRON<br \/>\nSENSACI\u00d3N: TACTIL<br \/>\nFUERZA DE ACTUACI\u00d3N: 45+-15GF<br \/>\nDISTANCIA DE ACTUACI\u00d3N: 1.8+-0.3 MM<\/p>\n","protected":false},"excerpt":{"rendered":"<p>KIT X 80 UNIDADES COMPATIBLE CON LOS TECLADOS DE LA MARCA VSG BELLATRIX O OTROS QUE USEN SWITCH KAILH DE 3 PINES VIDA \u00daTIL: 80 MILLONES DE PULSACIONES OPERACI\u00d3N: 12V 10MA RESIS. DE CONTACTO: 200MOHMS RESIS. DE AISLAMIENTO: 100MOHMS TIEMPO DE OSCILACI\u00d3N: &#8211; 5MS DISTANCIA TOTAL: 3.6+-0.3 MM BOX MARRON SENSACI\u00d3N: TACTIL FUERZA DE ACTUACI\u00d3N: [&hellip;]<\/p>\n","protected":false},"featured_media":6024,"comment_status":"open","ping_status":"closed","template":"","meta":{"_uag_custom_page_level_css":""},"product_brand":[544],"product_cat":[126],"product_tag":[],"class_list":{"0":"post-6023","1":"product","2":"type-product","3":"status-publish","4":"has-post-thumbnail","6":"product_brand-vsg","7":"product_cat-switch-y-keycaps","9":"first","10":"outofstock","11":"sale","12":"taxable","13":"shipping-taxable","14":"purchasable","15":"product-type-simple"},"uagb_featured_image_src":{"full":["https:\/\/rms-enlinea.com.ar\/wp-content\/uploads\/2025\/06\/D_636713-MLA46528765548_062021-F.jpg",704,662,false],"thumbnail":["https:\/\/rms-enlinea.com.ar\/wp-content\/uploads\/2025\/06\/D_636713-MLA46528765548_062021-F-150x150.jpg",150,150,true],"medium":["https:\/\/rms-enlinea.com.ar\/wp-content\/uploads\/2025\/06\/D_636713-MLA46528765548_062021-F-300x282.jpg",300,282,true],"medium_large":["https:\/\/rms-enlinea.com.ar\/wp-content\/uploads\/2025\/06\/D_636713-MLA46528765548_062021-F.jpg",704,662,false],"large":["https:\/\/rms-enlinea.com.ar\/wp-content\/uploads\/2025\/06\/D_636713-MLA46528765548_062021-F.jpg",704,662,false],"1536x1536":["https:\/\/rms-enlinea.com.ar\/wp-content\/uploads\/2025\/06\/D_636713-MLA46528765548_062021-F.jpg",704,662,false],"2048x2048":["https:\/\/rms-enlinea.com.ar\/wp-content\/uploads\/2025\/06\/D_636713-MLA46528765548_062021-F.jpg",704,662,false],"woocommerce_thumbnail":["https:\/\/rms-enlinea.com.ar\/wp-content\/uploads\/2025\/06\/D_636713-MLA46528765548_062021-F-450x450.jpg",450,450,true],"woocommerce_single":["https:\/\/rms-enlinea.com.ar\/wp-content\/uploads\/2025\/06\/D_636713-MLA46528765548_062021-F-600x564.jpg",600,564,true],"woocommerce_gallery_thumbnail":["https:\/\/rms-enlinea.com.ar\/wp-content\/uploads\/2025\/06\/D_636713-MLA46528765548_062021-F-100x100.jpg",100,100,true]},"uagb_author_info":{"display_name":"l0071054","author_link":"https:\/\/rms-enlinea.com.ar\/tienda\/author\/"},"uagb_comment_info":0,"uagb_excerpt":"KIT X 80 UNIDADES COMPATIBLE CON LOS TECLADOS DE LA MARCA VSG BELLATRIX O OTROS QUE USEN SWITCH KAILH DE 3 PINES VIDA \u00daTIL: 80 MILLONES DE PULSACIONES OPERACI\u00d3N: 12V 10MA RESIS. DE CONTACTO: 200MOHMS RESIS. DE AISLAMIENTO: 100MOHMS TIEMPO DE OSCILACI\u00d3N: &#8211; 5MS DISTANCIA TOTAL: 3.6+-0.3 MM BOX MARRON SENSACI\u00d3N: TACTIL FUERZA DE ACTUACI\u00d3N:&hellip;","_links":{"self":[{"href":"https:\/\/rms-enlinea.com.ar\/tienda\/wp-json\/wp\/v2\/product\/6023","targetHints":{"allow":["GET"]}}],"collection":[{"href":"https:\/\/rms-enlinea.com.ar\/tienda\/wp-json\/wp\/v2\/product"}],"about":[{"href":"https:\/\/rms-enlinea.com.ar\/tienda\/wp-json\/wp\/v2\/types\/product"}],"replies":[{"embeddable":true,"href":"https:\/\/rms-enlinea.com.ar\/tienda\/wp-json\/wp\/v2\/comments?post=6023"}],"wp:featuredmedia":[{"embeddable":true,"href":"https:\/\/rms-enlinea.com.ar\/tienda\/wp-json\/wp\/v2\/media\/6024"}],"wp:attachment":[{"href":"https:\/\/rms-enlinea.com.ar\/tienda\/wp-json\/wp\/v2\/media?parent=6023"}],"wp:term":[{"taxonomy":"product_brand","embeddable":true,"href":"https:\/\/rms-enlinea.com.ar\/tienda\/wp-json\/wp\/v2\/product_brand?post=6023"},{"taxonomy":"product_cat","embeddable":true,"href":"https:\/\/rms-enlinea.com.ar\/tienda\/wp-json\/wp\/v2\/product_cat?post=6023"},{"taxonomy":"product_tag","embeddable":true,"href":"https:\/\/rms-enlinea.com.ar\/tienda\/wp-json\/wp\/v2\/product_tag?post=6023"}],"curies":[{"name":"wp","href":"https:\/\/api.w.org\/{rel}","templated":true}]}}