{"id":60248,"date":"2026-01-03T01:20:23","date_gmt":"2026-01-03T04:20:23","guid":{"rendered":"https:\/\/rms-enlinea.com.ar\/tienda\/producto\/ups-estabilizador-1500va-900w-lyonn-ctb-1500ap-led-usb\/"},"modified":"2026-04-11T11:10:13","modified_gmt":"2026-04-11T14:10:13","slug":"ups-estabilizador-1500va-900w-lyonn-ctb-1500ap-led-usb","status":"publish","type":"product","link":"https:\/\/rms-enlinea.com.ar\/tienda\/producto\/ups-estabilizador-1500va-900w-lyonn-ctb-1500ap-led-usb\/","title":{"rendered":"Ups Estabilizador 1500va 900w Lyonn Ctb-1500ap Led Usb"},"content":{"rendered":"<p>Interfaces de comunicaci\u00f3n<\/p>\n<p>USB<br \/>Profundidad<\/p>\n<p>320 mm<br \/>Altura<\/p>\n<p>182 mm<br \/>Voltaje de entrada<\/p>\n<p>220V<br \/>Rango de voltaje de entrada<\/p>\n<p>220<br \/>Rango de voltaje de entrada CA<\/p>\n<p>230<br \/>Embalaje del env\u00edo<\/p>\n<p>Auto-despachable<br \/>Dispositivos aptos<\/p>\n<p>Faxes,M\u00f3dems<br \/>Denominaci\u00f3n de voltaje<\/p>\n<p>Monovolt<br \/>Peso<\/p>\n<p>10.4 kg<br \/>Marca<\/p>\n<p>Lyonn<br \/>Condici\u00f3n del \u00edtem<\/p>\n<p>Nuevo<br \/>L\u00ednea<\/p>\n<p>Desire CTB<br \/>Modelo<\/p>\n<p>CTB-1500<br \/>Voltaje de salida<\/p>\n<p>220V<br \/>Potencia pico<\/p>\n<p>1500VA<br \/>Ancho<\/p>\n<p>130 mm<br \/>Tipos de producto<\/p>\n<p>UPS<\/p>\n","protected":false},"excerpt":{"rendered":"<p>Interfaces de comunicaci\u00f3n USBProfundidad 320 mmAltura 182 mmVoltaje de entrada 220VRango de voltaje de entrada 220Rango de voltaje de entrada CA 230Embalaje del env\u00edo Auto-despachableDispositivos aptos Faxes,M\u00f3demsDenominaci\u00f3n de voltaje MonovoltPeso 10.4 kgMarca LyonnCondici\u00f3n del \u00edtem NuevoL\u00ednea Desire CTBModelo CTB-1500Voltaje de salida 220VPotencia pico 1500VAAncho 130 mmTipos de producto UPS<\/p>\n","protected":false},"featured_media":21807,"comment_status":"open","ping_status":"closed","template":"","meta":{"_uag_custom_page_level_css":""},"product_brand":[569],"product_cat":[107,15],"product_tag":[],"class_list":{"0":"post-60248","1":"product","2":"type-product","3":"status-publish","4":"has-post-thumbnail","6":"product_brand-lyonn","7":"product_cat-estabilizadores-y-ups","8":"product_cat-sin-categorizar","10":"first","11":"outofstock","12":"sale","13":"taxable","14":"shipping-taxable","15":"purchasable","16":"product-type-simple"},"uagb_featured_image_src":{"full":["https:\/\/rms-enlinea.com.ar\/wp-content\/uploads\/2025\/06\/D_621340-MLU73419413589_122023-F.jpg",931,950,false],"thumbnail":["https:\/\/rms-enlinea.com.ar\/wp-content\/uploads\/2025\/06\/D_621340-MLU73419413589_122023-F-150x150.jpg",150,150,true],"medium":["https:\/\/rms-enlinea.com.ar\/wp-content\/uploads\/2025\/06\/D_621340-MLU73419413589_122023-F-294x300.jpg",294,300,true],"medium_large":["https:\/\/rms-enlinea.com.ar\/wp-content\/uploads\/2025\/06\/D_621340-MLU73419413589_122023-F-768x784.jpg",768,784,true],"large":["https:\/\/rms-enlinea.com.ar\/wp-content\/uploads\/2025\/06\/D_621340-MLU73419413589_122023-F.jpg",931,950,false],"1536x1536":["https:\/\/rms-enlinea.com.ar\/wp-content\/uploads\/2025\/06\/D_621340-MLU73419413589_122023-F.jpg",931,950,false],"2048x2048":["https:\/\/rms-enlinea.com.ar\/wp-content\/uploads\/2025\/06\/D_621340-MLU73419413589_122023-F.jpg",931,950,false],"woocommerce_thumbnail":["https:\/\/rms-enlinea.com.ar\/wp-content\/uploads\/2025\/06\/D_621340-MLU73419413589_122023-F-450x450.jpg",450,450,true],"woocommerce_single":["https:\/\/rms-enlinea.com.ar\/wp-content\/uploads\/2025\/06\/D_621340-MLU73419413589_122023-F-600x612.jpg",600,612,true],"woocommerce_gallery_thumbnail":["https:\/\/rms-enlinea.com.ar\/wp-content\/uploads\/2025\/06\/D_621340-MLU73419413589_122023-F-100x100.jpg",100,100,true]},"uagb_author_info":{"display_name":"nelson","author_link":"https:\/\/rms-enlinea.com.ar\/tienda\/author\/"},"uagb_comment_info":0,"uagb_excerpt":"Interfaces de comunicaci\u00f3n USBProfundidad 320 mmAltura 182 mmVoltaje de entrada 220VRango de voltaje de entrada 220Rango de voltaje de entrada CA 230Embalaje del env\u00edo Auto-despachableDispositivos aptos Faxes,M\u00f3demsDenominaci\u00f3n de voltaje MonovoltPeso 10.4 kgMarca LyonnCondici\u00f3n del \u00edtem NuevoL\u00ednea Desire CTBModelo CTB-1500Voltaje de salida 220VPotencia pico 1500VAAncho 130 mmTipos de producto UPS","_links":{"self":[{"href":"https:\/\/rms-enlinea.com.ar\/tienda\/wp-json\/wp\/v2\/product\/60248","targetHints":{"allow":["GET"]}}],"collection":[{"href":"https:\/\/rms-enlinea.com.ar\/tienda\/wp-json\/wp\/v2\/product"}],"about":[{"href":"https:\/\/rms-enlinea.com.ar\/tienda\/wp-json\/wp\/v2\/types\/product"}],"replies":[{"embeddable":true,"href":"https:\/\/rms-enlinea.com.ar\/tienda\/wp-json\/wp\/v2\/comments?post=60248"}],"wp:featuredmedia":[{"embeddable":true,"href":"https:\/\/rms-enlinea.com.ar\/tienda\/wp-json\/wp\/v2\/media\/21807"}],"wp:attachment":[{"href":"https:\/\/rms-enlinea.com.ar\/tienda\/wp-json\/wp\/v2\/media?parent=60248"}],"wp:term":[{"taxonomy":"product_brand","embeddable":true,"href":"https:\/\/rms-enlinea.com.ar\/tienda\/wp-json\/wp\/v2\/product_brand?post=60248"},{"taxonomy":"product_cat","embeddable":true,"href":"https:\/\/rms-enlinea.com.ar\/tienda\/wp-json\/wp\/v2\/product_cat?post=60248"},{"taxonomy":"product_tag","embeddable":true,"href":"https:\/\/rms-enlinea.com.ar\/tienda\/wp-json\/wp\/v2\/product_tag?post=60248"}],"curies":[{"name":"wp","href":"https:\/\/api.w.org\/{rel}","templated":true}]}}