{"id":60279,"date":"2026-01-06T19:02:19","date_gmt":"2026-01-06T22:02:19","guid":{"rendered":"https:\/\/rms-enlinea.com.ar\/tienda\/producto\/auricular-gamer-raptor-inferno-pro-x-7-1-wireless-c-dongle\/"},"modified":"2026-04-21T04:12:22","modified_gmt":"2026-04-21T07:12:22","slug":"auricular-gamer-raptor-inferno-pro-x-7-1-wireless-c-dongle","status":"publish","type":"product","link":"https:\/\/rms-enlinea.com.ar\/tienda\/producto\/auricular-gamer-raptor-inferno-pro-x-7-1-wireless-c-dongle\/","title":{"rendered":"Auricular Gamer Raptor Inferno Pro X 7.1 Wireless C\/dongle"},"content":{"rendered":"<p>Descripci\u00f3n<br \/>\nProtocolos compatibles A2DP, AVRCP, HFP<br \/>\nFrecuencia de operaci\u00f3n 2.402 GHz 2.480 GHz<br \/>\nVoltaje de entrada para carga DC 4.6\u20135.5 V<br \/>\nAlerta de baja tensi\u00f3n 3.4 V<br \/>\nTiempo de carga Aproximadamente 2.5 horas<br \/>\nCapacidad de la bater\u00eda 1000 mAh<br \/>\nDistancia de recepci\u00f3n Menos de 10 metros<br \/>\nCorriente de carga 2500 mA<br \/>\nM\u00e9todo de decodificaci\u00f3n de audio SBC<br \/>\nTiempo de apagado autom\u00e1tico 5 minutos (en estado desconectado)<br \/>\nNombre de conexi\u00f3n inal\u00e1mbrica RAP AURBT2<\/p>\n","protected":false},"excerpt":{"rendered":"<p>Descripci\u00f3n Protocolos compatibles A2DP, AVRCP, HFP Frecuencia de operaci\u00f3n 2.402 GHz 2.480 GHz Voltaje de entrada para carga DC 4.6\u20135.5 V Alerta de baja tensi\u00f3n 3.4 V Tiempo de carga Aproximadamente 2.5 horas Capacidad de la bater\u00eda 1000 mAh Distancia de recepci\u00f3n Menos de 10 metros Corriente de carga 2500 mA M\u00e9todo de decodificaci\u00f3n de [&hellip;]<\/p>\n","protected":false},"featured_media":60280,"comment_status":"open","ping_status":"closed","template":"","meta":{"_uag_custom_page_level_css":""},"product_brand":[572],"product_cat":[99,15],"product_tag":[],"class_list":{"0":"post-60279","1":"product","2":"type-product","3":"status-publish","4":"has-post-thumbnail","6":"product_brand-raptor-gaming","7":"product_cat-auriculares-computacion","8":"product_cat-sin-categorizar","10":"first","11":"outofstock","12":"sale","13":"taxable","14":"shipping-taxable","15":"purchasable","16":"product-type-simple"},"uagb_featured_image_src":{"full":["https:\/\/rms-enlinea.com.ar\/wp-content\/uploads\/2026\/01\/D_723150-MLA103888352767_012026-F.jpg",1009,1200,false],"thumbnail":["https:\/\/rms-enlinea.com.ar\/wp-content\/uploads\/2026\/01\/D_723150-MLA103888352767_012026-F-150x150.jpg",150,150,true],"medium":["https:\/\/rms-enlinea.com.ar\/wp-content\/uploads\/2026\/01\/D_723150-MLA103888352767_012026-F-252x300.jpg",252,300,true],"medium_large":["https:\/\/rms-enlinea.com.ar\/wp-content\/uploads\/2026\/01\/D_723150-MLA103888352767_012026-F-768x913.jpg",768,913,true],"large":["https:\/\/rms-enlinea.com.ar\/wp-content\/uploads\/2026\/01\/D_723150-MLA103888352767_012026-F-861x1024.jpg",861,1024,true],"1536x1536":["https:\/\/rms-enlinea.com.ar\/wp-content\/uploads\/2026\/01\/D_723150-MLA103888352767_012026-F.jpg",1009,1200,false],"2048x2048":["https:\/\/rms-enlinea.com.ar\/wp-content\/uploads\/2026\/01\/D_723150-MLA103888352767_012026-F.jpg",1009,1200,false],"woocommerce_thumbnail":["https:\/\/rms-enlinea.com.ar\/wp-content\/uploads\/2026\/01\/D_723150-MLA103888352767_012026-F-450x450.jpg",450,450,true],"woocommerce_single":["https:\/\/rms-enlinea.com.ar\/wp-content\/uploads\/2026\/01\/D_723150-MLA103888352767_012026-F-600x714.jpg",600,714,true],"woocommerce_gallery_thumbnail":["https:\/\/rms-enlinea.com.ar\/wp-content\/uploads\/2026\/01\/D_723150-MLA103888352767_012026-F-100x100.jpg",100,100,true]},"uagb_author_info":{"display_name":"nelson","author_link":"https:\/\/rms-enlinea.com.ar\/tienda\/author\/"},"uagb_comment_info":0,"uagb_excerpt":"Descripci\u00f3n Protocolos compatibles A2DP, AVRCP, HFP Frecuencia de operaci\u00f3n 2.402 GHz 2.480 GHz Voltaje de entrada para carga DC 4.6\u20135.5 V Alerta de baja tensi\u00f3n 3.4 V Tiempo de carga Aproximadamente 2.5 horas Capacidad de la bater\u00eda 1000 mAh Distancia de recepci\u00f3n Menos de 10 metros Corriente de carga 2500 mA M\u00e9todo de decodificaci\u00f3n de&hellip;","_links":{"self":[{"href":"https:\/\/rms-enlinea.com.ar\/tienda\/wp-json\/wp\/v2\/product\/60279","targetHints":{"allow":["GET"]}}],"collection":[{"href":"https:\/\/rms-enlinea.com.ar\/tienda\/wp-json\/wp\/v2\/product"}],"about":[{"href":"https:\/\/rms-enlinea.com.ar\/tienda\/wp-json\/wp\/v2\/types\/product"}],"replies":[{"embeddable":true,"href":"https:\/\/rms-enlinea.com.ar\/tienda\/wp-json\/wp\/v2\/comments?post=60279"}],"wp:featuredmedia":[{"embeddable":true,"href":"https:\/\/rms-enlinea.com.ar\/tienda\/wp-json\/wp\/v2\/media\/60280"}],"wp:attachment":[{"href":"https:\/\/rms-enlinea.com.ar\/tienda\/wp-json\/wp\/v2\/media?parent=60279"}],"wp:term":[{"taxonomy":"product_brand","embeddable":true,"href":"https:\/\/rms-enlinea.com.ar\/tienda\/wp-json\/wp\/v2\/product_brand?post=60279"},{"taxonomy":"product_cat","embeddable":true,"href":"https:\/\/rms-enlinea.com.ar\/tienda\/wp-json\/wp\/v2\/product_cat?post=60279"},{"taxonomy":"product_tag","embeddable":true,"href":"https:\/\/rms-enlinea.com.ar\/tienda\/wp-json\/wp\/v2\/product_tag?post=60279"}],"curies":[{"name":"wp","href":"https:\/\/api.w.org\/{rel}","templated":true}]}}