{"id":60285,"date":"2026-01-06T19:02:35","date_gmt":"2026-01-06T22:02:35","guid":{"rendered":"https:\/\/rms-enlinea.com.ar\/tienda\/producto\/parlante-kelyx-bluetooth-1-altavoz-5w-rgb-microsd-usb\/"},"modified":"2026-04-02T23:58:34","modified_gmt":"2026-04-03T02:58:34","slug":"parlante-kelyx-bluetooth-1-altavoz-5w-rgb-microsd-usb","status":"publish","type":"product","link":"https:\/\/rms-enlinea.com.ar\/tienda\/producto\/parlante-kelyx-bluetooth-1-altavoz-5w-rgb-microsd-usb\/","title":{"rendered":"Parlante Kelyx Bluetooth 1 Altavoz 5w Rgb Microsd \/ Usb"},"content":{"rendered":"<p>Resistencia al agua<\/p>\n<p>IPX4<\/p>\n<p>Versi\u00f3n de Bluetooth<\/p>\n<p>5.3<\/p>\n<p>Nombre de Bluetooth<\/p>\n<p>KELYX PARL BT3<\/p>\n<p>Potencia<\/p>\n<p>5 W<\/p>\n<p>Capacidad de la bater\u00eda<\/p>\n<p>2400 mAh<\/p>\n<p>Tiempo de reproducci\u00f3n<\/p>\n<p>5-6 horas<\/p>\n<p>Tiempo de carga<\/p>\n<p>1-3 horas<\/p>\n<p>Conectividad<\/p>\n<p>Bluetooth, USB, tarjeta TF\/SD, AUX (entrada de audio de 3,5 mm)<\/p>\n<p>Radio<\/p>\n<p>Modo radio FM disponible, utilizando el cable de carga como antena.<\/p>\n<p>Emparejamiento TWS<\/p>\n<p>Permite emparejar dos altavoces.<\/p>\n","protected":false},"excerpt":{"rendered":"<p>Resistencia al agua IPX4 Versi\u00f3n de Bluetooth 5.3 Nombre de Bluetooth KELYX PARL BT3 Potencia 5 W Capacidad de la bater\u00eda 2400 mAh Tiempo de reproducci\u00f3n 5-6 horas Tiempo de carga 1-3 horas Conectividad Bluetooth, USB, tarjeta TF\/SD, AUX (entrada de audio de 3,5 mm) Radio Modo radio FM disponible, utilizando el cable de carga [&hellip;]<\/p>\n","protected":false},"featured_media":60286,"comment_status":"open","ping_status":"closed","template":"","meta":{"_uag_custom_page_level_css":""},"product_brand":[571],"product_cat":[15,124],"product_tag":[],"class_list":{"0":"post-60285","1":"product","2":"type-product","3":"status-publish","4":"has-post-thumbnail","6":"product_brand-kelyx","7":"product_cat-sin-categorizar","8":"product_cat-sistemas-de-sonido-parlantes","10":"first","11":"instock","12":"sale","13":"taxable","14":"shipping-taxable","15":"purchasable","16":"product-type-simple"},"uagb_featured_image_src":{"full":["https:\/\/rms-enlinea.com.ar\/wp-content\/uploads\/2026\/01\/D_634378-MLA103888984833_012026-F.jpg",586,830,false],"thumbnail":["https:\/\/rms-enlinea.com.ar\/wp-content\/uploads\/2026\/01\/D_634378-MLA103888984833_012026-F-150x150.jpg",150,150,true],"medium":["https:\/\/rms-enlinea.com.ar\/wp-content\/uploads\/2026\/01\/D_634378-MLA103888984833_012026-F-212x300.jpg",212,300,true],"medium_large":["https:\/\/rms-enlinea.com.ar\/wp-content\/uploads\/2026\/01\/D_634378-MLA103888984833_012026-F.jpg",586,830,false],"large":["https:\/\/rms-enlinea.com.ar\/wp-content\/uploads\/2026\/01\/D_634378-MLA103888984833_012026-F.jpg",586,830,false],"1536x1536":["https:\/\/rms-enlinea.com.ar\/wp-content\/uploads\/2026\/01\/D_634378-MLA103888984833_012026-F.jpg",586,830,false],"2048x2048":["https:\/\/rms-enlinea.com.ar\/wp-content\/uploads\/2026\/01\/D_634378-MLA103888984833_012026-F.jpg",586,830,false],"woocommerce_thumbnail":["https:\/\/rms-enlinea.com.ar\/wp-content\/uploads\/2026\/01\/D_634378-MLA103888984833_012026-F-450x450.jpg",450,450,true],"woocommerce_single":["https:\/\/rms-enlinea.com.ar\/wp-content\/uploads\/2026\/01\/D_634378-MLA103888984833_012026-F.jpg",586,830,false],"woocommerce_gallery_thumbnail":["https:\/\/rms-enlinea.com.ar\/wp-content\/uploads\/2026\/01\/D_634378-MLA103888984833_012026-F-100x100.jpg",100,100,true]},"uagb_author_info":{"display_name":"nelson","author_link":"https:\/\/rms-enlinea.com.ar\/tienda\/author\/"},"uagb_comment_info":0,"uagb_excerpt":"Resistencia al agua IPX4 Versi\u00f3n de Bluetooth 5.3 Nombre de Bluetooth KELYX PARL BT3 Potencia 5 W Capacidad de la bater\u00eda 2400 mAh Tiempo de reproducci\u00f3n 5-6 horas Tiempo de carga 1-3 horas Conectividad Bluetooth, USB, tarjeta TF\/SD, AUX (entrada de audio de 3,5 mm) Radio Modo radio FM disponible, utilizando el cable de carga&hellip;","_links":{"self":[{"href":"https:\/\/rms-enlinea.com.ar\/tienda\/wp-json\/wp\/v2\/product\/60285","targetHints":{"allow":["GET"]}}],"collection":[{"href":"https:\/\/rms-enlinea.com.ar\/tienda\/wp-json\/wp\/v2\/product"}],"about":[{"href":"https:\/\/rms-enlinea.com.ar\/tienda\/wp-json\/wp\/v2\/types\/product"}],"replies":[{"embeddable":true,"href":"https:\/\/rms-enlinea.com.ar\/tienda\/wp-json\/wp\/v2\/comments?post=60285"}],"wp:featuredmedia":[{"embeddable":true,"href":"https:\/\/rms-enlinea.com.ar\/tienda\/wp-json\/wp\/v2\/media\/60286"}],"wp:attachment":[{"href":"https:\/\/rms-enlinea.com.ar\/tienda\/wp-json\/wp\/v2\/media?parent=60285"}],"wp:term":[{"taxonomy":"product_brand","embeddable":true,"href":"https:\/\/rms-enlinea.com.ar\/tienda\/wp-json\/wp\/v2\/product_brand?post=60285"},{"taxonomy":"product_cat","embeddable":true,"href":"https:\/\/rms-enlinea.com.ar\/tienda\/wp-json\/wp\/v2\/product_cat?post=60285"},{"taxonomy":"product_tag","embeddable":true,"href":"https:\/\/rms-enlinea.com.ar\/tienda\/wp-json\/wp\/v2\/product_tag?post=60285"}],"curies":[{"name":"wp","href":"https:\/\/api.w.org\/{rel}","templated":true}]}}