{"id":6029,"date":"2025-06-12T03:52:27","date_gmt":"2025-06-12T06:52:27","guid":{"rendered":"https:\/\/rms-enlinea.com.ar\/tienda\/producto\/kit-x-40-switch-kailh-box-white-vsg-swch-box-wht\/"},"modified":"2026-03-31T20:40:15","modified_gmt":"2026-03-31T23:40:15","slug":"kit-x-40-switch-kailh-box-white-vsg-swch-box-wht","status":"publish","type":"product","link":"https:\/\/rms-enlinea.com.ar\/tienda\/producto\/kit-x-40-switch-kailh-box-white-vsg-swch-box-wht\/","title":{"rendered":"Kit X 40 Switch Kailh Box White Vsg Swch-box-wht"},"content":{"rendered":"<p>VIDA \u00daTIL: 80 MILLONES DE PULSACIONES<br \/>\nOPERACI\u00d3N: 12V 10MA<br \/>\nRESIS. DE CONTACTO: 200M<br \/>\nRESIS. DE AISLAMIENTO: 100M<br \/>\nTIEMPO DE OSCILACI\u00d3N: 5MS<br \/>\nDISTANCIA TOTAL: 3.6 0.3 MM<\/p>\n<p>BOX BLANCO<br \/>\nSENSACI\u00d3N: CLICKY<br \/>\nFUERZA DE ACTUACI\u00d3N: 45 15GF<br \/>\nDISTANCIA DE ACTUACI\u00d3N: 1.8 0.3 MM<\/p>\n","protected":false},"excerpt":{"rendered":"<p>VIDA \u00daTIL: 80 MILLONES DE PULSACIONES OPERACI\u00d3N: 12V 10MA RESIS. DE CONTACTO: 200M RESIS. DE AISLAMIENTO: 100M TIEMPO DE OSCILACI\u00d3N: 5MS DISTANCIA TOTAL: 3.6 0.3 MM BOX BLANCO SENSACI\u00d3N: CLICKY FUERZA DE ACTUACI\u00d3N: 45 15GF DISTANCIA DE ACTUACI\u00d3N: 1.8 0.3 MM<\/p>\n","protected":false},"featured_media":6030,"comment_status":"open","ping_status":"closed","template":"","meta":{"_uag_custom_page_level_css":""},"product_brand":[544],"product_cat":[126],"product_tag":[],"class_list":{"0":"post-6029","1":"product","2":"type-product","3":"status-publish","4":"has-post-thumbnail","6":"product_brand-vsg","7":"product_cat-switch-y-keycaps","9":"first","10":"outofstock","11":"sale","12":"taxable","13":"shipping-taxable","14":"purchasable","15":"product-type-simple"},"uagb_featured_image_src":{"full":["https:\/\/rms-enlinea.com.ar\/wp-content\/uploads\/2025\/06\/D_990879-MLA53886190253_022023-F.jpg",704,652,false],"thumbnail":["https:\/\/rms-enlinea.com.ar\/wp-content\/uploads\/2025\/06\/D_990879-MLA53886190253_022023-F-150x150.jpg",150,150,true],"medium":["https:\/\/rms-enlinea.com.ar\/wp-content\/uploads\/2025\/06\/D_990879-MLA53886190253_022023-F-300x278.jpg",300,278,true],"medium_large":["https:\/\/rms-enlinea.com.ar\/wp-content\/uploads\/2025\/06\/D_990879-MLA53886190253_022023-F.jpg",704,652,false],"large":["https:\/\/rms-enlinea.com.ar\/wp-content\/uploads\/2025\/06\/D_990879-MLA53886190253_022023-F.jpg",704,652,false],"1536x1536":["https:\/\/rms-enlinea.com.ar\/wp-content\/uploads\/2025\/06\/D_990879-MLA53886190253_022023-F.jpg",704,652,false],"2048x2048":["https:\/\/rms-enlinea.com.ar\/wp-content\/uploads\/2025\/06\/D_990879-MLA53886190253_022023-F.jpg",704,652,false],"woocommerce_thumbnail":["https:\/\/rms-enlinea.com.ar\/wp-content\/uploads\/2025\/06\/D_990879-MLA53886190253_022023-F-450x450.jpg",450,450,true],"woocommerce_single":["https:\/\/rms-enlinea.com.ar\/wp-content\/uploads\/2025\/06\/D_990879-MLA53886190253_022023-F-600x556.jpg",600,556,true],"woocommerce_gallery_thumbnail":["https:\/\/rms-enlinea.com.ar\/wp-content\/uploads\/2025\/06\/D_990879-MLA53886190253_022023-F-100x100.jpg",100,100,true]},"uagb_author_info":{"display_name":"l0071054","author_link":"https:\/\/rms-enlinea.com.ar\/tienda\/author\/"},"uagb_comment_info":0,"uagb_excerpt":"VIDA \u00daTIL: 80 MILLONES DE PULSACIONES OPERACI\u00d3N: 12V 10MA RESIS. DE CONTACTO: 200M RESIS. DE AISLAMIENTO: 100M TIEMPO DE OSCILACI\u00d3N: 5MS DISTANCIA TOTAL: 3.6 0.3 MM BOX BLANCO SENSACI\u00d3N: CLICKY FUERZA DE ACTUACI\u00d3N: 45 15GF DISTANCIA DE ACTUACI\u00d3N: 1.8 0.3 MM","_links":{"self":[{"href":"https:\/\/rms-enlinea.com.ar\/tienda\/wp-json\/wp\/v2\/product\/6029","targetHints":{"allow":["GET"]}}],"collection":[{"href":"https:\/\/rms-enlinea.com.ar\/tienda\/wp-json\/wp\/v2\/product"}],"about":[{"href":"https:\/\/rms-enlinea.com.ar\/tienda\/wp-json\/wp\/v2\/types\/product"}],"replies":[{"embeddable":true,"href":"https:\/\/rms-enlinea.com.ar\/tienda\/wp-json\/wp\/v2\/comments?post=6029"}],"wp:featuredmedia":[{"embeddable":true,"href":"https:\/\/rms-enlinea.com.ar\/tienda\/wp-json\/wp\/v2\/media\/6030"}],"wp:attachment":[{"href":"https:\/\/rms-enlinea.com.ar\/tienda\/wp-json\/wp\/v2\/media?parent=6029"}],"wp:term":[{"taxonomy":"product_brand","embeddable":true,"href":"https:\/\/rms-enlinea.com.ar\/tienda\/wp-json\/wp\/v2\/product_brand?post=6029"},{"taxonomy":"product_cat","embeddable":true,"href":"https:\/\/rms-enlinea.com.ar\/tienda\/wp-json\/wp\/v2\/product_cat?post=6029"},{"taxonomy":"product_tag","embeddable":true,"href":"https:\/\/rms-enlinea.com.ar\/tienda\/wp-json\/wp\/v2\/product_tag?post=6029"}],"curies":[{"name":"wp","href":"https:\/\/api.w.org\/{rel}","templated":true}]}}