{"id":60290,"date":"2026-01-07T02:10:08","date_gmt":"2026-01-07T05:10:08","guid":{"rendered":"https:\/\/rms-enlinea.com.ar\/tienda\/producto\/torre-de-elevacion-telescopica-truss-raptor-tt-5-2-5-2m\/"},"modified":"2026-04-14T01:50:16","modified_gmt":"2026-04-14T04:50:16","slug":"torre-de-elevacion-telescopica-truss-raptor-tt-5-2-5-2m","status":"publish","type":"product","link":"https:\/\/rms-enlinea.com.ar\/tienda\/producto\/torre-de-elevacion-telescopica-truss-raptor-tt-5-2-5-2m\/","title":{"rendered":"Torre De Elevacion 5.2m 200kg Telescopica Trussraptor Tt-5.2"},"content":{"rendered":"<p>\/\/\/ IMPORTANTE &#8211; LEER ANTES DE OFERTAR:<\/p>\n<p>&#8211; Este producto NO se env\u00eda por Mercado Env\u00edos por su tama\u00f1o y peso.<\/p>\n<p>&#8211; Al comprar, deb\u00e9s elegir la opci\u00f3n &#8220;Retiro en domicilio del vendedor&#8221;.<\/p>\n<p>&#8211; Pod\u00e9s retirar el producto personalmente o solicitar env\u00edo por transporte V\u00eda Cargo.<\/p>\n<p>&#8211; El env\u00edo se abona al recibir el paquete (pago en destino) y est\u00e1 a cargo del comprador.<\/p>\n<p>&#8211; El envio se retira en la terminal acordada.<\/p>\n<p>LAS IMAGENES SON ILUSTRATIVAS, EL PRODUCTO PUEDE TENER MODIFICACIONES EN EL MOMENTO DE FABRICACION (ejemplo color de manijas, ruedas etc)<\/p>\n<p>\u00a1Elev\u00e1 tus estructuras con m\u00e1xima seguridad! La torre Truss Raptor es la soluci\u00f3n profesional para el montaje de Truss y sistemas de iluminaci\u00f3n. Indispensable para cualquier empresa de eventos.<\/p>\n<p>Especificaciones T\u00e9cnicas:<\/p>\n<p>Altura M\u00e1xima: 5.2 metros.<\/p>\n<p>Altura M\u00ednima: 1.8 metros.<\/p>\n<p>Carga M\u00e1xima: 200 kg.<\/p>\n<p>Carga M\u00ednima: 25 kg.<\/p>\n<p>Base Abierta: 2.1 metros (Gran estabilidad).<\/p>\n<p>Seguridad y Calidad:<\/p>\n<p>Gatillos con levas de seguridad: Bloqueo mec\u00e1nico confiable en cada tramo.<\/p>\n<p>Acabado: Zincado de 20 micrones (Protecci\u00f3n total contra corrosi\u00f3n).<\/p>\n<p>Peso de la torre: 55 kg.<\/p>\n<p>\u00a1Trabajamos toda la l\u00ednea Raptor! Consultanos por otros modelos y stock.<\/p>\n","protected":false},"excerpt":{"rendered":"<p>\/\/\/ IMPORTANTE &#8211; LEER ANTES DE OFERTAR: &#8211; Este producto NO se env\u00eda por Mercado Env\u00edos por su tama\u00f1o y peso. &#8211; Al comprar, deb\u00e9s elegir la opci\u00f3n &#8220;Retiro en domicilio del vendedor&#8221;. &#8211; Pod\u00e9s retirar el producto personalmente o solicitar env\u00edo por transporte V\u00eda Cargo. &#8211; El env\u00edo se abona al recibir el paquete [&hellip;]<\/p>\n","protected":false},"featured_media":60291,"comment_status":"open","ping_status":"closed","template":"","meta":{"_uag_custom_page_level_css":""},"product_brand":[675],"product_cat":[81,96],"product_tag":[],"class_list":{"0":"post-60290","1":"product","2":"type-product","3":"status-publish","4":"has-post-thumbnail","6":"product_brand-truss-raptor","7":"product_cat-tripodes-y-soportes","8":"product_cat-tripodes-y-soportes-iluminacion-profesional","10":"first","11":"instock","12":"sale","13":"taxable","14":"shipping-taxable","15":"purchasable","16":"product-type-simple"},"uagb_featured_image_src":{"full":["https:\/\/rms-enlinea.com.ar\/wp-content\/uploads\/2026\/01\/D_600543-MLA103205558341_122025-F.jpg",731,871,false],"thumbnail":["https:\/\/rms-enlinea.com.ar\/wp-content\/uploads\/2026\/01\/D_600543-MLA103205558341_122025-F-150x150.jpg",150,150,true],"medium":["https:\/\/rms-enlinea.com.ar\/wp-content\/uploads\/2026\/01\/D_600543-MLA103205558341_122025-F-252x300.jpg",252,300,true],"medium_large":["https:\/\/rms-enlinea.com.ar\/wp-content\/uploads\/2026\/01\/D_600543-MLA103205558341_122025-F.jpg",731,871,false],"large":["https:\/\/rms-enlinea.com.ar\/wp-content\/uploads\/2026\/01\/D_600543-MLA103205558341_122025-F.jpg",731,871,false],"1536x1536":["https:\/\/rms-enlinea.com.ar\/wp-content\/uploads\/2026\/01\/D_600543-MLA103205558341_122025-F.jpg",731,871,false],"2048x2048":["https:\/\/rms-enlinea.com.ar\/wp-content\/uploads\/2026\/01\/D_600543-MLA103205558341_122025-F.jpg",731,871,false],"woocommerce_thumbnail":["https:\/\/rms-enlinea.com.ar\/wp-content\/uploads\/2026\/01\/D_600543-MLA103205558341_122025-F-450x450.jpg",450,450,true],"woocommerce_single":["https:\/\/rms-enlinea.com.ar\/wp-content\/uploads\/2026\/01\/D_600543-MLA103205558341_122025-F-600x715.jpg",600,715,true],"woocommerce_gallery_thumbnail":["https:\/\/rms-enlinea.com.ar\/wp-content\/uploads\/2026\/01\/D_600543-MLA103205558341_122025-F-100x100.jpg",100,100,true]},"uagb_author_info":{"display_name":"mario","author_link":"https:\/\/rms-enlinea.com.ar\/tienda\/author\/"},"uagb_comment_info":0,"uagb_excerpt":"\/\/\/ IMPORTANTE &#8211; LEER ANTES DE OFERTAR: &#8211; Este producto NO se env\u00eda por Mercado Env\u00edos por su tama\u00f1o y peso. &#8211; Al comprar, deb\u00e9s elegir la opci\u00f3n &#8220;Retiro en domicilio del vendedor&#8221;. &#8211; Pod\u00e9s retirar el producto personalmente o solicitar env\u00edo por transporte V\u00eda Cargo. &#8211; El env\u00edo se abona al recibir el paquete&hellip;","_links":{"self":[{"href":"https:\/\/rms-enlinea.com.ar\/tienda\/wp-json\/wp\/v2\/product\/60290","targetHints":{"allow":["GET"]}}],"collection":[{"href":"https:\/\/rms-enlinea.com.ar\/tienda\/wp-json\/wp\/v2\/product"}],"about":[{"href":"https:\/\/rms-enlinea.com.ar\/tienda\/wp-json\/wp\/v2\/types\/product"}],"replies":[{"embeddable":true,"href":"https:\/\/rms-enlinea.com.ar\/tienda\/wp-json\/wp\/v2\/comments?post=60290"}],"wp:featuredmedia":[{"embeddable":true,"href":"https:\/\/rms-enlinea.com.ar\/tienda\/wp-json\/wp\/v2\/media\/60291"}],"wp:attachment":[{"href":"https:\/\/rms-enlinea.com.ar\/tienda\/wp-json\/wp\/v2\/media?parent=60290"}],"wp:term":[{"taxonomy":"product_brand","embeddable":true,"href":"https:\/\/rms-enlinea.com.ar\/tienda\/wp-json\/wp\/v2\/product_brand?post=60290"},{"taxonomy":"product_cat","embeddable":true,"href":"https:\/\/rms-enlinea.com.ar\/tienda\/wp-json\/wp\/v2\/product_cat?post=60290"},{"taxonomy":"product_tag","embeddable":true,"href":"https:\/\/rms-enlinea.com.ar\/tienda\/wp-json\/wp\/v2\/product_tag?post=60290"}],"curies":[{"name":"wp","href":"https:\/\/api.w.org\/{rel}","templated":true}]}}