{"id":60316,"date":"2026-01-10T10:10:23","date_gmt":"2026-01-10T13:10:23","guid":{"rendered":"https:\/\/rms-enlinea.com.ar\/tienda\/producto\/mother-msi-mag-b650-tomahawk-wifi-ddr5-am5-5ta-gen\/"},"modified":"2026-04-06T11:44:33","modified_gmt":"2026-04-06T14:44:33","slug":"mother-msi-mag-b650-tomahawk-wifi-ddr5-am5-5ta-gen","status":"publish","type":"product","link":"https:\/\/rms-enlinea.com.ar\/tienda\/producto\/mother-msi-mag-b650-tomahawk-wifi-ddr5-am5-5ta-gen\/","title":{"rendered":"Mother Msi Mag B650 Tomahawk Wifi Ddr5 Am5 5ta Gen"},"content":{"rendered":"<p>Compatible con los procesadores AMD Ryzen&#x2122; serie 7000<br \/>\nSoporta Memorias DDR5, hasta 7600+(OC) MHz<br \/>\nSoluci\u00f3n t\u00e9rmica de primera calidad: El dise\u00f1o del disipador ampliado y el M.2 Shield Frozr est\u00e1n construidos para un sistema de alto rendimiento y para trabajar sin parar.<br \/>\nSoluci\u00f3n LAN 2,5G y Wi-Fi 6E de AMD: Soluci\u00f3n de red mejorada para uso profesional y multimedia. Ofrece una conexi\u00f3n de red segura, estable y r\u00e1pida.<br \/>\nLightning M.2: Funcionar con PCIe Gen 4 maximiza el rendimiento de las SSD basadas en NVMe<br \/>\nLightning USB 20G: puerto USB 3.2 Gen 2&#215;2 incorporado, ofrece una velocidad de transmisi\u00f3n de 20 Gbps, 4 veces m\u00e1s r\u00e1pido que el USB 3.2 Gen 1<br \/>\nAUDIO BOOST 5: Premie a sus o\u00eddos con una calidad de sonido de estudio para una experiencia de juego m\u00e1s envolvente<\/p>\n","protected":false},"excerpt":{"rendered":"<p>Compatible con los procesadores AMD Ryzen&#x2122; serie 7000 Soporta Memorias DDR5, hasta 7600+(OC) MHz Soluci\u00f3n t\u00e9rmica de primera calidad: El dise\u00f1o del disipador ampliado y el M.2 Shield Frozr est\u00e1n construidos para un sistema de alto rendimiento y para trabajar sin parar. Soluci\u00f3n LAN 2,5G y Wi-Fi 6E de AMD: Soluci\u00f3n de red mejorada para [&hellip;]<\/p>\n","protected":false},"featured_media":49250,"comment_status":"open","ping_status":"closed","template":"","meta":{"_uag_custom_page_level_css":""},"product_brand":[557],"product_cat":[115,15],"product_tag":[],"class_list":{"0":"post-60316","1":"product","2":"type-product","3":"status-publish","4":"has-post-thumbnail","6":"product_brand-msi","7":"product_cat-mother","8":"product_cat-sin-categorizar","10":"first","11":"outofstock","12":"sale","13":"taxable","14":"shipping-taxable","15":"purchasable","16":"product-type-simple"},"uagb_featured_image_src":{"full":["https:\/\/rms-enlinea.com.ar\/wp-content\/uploads\/2025\/06\/D_864119-MLU70743026713_072023-F.jpg",500,338,false],"thumbnail":["https:\/\/rms-enlinea.com.ar\/wp-content\/uploads\/2025\/06\/D_864119-MLU70743026713_072023-F-150x150.jpg",150,150,true],"medium":["https:\/\/rms-enlinea.com.ar\/wp-content\/uploads\/2025\/06\/D_864119-MLU70743026713_072023-F-300x203.jpg",300,203,true],"medium_large":["https:\/\/rms-enlinea.com.ar\/wp-content\/uploads\/2025\/06\/D_864119-MLU70743026713_072023-F.jpg",500,338,false],"large":["https:\/\/rms-enlinea.com.ar\/wp-content\/uploads\/2025\/06\/D_864119-MLU70743026713_072023-F.jpg",500,338,false],"1536x1536":["https:\/\/rms-enlinea.com.ar\/wp-content\/uploads\/2025\/06\/D_864119-MLU70743026713_072023-F.jpg",500,338,false],"2048x2048":["https:\/\/rms-enlinea.com.ar\/wp-content\/uploads\/2025\/06\/D_864119-MLU70743026713_072023-F.jpg",500,338,false],"woocommerce_thumbnail":["https:\/\/rms-enlinea.com.ar\/wp-content\/uploads\/2025\/06\/D_864119-MLU70743026713_072023-F-450x338.jpg",450,338,true],"woocommerce_single":["https:\/\/rms-enlinea.com.ar\/wp-content\/uploads\/2025\/06\/D_864119-MLU70743026713_072023-F.jpg",500,338,false],"woocommerce_gallery_thumbnail":["https:\/\/rms-enlinea.com.ar\/wp-content\/uploads\/2025\/06\/D_864119-MLU70743026713_072023-F-100x100.jpg",100,100,true]},"uagb_author_info":{"display_name":"nelson","author_link":"https:\/\/rms-enlinea.com.ar\/tienda\/author\/"},"uagb_comment_info":0,"uagb_excerpt":"Compatible con los procesadores AMD Ryzen&#x2122; serie 7000 Soporta Memorias DDR5, hasta 7600+(OC) MHz Soluci\u00f3n t\u00e9rmica de primera calidad: El dise\u00f1o del disipador ampliado y el M.2 Shield Frozr est\u00e1n construidos para un sistema de alto rendimiento y para trabajar sin parar. Soluci\u00f3n LAN 2,5G y Wi-Fi 6E de AMD: Soluci\u00f3n de red mejorada para&hellip;","_links":{"self":[{"href":"https:\/\/rms-enlinea.com.ar\/tienda\/wp-json\/wp\/v2\/product\/60316","targetHints":{"allow":["GET"]}}],"collection":[{"href":"https:\/\/rms-enlinea.com.ar\/tienda\/wp-json\/wp\/v2\/product"}],"about":[{"href":"https:\/\/rms-enlinea.com.ar\/tienda\/wp-json\/wp\/v2\/types\/product"}],"replies":[{"embeddable":true,"href":"https:\/\/rms-enlinea.com.ar\/tienda\/wp-json\/wp\/v2\/comments?post=60316"}],"wp:featuredmedia":[{"embeddable":true,"href":"https:\/\/rms-enlinea.com.ar\/tienda\/wp-json\/wp\/v2\/media\/49250"}],"wp:attachment":[{"href":"https:\/\/rms-enlinea.com.ar\/tienda\/wp-json\/wp\/v2\/media?parent=60316"}],"wp:term":[{"taxonomy":"product_brand","embeddable":true,"href":"https:\/\/rms-enlinea.com.ar\/tienda\/wp-json\/wp\/v2\/product_brand?post=60316"},{"taxonomy":"product_cat","embeddable":true,"href":"https:\/\/rms-enlinea.com.ar\/tienda\/wp-json\/wp\/v2\/product_cat?post=60316"},{"taxonomy":"product_tag","embeddable":true,"href":"https:\/\/rms-enlinea.com.ar\/tienda\/wp-json\/wp\/v2\/product_tag?post=60316"}],"curies":[{"name":"wp","href":"https:\/\/api.w.org\/{rel}","templated":true}]}}