{"id":60320,"date":"2026-01-11T14:00:07","date_gmt":"2026-01-11T17:00:07","guid":{"rendered":"https:\/\/rms-enlinea.com.ar\/tienda\/producto\/controlador-dj-numark-mixtrack-pro-fx-2-canales-16-pads\/"},"modified":"2026-04-21T04:12:18","modified_gmt":"2026-04-21T07:12:18","slug":"controlador-dj-numark-mixtrack-pro-fx-2-canales-16-pads","status":"publish","type":"product","link":"https:\/\/rms-enlinea.com.ar\/tienda\/producto\/controlador-dj-numark-mixtrack-pro-fx-2-canales-16-pads\/","title":{"rendered":"Controlador Dj Numark Mixtrack Pro Fx 2 Canales 16 Pads"},"content":{"rendered":"<p>El control de 2 pisos del Serato DJ<br \/>6 Divertidos efectos de lanzamiento r\u00e1pido con disparadores de doble paleta<br \/>Transmitir millones de canciones dentro de Serato DJ Lite de los principales proveedores, incluyendo SoundCloud y TIDAL<br \/>Ruedas de desplazamiento de 6 pulgadas de alta resoluci\u00f3n capacitivas y t\u00e1ctiles<br \/>loop instant\u00e1neo dedicado con botones multiplicadores<br \/>EQ de 3 bandas y filtros para crear barridos de audio.<br \/>8 Rendimiento Pads por cubierta para acceder a las pistas, loops, cortes de fader y sampling<br \/>Salida de audio de 24 bits<br \/>Entrada de micr\u00f3fono, salida RCA y salida de auriculares<br \/>Incluye la descarga de Serato DJ Lite<br \/>Dos meses de acceso gratuito al SoundSwitch software de iluminaci\u00f3n<br \/>Incluye el kit de herramientas de remezcla de Prime Loops<br \/>Suscripci\u00f3n gratuita de 3 meses a TIDAL Premium al registrar el producto*.<br \/>Especificaciones<br \/>Salidas:<br \/>1 x par est\u00e9reo RCA<br \/>1 x \u00bc&#8221; (6.35mm) TRS<br \/>1 x 8&#8243; (3.5mm) TRS<br \/>Entradas: 1 x \u00bc&#8221; (6.35mm) TS<br \/>Alimentaci\u00f3n: Alimentaci\u00f3n del bus USB<br \/>Audio: 44,1 kHz, 24 bits<br \/>Dimensiones: (ancho x profundidad x altura) 21.1&#8243; x 9.7&#8243; x 2.0&#8243; \/ 53.6 x 24.6 x 5.1cm<br \/>Peso: 5.0 lbs. \/ 2.3kg<\/p>\n","protected":false},"excerpt":{"rendered":"<p>El control de 2 pisos del Serato DJ6 Divertidos efectos de lanzamiento r\u00e1pido con disparadores de doble paletaTransmitir millones de canciones dentro de Serato DJ Lite de los principales proveedores, incluyendo SoundCloud y TIDALRuedas de desplazamiento de 6 pulgadas de alta resoluci\u00f3n capacitivas y t\u00e1ctilesloop instant\u00e1neo dedicado con botones multiplicadoresEQ de 3 bandas y filtros [&hellip;]<\/p>\n","protected":false},"featured_media":60321,"comment_status":"open","ping_status":"closed","template":"","meta":{"_uag_custom_page_level_css":""},"product_brand":[],"product_cat":[15],"product_tag":[],"class_list":{"0":"post-60320","1":"product","2":"type-product","3":"status-publish","4":"has-post-thumbnail","6":"product_cat-sin-categorizar","8":"first","9":"outofstock","10":"sale","11":"taxable","12":"shipping-taxable","13":"purchasable","14":"product-type-simple"},"uagb_featured_image_src":{"full":["https:\/\/rms-enlinea.com.ar\/wp-content\/uploads\/2026\/01\/D_987760-MLA99965013361_112025-F.jpg",1200,597,false],"thumbnail":["https:\/\/rms-enlinea.com.ar\/wp-content\/uploads\/2026\/01\/D_987760-MLA99965013361_112025-F-150x150.jpg",150,150,true],"medium":["https:\/\/rms-enlinea.com.ar\/wp-content\/uploads\/2026\/01\/D_987760-MLA99965013361_112025-F-300x149.jpg",300,149,true],"medium_large":["https:\/\/rms-enlinea.com.ar\/wp-content\/uploads\/2026\/01\/D_987760-MLA99965013361_112025-F-768x382.jpg",768,382,true],"large":["https:\/\/rms-enlinea.com.ar\/wp-content\/uploads\/2026\/01\/D_987760-MLA99965013361_112025-F-1024x509.jpg",1024,509,true],"1536x1536":["https:\/\/rms-enlinea.com.ar\/wp-content\/uploads\/2026\/01\/D_987760-MLA99965013361_112025-F.jpg",1200,597,false],"2048x2048":["https:\/\/rms-enlinea.com.ar\/wp-content\/uploads\/2026\/01\/D_987760-MLA99965013361_112025-F.jpg",1200,597,false],"woocommerce_thumbnail":["https:\/\/rms-enlinea.com.ar\/wp-content\/uploads\/2026\/01\/D_987760-MLA99965013361_112025-F-450x450.jpg",450,450,true],"woocommerce_single":["https:\/\/rms-enlinea.com.ar\/wp-content\/uploads\/2026\/01\/D_987760-MLA99965013361_112025-F-600x299.jpg",600,299,true],"woocommerce_gallery_thumbnail":["https:\/\/rms-enlinea.com.ar\/wp-content\/uploads\/2026\/01\/D_987760-MLA99965013361_112025-F-100x100.jpg",100,100,true]},"uagb_author_info":{"display_name":"","author_link":"https:\/\/rms-enlinea.com.ar\/tienda\/author\/"},"uagb_comment_info":0,"uagb_excerpt":"El control de 2 pisos del Serato DJ6 Divertidos efectos de lanzamiento r\u00e1pido con disparadores de doble paletaTransmitir millones de canciones dentro de Serato DJ Lite de los principales proveedores, incluyendo SoundCloud y TIDALRuedas de desplazamiento de 6 pulgadas de alta resoluci\u00f3n capacitivas y t\u00e1ctilesloop instant\u00e1neo dedicado con botones multiplicadoresEQ de 3 bandas y filtros&hellip;","_links":{"self":[{"href":"https:\/\/rms-enlinea.com.ar\/tienda\/wp-json\/wp\/v2\/product\/60320","targetHints":{"allow":["GET"]}}],"collection":[{"href":"https:\/\/rms-enlinea.com.ar\/tienda\/wp-json\/wp\/v2\/product"}],"about":[{"href":"https:\/\/rms-enlinea.com.ar\/tienda\/wp-json\/wp\/v2\/types\/product"}],"replies":[{"embeddable":true,"href":"https:\/\/rms-enlinea.com.ar\/tienda\/wp-json\/wp\/v2\/comments?post=60320"}],"wp:featuredmedia":[{"embeddable":true,"href":"https:\/\/rms-enlinea.com.ar\/tienda\/wp-json\/wp\/v2\/media\/60321"}],"wp:attachment":[{"href":"https:\/\/rms-enlinea.com.ar\/tienda\/wp-json\/wp\/v2\/media?parent=60320"}],"wp:term":[{"taxonomy":"product_brand","embeddable":true,"href":"https:\/\/rms-enlinea.com.ar\/tienda\/wp-json\/wp\/v2\/product_brand?post=60320"},{"taxonomy":"product_cat","embeddable":true,"href":"https:\/\/rms-enlinea.com.ar\/tienda\/wp-json\/wp\/v2\/product_cat?post=60320"},{"taxonomy":"product_tag","embeddable":true,"href":"https:\/\/rms-enlinea.com.ar\/tienda\/wp-json\/wp\/v2\/product_tag?post=60320"}],"curies":[{"name":"wp","href":"https:\/\/api.w.org\/{rel}","templated":true}]}}