{"id":60359,"date":"2026-01-13T18:50:58","date_gmt":"2026-01-13T21:50:58","guid":{"rendered":"https:\/\/rms-enlinea.com.ar\/tienda\/producto\/cooler-original-intel-k69237-001-lga-1200-cobre-cpu\/"},"modified":"2026-04-15T16:20:18","modified_gmt":"2026-04-15T19:20:18","slug":"cooler-original-intel-k69237-001-lga-1200-cobre-cpu","status":"publish","type":"product","link":"https:\/\/rms-enlinea.com.ar\/tienda\/producto\/cooler-original-intel-k69237-001-lga-1200-cobre-cpu\/","title":{"rendered":"Cooler Original Intel K69237-001 Lga 1200 Cobre Cpu"},"content":{"rendered":"<p>Es un kit de f\u00e1brica<\/p>\n<p>S\u00ed<br \/>\nComponente compatible<\/p>\n<p>CPU<br \/>\nTama\u00f1o del ventilador<\/p>\n<p>90 mm<br \/>\nComponente compatible<\/p>\n<p>LGA1200<br \/>\nMarca<\/p>\n<p>Intel<br \/>\nTipo de cooler<\/p>\n<p>Air cooling<\/p>\n","protected":false},"excerpt":{"rendered":"<p>Es un kit de f\u00e1brica S\u00ed Componente compatible CPU Tama\u00f1o del ventilador 90 mm Componente compatible LGA1200 Marca Intel Tipo de cooler Air cooling<\/p>\n","protected":false},"featured_media":35691,"comment_status":"open","ping_status":"closed","template":"","meta":{"_uag_custom_page_level_css":""},"product_brand":[530],"product_cat":[105,15],"product_tag":[],"class_list":{"0":"post-60359","1":"product","2":"type-product","3":"status-publish","4":"has-post-thumbnail","6":"product_brand-intel","7":"product_cat-cooler-y-sistemas-de-refrigeracion","8":"product_cat-sin-categorizar","10":"first","11":"instock","12":"sale","13":"taxable","14":"shipping-taxable","15":"purchasable","16":"product-type-simple"},"uagb_featured_image_src":{"full":["https:\/\/rms-enlinea.com.ar\/wp-content\/uploads\/2025\/06\/D_810625-MLA75775261973_042024-F.jpg",1200,1010,false],"thumbnail":["https:\/\/rms-enlinea.com.ar\/wp-content\/uploads\/2025\/06\/D_810625-MLA75775261973_042024-F-150x150.jpg",150,150,true],"medium":["https:\/\/rms-enlinea.com.ar\/wp-content\/uploads\/2025\/06\/D_810625-MLA75775261973_042024-F-300x253.jpg",300,253,true],"medium_large":["https:\/\/rms-enlinea.com.ar\/wp-content\/uploads\/2025\/06\/D_810625-MLA75775261973_042024-F-768x646.jpg",768,646,true],"large":["https:\/\/rms-enlinea.com.ar\/wp-content\/uploads\/2025\/06\/D_810625-MLA75775261973_042024-F-1024x862.jpg",1024,862,true],"1536x1536":["https:\/\/rms-enlinea.com.ar\/wp-content\/uploads\/2025\/06\/D_810625-MLA75775261973_042024-F.jpg",1200,1010,false],"2048x2048":["https:\/\/rms-enlinea.com.ar\/wp-content\/uploads\/2025\/06\/D_810625-MLA75775261973_042024-F.jpg",1200,1010,false],"woocommerce_thumbnail":["https:\/\/rms-enlinea.com.ar\/wp-content\/uploads\/2025\/06\/D_810625-MLA75775261973_042024-F-450x450.jpg",450,450,true],"woocommerce_single":["https:\/\/rms-enlinea.com.ar\/wp-content\/uploads\/2025\/06\/D_810625-MLA75775261973_042024-F-600x505.jpg",600,505,true],"woocommerce_gallery_thumbnail":["https:\/\/rms-enlinea.com.ar\/wp-content\/uploads\/2025\/06\/D_810625-MLA75775261973_042024-F-100x100.jpg",100,100,true]},"uagb_author_info":{"display_name":"nelson","author_link":"https:\/\/rms-enlinea.com.ar\/tienda\/author\/"},"uagb_comment_info":0,"uagb_excerpt":"Es un kit de f\u00e1brica S\u00ed Componente compatible CPU Tama\u00f1o del ventilador 90 mm Componente compatible LGA1200 Marca Intel Tipo de cooler Air cooling","_links":{"self":[{"href":"https:\/\/rms-enlinea.com.ar\/tienda\/wp-json\/wp\/v2\/product\/60359","targetHints":{"allow":["GET"]}}],"collection":[{"href":"https:\/\/rms-enlinea.com.ar\/tienda\/wp-json\/wp\/v2\/product"}],"about":[{"href":"https:\/\/rms-enlinea.com.ar\/tienda\/wp-json\/wp\/v2\/types\/product"}],"replies":[{"embeddable":true,"href":"https:\/\/rms-enlinea.com.ar\/tienda\/wp-json\/wp\/v2\/comments?post=60359"}],"wp:featuredmedia":[{"embeddable":true,"href":"https:\/\/rms-enlinea.com.ar\/tienda\/wp-json\/wp\/v2\/media\/35691"}],"wp:attachment":[{"href":"https:\/\/rms-enlinea.com.ar\/tienda\/wp-json\/wp\/v2\/media?parent=60359"}],"wp:term":[{"taxonomy":"product_brand","embeddable":true,"href":"https:\/\/rms-enlinea.com.ar\/tienda\/wp-json\/wp\/v2\/product_brand?post=60359"},{"taxonomy":"product_cat","embeddable":true,"href":"https:\/\/rms-enlinea.com.ar\/tienda\/wp-json\/wp\/v2\/product_cat?post=60359"},{"taxonomy":"product_tag","embeddable":true,"href":"https:\/\/rms-enlinea.com.ar\/tienda\/wp-json\/wp\/v2\/product_tag?post=60359"}],"curies":[{"name":"wp","href":"https:\/\/api.w.org\/{rel}","templated":true}]}}