{"id":60384,"date":"2026-01-15T18:50:13","date_gmt":"2026-01-15T21:50:13","guid":{"rendered":"https:\/\/rms-enlinea.com.ar\/tienda\/producto\/tester-multimetro-digital-display-grande-barovo-mul860u\/"},"modified":"2026-04-16T01:20:15","modified_gmt":"2026-04-16T04:20:15","slug":"tester-multimetro-digital-display-grande-barovo-mul860u","status":"publish","type":"product","link":"https:\/\/rms-enlinea.com.ar\/tienda\/producto\/tester-multimetro-digital-display-grande-barovo-mul860u\/","title":{"rendered":"Tester Multimetro Digital Display Grande Barovo Mul860u"},"content":{"rendered":"<p>MULT\u00cdMETRO DIGITAL<br \/>\nMEDICI\u00d3N VOLTAJE CONTINUA (VDC): 5 RANGOS<br \/>\nMEDICI\u00d3N VOLTAJE ALTERNA (VAC): 2 RANGOS<br \/>\nMEDICI\u00d3N CORRIENTE CONTINUA (A): 4 RANGOS<br \/>\nMEDICI\u00d3N RESISTENCIA (OHM): 5 RANGOS<br \/>\nMEDICI\u00d3N CONTINUIDAD: BUZZER<br \/>\nMEDICI\u00d3N DIODOS<br \/>\nMEDICI\u00d3N TRANSISTORES<br \/>\nUTILIZA UNA BATER\u00cdA 9 VDC (NO INCLUIDA)<br \/>\nPANTALLA: DISPLAY GRANDE (30 MM \u00d7 57 MM)<br \/>\nORIGEN: CHINA<\/p>\n","protected":false},"excerpt":{"rendered":"<p>MULT\u00cdMETRO DIGITAL MEDICI\u00d3N VOLTAJE CONTINUA (VDC): 5 RANGOS MEDICI\u00d3N VOLTAJE ALTERNA (VAC): 2 RANGOS MEDICI\u00d3N CORRIENTE CONTINUA (A): 4 RANGOS MEDICI\u00d3N RESISTENCIA (OHM): 5 RANGOS MEDICI\u00d3N CONTINUIDAD: BUZZER MEDICI\u00d3N DIODOS MEDICI\u00d3N TRANSISTORES UTILIZA UNA BATER\u00cdA 9 VDC (NO INCLUIDA) PANTALLA: DISPLAY GRANDE (30 MM \u00d7 57 MM) ORIGEN: CHINA<\/p>\n","protected":false},"featured_media":35358,"comment_status":"open","ping_status":"closed","template":"","meta":{"_uag_custom_page_level_css":""},"product_brand":[493],"product_cat":[31,15],"product_tag":[],"class_list":{"0":"post-60384","1":"product","2":"type-product","3":"status-publish","4":"has-post-thumbnail","6":"product_brand-rab","7":"product_cat-electrodomesticos","8":"product_cat-sin-categorizar","10":"first","11":"instock","12":"sale","13":"taxable","14":"shipping-taxable","15":"purchasable","16":"product-type-simple"},"uagb_featured_image_src":{"full":["https:\/\/rms-enlinea.com.ar\/wp-content\/uploads\/2025\/06\/D_706199-MLA47823322193_102021-F.jpg",465,819,false],"thumbnail":["https:\/\/rms-enlinea.com.ar\/wp-content\/uploads\/2025\/06\/D_706199-MLA47823322193_102021-F-150x150.jpg",150,150,true],"medium":["https:\/\/rms-enlinea.com.ar\/wp-content\/uploads\/2025\/06\/D_706199-MLA47823322193_102021-F-170x300.jpg",170,300,true],"medium_large":["https:\/\/rms-enlinea.com.ar\/wp-content\/uploads\/2025\/06\/D_706199-MLA47823322193_102021-F.jpg",465,819,false],"large":["https:\/\/rms-enlinea.com.ar\/wp-content\/uploads\/2025\/06\/D_706199-MLA47823322193_102021-F.jpg",465,819,false],"1536x1536":["https:\/\/rms-enlinea.com.ar\/wp-content\/uploads\/2025\/06\/D_706199-MLA47823322193_102021-F.jpg",465,819,false],"2048x2048":["https:\/\/rms-enlinea.com.ar\/wp-content\/uploads\/2025\/06\/D_706199-MLA47823322193_102021-F.jpg",465,819,false],"woocommerce_thumbnail":["https:\/\/rms-enlinea.com.ar\/wp-content\/uploads\/2025\/06\/D_706199-MLA47823322193_102021-F-450x450.jpg",450,450,true],"woocommerce_single":["https:\/\/rms-enlinea.com.ar\/wp-content\/uploads\/2025\/06\/D_706199-MLA47823322193_102021-F.jpg",465,819,false],"woocommerce_gallery_thumbnail":["https:\/\/rms-enlinea.com.ar\/wp-content\/uploads\/2025\/06\/D_706199-MLA47823322193_102021-F-100x100.jpg",100,100,true]},"uagb_author_info":{"display_name":"nelson","author_link":"https:\/\/rms-enlinea.com.ar\/tienda\/author\/"},"uagb_comment_info":0,"uagb_excerpt":"MULT\u00cdMETRO DIGITAL MEDICI\u00d3N VOLTAJE CONTINUA (VDC): 5 RANGOS MEDICI\u00d3N VOLTAJE ALTERNA (VAC): 2 RANGOS MEDICI\u00d3N CORRIENTE CONTINUA (A): 4 RANGOS MEDICI\u00d3N RESISTENCIA (OHM): 5 RANGOS MEDICI\u00d3N CONTINUIDAD: BUZZER MEDICI\u00d3N DIODOS MEDICI\u00d3N TRANSISTORES UTILIZA UNA BATER\u00cdA 9 VDC (NO INCLUIDA) PANTALLA: DISPLAY GRANDE (30 MM \u00d7 57 MM) ORIGEN: CHINA","_links":{"self":[{"href":"https:\/\/rms-enlinea.com.ar\/tienda\/wp-json\/wp\/v2\/product\/60384","targetHints":{"allow":["GET"]}}],"collection":[{"href":"https:\/\/rms-enlinea.com.ar\/tienda\/wp-json\/wp\/v2\/product"}],"about":[{"href":"https:\/\/rms-enlinea.com.ar\/tienda\/wp-json\/wp\/v2\/types\/product"}],"replies":[{"embeddable":true,"href":"https:\/\/rms-enlinea.com.ar\/tienda\/wp-json\/wp\/v2\/comments?post=60384"}],"wp:featuredmedia":[{"embeddable":true,"href":"https:\/\/rms-enlinea.com.ar\/tienda\/wp-json\/wp\/v2\/media\/35358"}],"wp:attachment":[{"href":"https:\/\/rms-enlinea.com.ar\/tienda\/wp-json\/wp\/v2\/media?parent=60384"}],"wp:term":[{"taxonomy":"product_brand","embeddable":true,"href":"https:\/\/rms-enlinea.com.ar\/tienda\/wp-json\/wp\/v2\/product_brand?post=60384"},{"taxonomy":"product_cat","embeddable":true,"href":"https:\/\/rms-enlinea.com.ar\/tienda\/wp-json\/wp\/v2\/product_cat?post=60384"},{"taxonomy":"product_tag","embeddable":true,"href":"https:\/\/rms-enlinea.com.ar\/tienda\/wp-json\/wp\/v2\/product_tag?post=60384"}],"curies":[{"name":"wp","href":"https:\/\/api.w.org\/{rel}","templated":true}]}}