{"id":60417,"date":"2026-01-17T10:00:42","date_gmt":"2026-01-17T13:00:42","guid":{"rendered":"https:\/\/rms-enlinea.com.ar\/tienda\/producto\/disco-ssd-hiksemi-256gb-wave-sata-6-0gbps-2-5\/"},"modified":"2026-04-06T12:42:14","modified_gmt":"2026-04-06T15:42:14","slug":"disco-ssd-hiksemi-256gb-wave-sata-6-0gbps-2-5","status":"publish","type":"product","link":"https:\/\/rms-enlinea.com.ar\/tienda\/producto\/disco-ssd-hiksemi-256gb-wave-sata-6-0gbps-2-5\/","title":{"rendered":"Disco Ssd Hiksemi 256gb Wave Sata 6.0gbps 2.5"},"content":{"rendered":"<p>Tama\u00f1o del producto<br \/>\n2,5 pulgadas<br \/>\nCapacidad<br \/>\n256 GB<br \/>\nM\u00e1x. Sec. Lectura (MB\/S)<br \/>\n530 MB\/s<br \/>\nM\u00e1x. Sec. Escritura (MB\/S)<br \/>\n400 MB\/s<br \/>\nMax. Ran. 4K IOPS de lectura<br \/>\n45K<br \/>\nM\u00e1x. Ran. 4K escritura IOPS<br \/>\n75K<br \/>\nM\u00e1x. Consumo de energ\u00eda<br \/>\n1.4 W<br \/>\nTBW<br \/>\n80 TB<br \/>\nMedio de almacenamiento<br \/>\nNAND 3D<br \/>\nInterfaz<br \/>\nSATAIII<br \/>\nMTBF<br \/>\n1.500.000 horas<\/p>\n","protected":false},"excerpt":{"rendered":"<p>Tama\u00f1o del producto 2,5 pulgadas Capacidad 256 GB M\u00e1x. Sec. Lectura (MB\/S) 530 MB\/s M\u00e1x. Sec. Escritura (MB\/S) 400 MB\/s Max. Ran. 4K IOPS de lectura 45K M\u00e1x. Ran. 4K escritura IOPS 75K M\u00e1x. Consumo de energ\u00eda 1.4 W TBW 80 TB Medio de almacenamiento NAND 3D Interfaz SATAIII MTBF 1.500.000 horas<\/p>\n","protected":false},"featured_media":60418,"comment_status":"open","ping_status":"closed","template":"","meta":{"_uag_custom_page_level_css":""},"product_brand":[560],"product_cat":[106,15],"product_tag":[],"class_list":{"0":"post-60417","1":"product","2":"type-product","3":"status-publish","4":"has-post-thumbnail","6":"product_brand-hiksemi","7":"product_cat-discos-rigidos-ssd","8":"product_cat-sin-categorizar","10":"first","11":"outofstock","12":"sale","13":"taxable","14":"shipping-taxable","15":"purchasable","16":"product-type-simple"},"uagb_featured_image_src":{"full":["https:\/\/rms-enlinea.com.ar\/wp-content\/uploads\/2026\/01\/D_888363-MLA95832162445_102025-F.jpg",1200,957,false],"thumbnail":["https:\/\/rms-enlinea.com.ar\/wp-content\/uploads\/2026\/01\/D_888363-MLA95832162445_102025-F-150x150.jpg",150,150,true],"medium":["https:\/\/rms-enlinea.com.ar\/wp-content\/uploads\/2026\/01\/D_888363-MLA95832162445_102025-F-300x239.jpg",300,239,true],"medium_large":["https:\/\/rms-enlinea.com.ar\/wp-content\/uploads\/2026\/01\/D_888363-MLA95832162445_102025-F-768x612.jpg",768,612,true],"large":["https:\/\/rms-enlinea.com.ar\/wp-content\/uploads\/2026\/01\/D_888363-MLA95832162445_102025-F-1024x817.jpg",1024,817,true],"1536x1536":["https:\/\/rms-enlinea.com.ar\/wp-content\/uploads\/2026\/01\/D_888363-MLA95832162445_102025-F.jpg",1200,957,false],"2048x2048":["https:\/\/rms-enlinea.com.ar\/wp-content\/uploads\/2026\/01\/D_888363-MLA95832162445_102025-F.jpg",1200,957,false],"woocommerce_thumbnail":["https:\/\/rms-enlinea.com.ar\/wp-content\/uploads\/2026\/01\/D_888363-MLA95832162445_102025-F-450x450.jpg",450,450,true],"woocommerce_single":["https:\/\/rms-enlinea.com.ar\/wp-content\/uploads\/2026\/01\/D_888363-MLA95832162445_102025-F-600x479.jpg",600,479,true],"woocommerce_gallery_thumbnail":["https:\/\/rms-enlinea.com.ar\/wp-content\/uploads\/2026\/01\/D_888363-MLA95832162445_102025-F-100x100.jpg",100,100,true]},"uagb_author_info":{"display_name":"nelson","author_link":"https:\/\/rms-enlinea.com.ar\/tienda\/author\/"},"uagb_comment_info":0,"uagb_excerpt":"Tama\u00f1o del producto 2,5 pulgadas Capacidad 256 GB M\u00e1x. Sec. Lectura (MB\/S) 530 MB\/s M\u00e1x. Sec. Escritura (MB\/S) 400 MB\/s Max. Ran. 4K IOPS de lectura 45K M\u00e1x. Ran. 4K escritura IOPS 75K M\u00e1x. Consumo de energ\u00eda 1.4 W TBW 80 TB Medio de almacenamiento NAND 3D Interfaz SATAIII MTBF 1.500.000 horas","_links":{"self":[{"href":"https:\/\/rms-enlinea.com.ar\/tienda\/wp-json\/wp\/v2\/product\/60417","targetHints":{"allow":["GET"]}}],"collection":[{"href":"https:\/\/rms-enlinea.com.ar\/tienda\/wp-json\/wp\/v2\/product"}],"about":[{"href":"https:\/\/rms-enlinea.com.ar\/tienda\/wp-json\/wp\/v2\/types\/product"}],"replies":[{"embeddable":true,"href":"https:\/\/rms-enlinea.com.ar\/tienda\/wp-json\/wp\/v2\/comments?post=60417"}],"wp:featuredmedia":[{"embeddable":true,"href":"https:\/\/rms-enlinea.com.ar\/tienda\/wp-json\/wp\/v2\/media\/60418"}],"wp:attachment":[{"href":"https:\/\/rms-enlinea.com.ar\/tienda\/wp-json\/wp\/v2\/media?parent=60417"}],"wp:term":[{"taxonomy":"product_brand","embeddable":true,"href":"https:\/\/rms-enlinea.com.ar\/tienda\/wp-json\/wp\/v2\/product_brand?post=60417"},{"taxonomy":"product_cat","embeddable":true,"href":"https:\/\/rms-enlinea.com.ar\/tienda\/wp-json\/wp\/v2\/product_cat?post=60417"},{"taxonomy":"product_tag","embeddable":true,"href":"https:\/\/rms-enlinea.com.ar\/tienda\/wp-json\/wp\/v2\/product_tag?post=60417"}],"curies":[{"name":"wp","href":"https:\/\/api.w.org\/{rel}","templated":true}]}}