{"id":60455,"date":"2026-01-19T10:20:45","date_gmt":"2026-01-19T13:20:45","guid":{"rendered":"https:\/\/rms-enlinea.com.ar\/tienda\/producto\/kit-105-keycaps-teclas-pbt-doble-iny-white-vsg-stardust\/"},"modified":"2026-03-31T16:57:33","modified_gmt":"2026-03-31T19:57:33","slug":"kit-105-keycaps-teclas-pbt-doble-iny-white-vsg-stardust","status":"publish","type":"product","link":"https:\/\/rms-enlinea.com.ar\/tienda\/producto\/kit-105-keycaps-teclas-pbt-doble-iny-white-vsg-stardust\/","title":{"rendered":"Kit 105 Keycaps Teclas Pbt Doble Iny White Vsg Stardust"},"content":{"rendered":"<p>ESPECIFICACIONES T\u00c9CNICAS GENERALES<br \/>FORMATO: ISO LATINOAMERICANO<br \/>CONSTRUCCI\u00d3N: DOBLE INYECCI\u00d3N<br \/>CANTIDAD DE TECLAS: 105<br \/>COLORES: 10 COLORES<br \/>MATERIAL: PBT<br \/>PERFIL: OEM<br \/>PBT: 40-80%<br \/>ENDURECEDOR: 3-4%<br \/>LUBRICANTE: 0.1 &#8211; 0.2%<br \/>FIBRA DE VIDRIO: 15-30%<br \/>ANTIOXIDANTE: 0.1-0.3%<br \/>MATERIAL DE ACOPLE: 0.5%<\/p>\n<p>INCLUYE:<br \/>REMOVEDOR DE TECLAS<br \/>COMPONENTES Y CONCENTRACI\u00d3N<\/p>\n","protected":false},"excerpt":{"rendered":"<p>ESPECIFICACIONES T\u00c9CNICAS GENERALESFORMATO: ISO LATINOAMERICANOCONSTRUCCI\u00d3N: DOBLE INYECCI\u00d3NCANTIDAD DE TECLAS: 105COLORES: 10 COLORESMATERIAL: PBTPERFIL: OEMPBT: 40-80%ENDURECEDOR: 3-4%LUBRICANTE: 0.1 &#8211; 0.2%FIBRA DE VIDRIO: 15-30%ANTIOXIDANTE: 0.1-0.3%MATERIAL DE ACOPLE: 0.5% INCLUYE:REMOVEDOR DE TECLASCOMPONENTES Y CONCENTRACI\u00d3N<\/p>\n","protected":false},"featured_media":24320,"comment_status":"open","ping_status":"closed","template":"","meta":{"_uag_custom_page_level_css":""},"product_brand":[544],"product_cat":[15,125],"product_tag":[],"class_list":{"0":"post-60455","1":"product","2":"type-product","3":"status-publish","4":"has-post-thumbnail","6":"product_brand-vsg","7":"product_cat-sin-categorizar","8":"product_cat-teclados-y-mouses","10":"first","11":"outofstock","12":"sale","13":"taxable","14":"shipping-taxable","15":"purchasable","16":"product-type-simple"},"uagb_featured_image_src":{"full":["https:\/\/rms-enlinea.com.ar\/wp-content\/uploads\/2025\/06\/D_837269-MLA46530266147_062021-F.jpg",690,679,false],"thumbnail":["https:\/\/rms-enlinea.com.ar\/wp-content\/uploads\/2025\/06\/D_837269-MLA46530266147_062021-F-150x150.jpg",150,150,true],"medium":["https:\/\/rms-enlinea.com.ar\/wp-content\/uploads\/2025\/06\/D_837269-MLA46530266147_062021-F-300x295.jpg",300,295,true],"medium_large":["https:\/\/rms-enlinea.com.ar\/wp-content\/uploads\/2025\/06\/D_837269-MLA46530266147_062021-F.jpg",690,679,false],"large":["https:\/\/rms-enlinea.com.ar\/wp-content\/uploads\/2025\/06\/D_837269-MLA46530266147_062021-F.jpg",690,679,false],"1536x1536":["https:\/\/rms-enlinea.com.ar\/wp-content\/uploads\/2025\/06\/D_837269-MLA46530266147_062021-F.jpg",690,679,false],"2048x2048":["https:\/\/rms-enlinea.com.ar\/wp-content\/uploads\/2025\/06\/D_837269-MLA46530266147_062021-F.jpg",690,679,false],"woocommerce_thumbnail":["https:\/\/rms-enlinea.com.ar\/wp-content\/uploads\/2025\/06\/D_837269-MLA46530266147_062021-F-450x450.jpg",450,450,true],"woocommerce_single":["https:\/\/rms-enlinea.com.ar\/wp-content\/uploads\/2025\/06\/D_837269-MLA46530266147_062021-F-600x590.jpg",600,590,true],"woocommerce_gallery_thumbnail":["https:\/\/rms-enlinea.com.ar\/wp-content\/uploads\/2025\/06\/D_837269-MLA46530266147_062021-F-100x100.jpg",100,100,true]},"uagb_author_info":{"display_name":"nelson","author_link":"https:\/\/rms-enlinea.com.ar\/tienda\/author\/"},"uagb_comment_info":0,"uagb_excerpt":"ESPECIFICACIONES T\u00c9CNICAS GENERALESFORMATO: ISO LATINOAMERICANOCONSTRUCCI\u00d3N: DOBLE INYECCI\u00d3NCANTIDAD DE TECLAS: 105COLORES: 10 COLORESMATERIAL: PBTPERFIL: OEMPBT: 40-80%ENDURECEDOR: 3-4%LUBRICANTE: 0.1 &#8211; 0.2%FIBRA DE VIDRIO: 15-30%ANTIOXIDANTE: 0.1-0.3%MATERIAL DE ACOPLE: 0.5% INCLUYE:REMOVEDOR DE TECLASCOMPONENTES Y CONCENTRACI\u00d3N","_links":{"self":[{"href":"https:\/\/rms-enlinea.com.ar\/tienda\/wp-json\/wp\/v2\/product\/60455","targetHints":{"allow":["GET"]}}],"collection":[{"href":"https:\/\/rms-enlinea.com.ar\/tienda\/wp-json\/wp\/v2\/product"}],"about":[{"href":"https:\/\/rms-enlinea.com.ar\/tienda\/wp-json\/wp\/v2\/types\/product"}],"replies":[{"embeddable":true,"href":"https:\/\/rms-enlinea.com.ar\/tienda\/wp-json\/wp\/v2\/comments?post=60455"}],"wp:featuredmedia":[{"embeddable":true,"href":"https:\/\/rms-enlinea.com.ar\/tienda\/wp-json\/wp\/v2\/media\/24320"}],"wp:attachment":[{"href":"https:\/\/rms-enlinea.com.ar\/tienda\/wp-json\/wp\/v2\/media?parent=60455"}],"wp:term":[{"taxonomy":"product_brand","embeddable":true,"href":"https:\/\/rms-enlinea.com.ar\/tienda\/wp-json\/wp\/v2\/product_brand?post=60455"},{"taxonomy":"product_cat","embeddable":true,"href":"https:\/\/rms-enlinea.com.ar\/tienda\/wp-json\/wp\/v2\/product_cat?post=60455"},{"taxonomy":"product_tag","embeddable":true,"href":"https:\/\/rms-enlinea.com.ar\/tienda\/wp-json\/wp\/v2\/product_tag?post=60455"}],"curies":[{"name":"wp","href":"https:\/\/api.w.org\/{rel}","templated":true}]}}