{"id":60462,"date":"2026-01-20T17:10:12","date_gmt":"2026-01-20T20:10:12","guid":{"rendered":"https:\/\/rms-enlinea.com.ar\/tienda\/producto\/memoria-sodimm-ddr4-16gb-3200mhz-adata-ad4s320016g22-sgn\/"},"modified":"2026-05-04T12:30:46","modified_gmt":"2026-05-04T15:30:46","slug":"memoria-sodimm-ddr4-16gb-3200mhz-adata-ad4s320016g22-sgn","status":"publish","type":"product","link":"https:\/\/rms-enlinea.com.ar\/tienda\/producto\/memoria-sodimm-ddr4-16gb-3200mhz-adata-ad4s320016g22-sgn\/","title":{"rendered":"Memoria Sodimm Ddr4 16gb 3200mhz Adata Ad4s320016g22-sgn"},"content":{"rendered":"<p>Aplicaci\u00f3n<\/p>\n<p>Notebooks<br \/>Marca<\/p>\n<p>Adata<br \/>Con Intel XMP<\/p>\n<p>No<br \/>Modelo<\/p>\n<p>AD4S320016G22-SGN<br \/>Velocidad de la memoria RAM<\/p>\n<p>3200 MHz<br \/>Voltaje de alimentaci\u00f3n<\/p>\n<p>1.2V<br \/>Capacidad total<\/p>\n<p>16 GB<br \/>Tecnolog\u00eda de la memoria RAM<\/p>\n<p>DDR4 DRAM<br \/>SKU<\/p>\n<p>AD4S320016G22-SGN<br \/>Tasa de transferencia<\/p>\n<p>25600 MB\/s<br \/>Color<\/p>\n<p>Verde<br \/>C\u00f3digo universal de producto<\/p>\n<p>04711085931481<br \/>Capacidad individual<\/p>\n<p>16 GB<br \/>Es gamer<\/p>\n<p>No<br \/>Condici\u00f3n del \u00edtem<\/p>\n<p>Nuevo<br \/>L\u00ednea<\/p>\n<p>Premier<br \/>Latencia CAS<\/p>\n<p>22<br \/>Con ECC<\/p>\n<p>No<br \/>Cantidad de pines<\/p>\n<p>260<br \/>Formato de la memoria RAM<\/p>\n<p>SODIMM<br \/>M\u00f3dulos de memoria RAM<\/p>\n<p>1<\/p>\n","protected":false},"excerpt":{"rendered":"<p>Aplicaci\u00f3n NotebooksMarca AdataCon Intel XMP NoModelo AD4S320016G22-SGNVelocidad de la memoria RAM 3200 MHzVoltaje de alimentaci\u00f3n 1.2VCapacidad total 16 GBTecnolog\u00eda de la memoria RAM DDR4 DRAMSKU AD4S320016G22-SGNTasa de transferencia 25600 MB\/sColor VerdeC\u00f3digo universal de producto 04711085931481Capacidad individual 16 GBEs gamer NoCondici\u00f3n del \u00edtem NuevoL\u00ednea PremierLatencia CAS 22Con ECC NoCantidad de pines 260Formato de la memoria RAM [&hellip;]<\/p>\n","protected":false},"featured_media":23771,"comment_status":"open","ping_status":"closed","template":"","meta":{"_uag_custom_page_level_css":""},"product_brand":[567],"product_cat":[112,15],"product_tag":[],"class_list":{"0":"post-60462","1":"product","2":"type-product","3":"status-publish","4":"has-post-thumbnail","6":"product_brand-adata","7":"product_cat-mamorias","8":"product_cat-sin-categorizar","10":"first","11":"instock","12":"sale","13":"taxable","14":"shipping-taxable","15":"purchasable","16":"product-type-simple"},"uagb_featured_image_src":{"full":["https:\/\/rms-enlinea.com.ar\/wp-content\/uploads\/2025\/06\/D_606944-MLA77663311885_072024-F.jpg",418,1200,false],"thumbnail":["https:\/\/rms-enlinea.com.ar\/wp-content\/uploads\/2025\/06\/D_606944-MLA77663311885_072024-F-150x150.jpg",150,150,true],"medium":["https:\/\/rms-enlinea.com.ar\/wp-content\/uploads\/2025\/06\/D_606944-MLA77663311885_072024-F-105x300.jpg",105,300,true],"medium_large":["https:\/\/rms-enlinea.com.ar\/wp-content\/uploads\/2025\/06\/D_606944-MLA77663311885_072024-F.jpg",418,1200,false],"large":["https:\/\/rms-enlinea.com.ar\/wp-content\/uploads\/2025\/06\/D_606944-MLA77663311885_072024-F-357x1024.jpg",357,1024,true],"1536x1536":["https:\/\/rms-enlinea.com.ar\/wp-content\/uploads\/2025\/06\/D_606944-MLA77663311885_072024-F.jpg",418,1200,false],"2048x2048":["https:\/\/rms-enlinea.com.ar\/wp-content\/uploads\/2025\/06\/D_606944-MLA77663311885_072024-F.jpg",418,1200,false],"woocommerce_thumbnail":["https:\/\/rms-enlinea.com.ar\/wp-content\/uploads\/2025\/06\/D_606944-MLA77663311885_072024-F-418x450.jpg",418,450,true],"woocommerce_single":["https:\/\/rms-enlinea.com.ar\/wp-content\/uploads\/2025\/06\/D_606944-MLA77663311885_072024-F.jpg",418,1200,false],"woocommerce_gallery_thumbnail":["https:\/\/rms-enlinea.com.ar\/wp-content\/uploads\/2025\/06\/D_606944-MLA77663311885_072024-F-100x100.jpg",100,100,true]},"uagb_author_info":{"display_name":"nelson","author_link":"https:\/\/rms-enlinea.com.ar\/tienda\/author\/"},"uagb_comment_info":0,"uagb_excerpt":"Aplicaci\u00f3n NotebooksMarca AdataCon Intel XMP NoModelo AD4S320016G22-SGNVelocidad de la memoria RAM 3200 MHzVoltaje de alimentaci\u00f3n 1.2VCapacidad total 16 GBTecnolog\u00eda de la memoria RAM DDR4 DRAMSKU AD4S320016G22-SGNTasa de transferencia 25600 MB\/sColor VerdeC\u00f3digo universal de producto 04711085931481Capacidad individual 16 GBEs gamer NoCondici\u00f3n del \u00edtem NuevoL\u00ednea PremierLatencia CAS 22Con ECC NoCantidad de pines 260Formato de la memoria RAM&hellip;","_links":{"self":[{"href":"https:\/\/rms-enlinea.com.ar\/tienda\/wp-json\/wp\/v2\/product\/60462","targetHints":{"allow":["GET"]}}],"collection":[{"href":"https:\/\/rms-enlinea.com.ar\/tienda\/wp-json\/wp\/v2\/product"}],"about":[{"href":"https:\/\/rms-enlinea.com.ar\/tienda\/wp-json\/wp\/v2\/types\/product"}],"replies":[{"embeddable":true,"href":"https:\/\/rms-enlinea.com.ar\/tienda\/wp-json\/wp\/v2\/comments?post=60462"}],"wp:featuredmedia":[{"embeddable":true,"href":"https:\/\/rms-enlinea.com.ar\/tienda\/wp-json\/wp\/v2\/media\/23771"}],"wp:attachment":[{"href":"https:\/\/rms-enlinea.com.ar\/tienda\/wp-json\/wp\/v2\/media?parent=60462"}],"wp:term":[{"taxonomy":"product_brand","embeddable":true,"href":"https:\/\/rms-enlinea.com.ar\/tienda\/wp-json\/wp\/v2\/product_brand?post=60462"},{"taxonomy":"product_cat","embeddable":true,"href":"https:\/\/rms-enlinea.com.ar\/tienda\/wp-json\/wp\/v2\/product_cat?post=60462"},{"taxonomy":"product_tag","embeddable":true,"href":"https:\/\/rms-enlinea.com.ar\/tienda\/wp-json\/wp\/v2\/product_tag?post=60462"}],"curies":[{"name":"wp","href":"https:\/\/api.w.org\/{rel}","templated":true}]}}