{"id":60483,"date":"2026-01-21T18:50:33","date_gmt":"2026-01-21T21:50:33","guid":{"rendered":"https:\/\/rms-enlinea.com.ar\/tienda\/producto\/teclado-logitech-inalambrico-mx-mini-graphite-920-010846\/"},"modified":"2026-04-10T18:40:13","modified_gmt":"2026-04-10T21:40:13","slug":"teclado-logitech-inalambrico-mx-mini-graphite-920-010846","status":"publish","type":"product","link":"https:\/\/rms-enlinea.com.ar\/tienda\/producto\/teclado-logitech-inalambrico-mx-mini-graphite-920-010846\/","title":{"rendered":"Teclado Logitech Inalambrico Mx Mini Graphite 920-010846"},"content":{"rendered":"<p>Especificaciones t\u00e9cnicas<br \/>\nConexi\u00f3n por Bluetooth o Logi Bolt 1No compatible con tecnolog\u00eda de receptor USB Logitech Unifying<\/p>\n<p>Easy-Switch: conecta hasta tres dispositivos y alterna entre ellos<\/p>\n<p>Retroiluminaci\u00f3n activada por sensor de proximidad de manos<\/p>\n<p>Sensor de luz ambiental con ajuste autom\u00e1tico<\/p>\n<p>Alcance inal\u00e1mbrico de 10 m 2El radio de acci\u00f3n inal\u00e1mbrico depende del entorno operativo y de la configuraci\u00f3n de dispositivos.<\/p>\n<p>Recargable por USB-C: hasta 15 d\u00edas (o hasta 10 meses con la retroiluminaci\u00f3n desactivada) 3La duraci\u00f3n de las bater\u00edas depende del uso y de los dispositivos<\/p>\n<p>Conmutador de encendido\/apagado<\/p>\n<p>Indicadores de bloqueo de may\u00fasculas y carga<\/p>\n<p>Compatible con mouse preparado para Logitech Flow<\/p>\n<p>Bater\u00eda: Bater\u00eda recargable Li-Po (1500 mAh)<\/p>\n<p>Software opcional: Logi Options+ y Logitech Flow<\/p>\n","protected":false},"excerpt":{"rendered":"<p>Especificaciones t\u00e9cnicas Conexi\u00f3n por Bluetooth o Logi Bolt 1No compatible con tecnolog\u00eda de receptor USB Logitech Unifying Easy-Switch: conecta hasta tres dispositivos y alterna entre ellos Retroiluminaci\u00f3n activada por sensor de proximidad de manos Sensor de luz ambiental con ajuste autom\u00e1tico Alcance inal\u00e1mbrico de 10 m 2El radio de acci\u00f3n inal\u00e1mbrico depende del entorno operativo [&hellip;]<\/p>\n","protected":false},"featured_media":32937,"comment_status":"open","ping_status":"closed","template":"","meta":{"_uag_custom_page_level_css":""},"product_brand":[549],"product_cat":[15,125],"product_tag":[],"class_list":{"0":"post-60483","1":"product","2":"type-product","3":"status-publish","4":"has-post-thumbnail","6":"product_brand-logitech","7":"product_cat-sin-categorizar","8":"product_cat-teclados-y-mouses","10":"first","11":"instock","12":"sale","13":"taxable","14":"shipping-taxable","15":"purchasable","16":"product-type-simple"},"uagb_featured_image_src":{"full":["https:\/\/rms-enlinea.com.ar\/wp-content\/uploads\/2025\/06\/D_648605-MLU76678278959_052024-F.jpg",1108,599,false],"thumbnail":["https:\/\/rms-enlinea.com.ar\/wp-content\/uploads\/2025\/06\/D_648605-MLU76678278959_052024-F-150x150.jpg",150,150,true],"medium":["https:\/\/rms-enlinea.com.ar\/wp-content\/uploads\/2025\/06\/D_648605-MLU76678278959_052024-F-300x162.jpg",300,162,true],"medium_large":["https:\/\/rms-enlinea.com.ar\/wp-content\/uploads\/2025\/06\/D_648605-MLU76678278959_052024-F-768x415.jpg",768,415,true],"large":["https:\/\/rms-enlinea.com.ar\/wp-content\/uploads\/2025\/06\/D_648605-MLU76678278959_052024-F-1024x554.jpg",1024,554,true],"1536x1536":["https:\/\/rms-enlinea.com.ar\/wp-content\/uploads\/2025\/06\/D_648605-MLU76678278959_052024-F.jpg",1108,599,false],"2048x2048":["https:\/\/rms-enlinea.com.ar\/wp-content\/uploads\/2025\/06\/D_648605-MLU76678278959_052024-F.jpg",1108,599,false],"woocommerce_thumbnail":["https:\/\/rms-enlinea.com.ar\/wp-content\/uploads\/2025\/06\/D_648605-MLU76678278959_052024-F-450x450.jpg",450,450,true],"woocommerce_single":["https:\/\/rms-enlinea.com.ar\/wp-content\/uploads\/2025\/06\/D_648605-MLU76678278959_052024-F-600x324.jpg",600,324,true],"woocommerce_gallery_thumbnail":["https:\/\/rms-enlinea.com.ar\/wp-content\/uploads\/2025\/06\/D_648605-MLU76678278959_052024-F-100x100.jpg",100,100,true]},"uagb_author_info":{"display_name":"nelson","author_link":"https:\/\/rms-enlinea.com.ar\/tienda\/author\/"},"uagb_comment_info":0,"uagb_excerpt":"Especificaciones t\u00e9cnicas Conexi\u00f3n por Bluetooth o Logi Bolt 1No compatible con tecnolog\u00eda de receptor USB Logitech Unifying Easy-Switch: conecta hasta tres dispositivos y alterna entre ellos Retroiluminaci\u00f3n activada por sensor de proximidad de manos Sensor de luz ambiental con ajuste autom\u00e1tico Alcance inal\u00e1mbrico de 10 m 2El radio de acci\u00f3n inal\u00e1mbrico depende del entorno operativo&hellip;","_links":{"self":[{"href":"https:\/\/rms-enlinea.com.ar\/tienda\/wp-json\/wp\/v2\/product\/60483","targetHints":{"allow":["GET"]}}],"collection":[{"href":"https:\/\/rms-enlinea.com.ar\/tienda\/wp-json\/wp\/v2\/product"}],"about":[{"href":"https:\/\/rms-enlinea.com.ar\/tienda\/wp-json\/wp\/v2\/types\/product"}],"replies":[{"embeddable":true,"href":"https:\/\/rms-enlinea.com.ar\/tienda\/wp-json\/wp\/v2\/comments?post=60483"}],"wp:featuredmedia":[{"embeddable":true,"href":"https:\/\/rms-enlinea.com.ar\/tienda\/wp-json\/wp\/v2\/media\/32937"}],"wp:attachment":[{"href":"https:\/\/rms-enlinea.com.ar\/tienda\/wp-json\/wp\/v2\/media?parent=60483"}],"wp:term":[{"taxonomy":"product_brand","embeddable":true,"href":"https:\/\/rms-enlinea.com.ar\/tienda\/wp-json\/wp\/v2\/product_brand?post=60483"},{"taxonomy":"product_cat","embeddable":true,"href":"https:\/\/rms-enlinea.com.ar\/tienda\/wp-json\/wp\/v2\/product_cat?post=60483"},{"taxonomy":"product_tag","embeddable":true,"href":"https:\/\/rms-enlinea.com.ar\/tienda\/wp-json\/wp\/v2\/product_tag?post=60483"}],"curies":[{"name":"wp","href":"https:\/\/api.w.org\/{rel}","templated":true}]}}