{"id":60487,"date":"2026-01-22T12:50:17","date_gmt":"2026-01-22T15:50:17","guid":{"rendered":"https:\/\/rms-enlinea.com.ar\/tienda\/producto\/palillos-de-bateria-nova-classic-n2b-punta-de-madera\/"},"modified":"2026-04-06T13:48:43","modified_gmt":"2026-04-06T16:48:43","slug":"palillos-de-bateria-nova-classic-n2b-punta-de-madera","status":"publish","type":"product","link":"https:\/\/rms-enlinea.com.ar\/tienda\/producto\/palillos-de-bateria-nova-classic-n2b-punta-de-madera\/","title":{"rendered":"Palillos De Bater\u00eda Nova Classic N2b Punta De Madera"},"content":{"rendered":"<p>Nova Classic 2B<br \/>\nLos palillos de bater\u00eda de la serie Nova tienen una ventaja indiscutible y clara en comparaci\u00f3n con otros palillos: a pesar de los precios asombrosos, tienen todas las caracter\u00edsticas y atributos de calidad.<\/p>\n<p>+ Palillos para bater\u00eda<br \/>\n+ Material de punta: madera<br \/>\n+ Di\u00e1metro: 1,58 cm<br \/>\n+ Largo: 41,28 cm<br \/>\n+ Estenosis del cuello: medio<br \/>\n+ Material: hickory<\/p>\n","protected":false},"excerpt":{"rendered":"<p>Nova Classic 2B Los palillos de bater\u00eda de la serie Nova tienen una ventaja indiscutible y clara en comparaci\u00f3n con otros palillos: a pesar de los precios asombrosos, tienen todas las caracter\u00edsticas y atributos de calidad. + Palillos para bater\u00eda + Material de punta: madera + Di\u00e1metro: 1,58 cm + Largo: 41,28 cm + Estenosis [&hellip;]<\/p>\n","protected":false},"featured_media":60488,"comment_status":"open","ping_status":"closed","template":"","meta":{"_uag_custom_page_level_css":""},"product_brand":[676],"product_cat":[70,15],"product_tag":[],"class_list":{"0":"post-60487","1":"product","2":"type-product","3":"status-publish","4":"has-post-thumbnail","6":"product_brand-nova","7":"product_cat-palillos","8":"product_cat-sin-categorizar","10":"first","11":"instock","12":"sale","13":"taxable","14":"shipping-taxable","15":"purchasable","16":"product-type-simple"},"uagb_featured_image_src":{"full":["https:\/\/rms-enlinea.com.ar\/wp-content\/uploads\/2026\/01\/D_786598-MLA105569270843_012026-F.jpg",870,919,false],"thumbnail":["https:\/\/rms-enlinea.com.ar\/wp-content\/uploads\/2026\/01\/D_786598-MLA105569270843_012026-F-150x150.jpg",150,150,true],"medium":["https:\/\/rms-enlinea.com.ar\/wp-content\/uploads\/2026\/01\/D_786598-MLA105569270843_012026-F-284x300.jpg",284,300,true],"medium_large":["https:\/\/rms-enlinea.com.ar\/wp-content\/uploads\/2026\/01\/D_786598-MLA105569270843_012026-F-768x811.jpg",768,811,true],"large":["https:\/\/rms-enlinea.com.ar\/wp-content\/uploads\/2026\/01\/D_786598-MLA105569270843_012026-F.jpg",870,919,false],"1536x1536":["https:\/\/rms-enlinea.com.ar\/wp-content\/uploads\/2026\/01\/D_786598-MLA105569270843_012026-F.jpg",870,919,false],"2048x2048":["https:\/\/rms-enlinea.com.ar\/wp-content\/uploads\/2026\/01\/D_786598-MLA105569270843_012026-F.jpg",870,919,false],"woocommerce_thumbnail":["https:\/\/rms-enlinea.com.ar\/wp-content\/uploads\/2026\/01\/D_786598-MLA105569270843_012026-F-450x450.jpg",450,450,true],"woocommerce_single":["https:\/\/rms-enlinea.com.ar\/wp-content\/uploads\/2026\/01\/D_786598-MLA105569270843_012026-F-600x634.jpg",600,634,true],"woocommerce_gallery_thumbnail":["https:\/\/rms-enlinea.com.ar\/wp-content\/uploads\/2026\/01\/D_786598-MLA105569270843_012026-F-100x100.jpg",100,100,true]},"uagb_author_info":{"display_name":"nelson","author_link":"https:\/\/rms-enlinea.com.ar\/tienda\/author\/"},"uagb_comment_info":0,"uagb_excerpt":"Nova Classic 2B Los palillos de bater\u00eda de la serie Nova tienen una ventaja indiscutible y clara en comparaci\u00f3n con otros palillos: a pesar de los precios asombrosos, tienen todas las caracter\u00edsticas y atributos de calidad. + Palillos para bater\u00eda + Material de punta: madera + Di\u00e1metro: 1,58 cm + Largo: 41,28 cm + Estenosis&hellip;","_links":{"self":[{"href":"https:\/\/rms-enlinea.com.ar\/tienda\/wp-json\/wp\/v2\/product\/60487","targetHints":{"allow":["GET"]}}],"collection":[{"href":"https:\/\/rms-enlinea.com.ar\/tienda\/wp-json\/wp\/v2\/product"}],"about":[{"href":"https:\/\/rms-enlinea.com.ar\/tienda\/wp-json\/wp\/v2\/types\/product"}],"replies":[{"embeddable":true,"href":"https:\/\/rms-enlinea.com.ar\/tienda\/wp-json\/wp\/v2\/comments?post=60487"}],"wp:featuredmedia":[{"embeddable":true,"href":"https:\/\/rms-enlinea.com.ar\/tienda\/wp-json\/wp\/v2\/media\/60488"}],"wp:attachment":[{"href":"https:\/\/rms-enlinea.com.ar\/tienda\/wp-json\/wp\/v2\/media?parent=60487"}],"wp:term":[{"taxonomy":"product_brand","embeddable":true,"href":"https:\/\/rms-enlinea.com.ar\/tienda\/wp-json\/wp\/v2\/product_brand?post=60487"},{"taxonomy":"product_cat","embeddable":true,"href":"https:\/\/rms-enlinea.com.ar\/tienda\/wp-json\/wp\/v2\/product_cat?post=60487"},{"taxonomy":"product_tag","embeddable":true,"href":"https:\/\/rms-enlinea.com.ar\/tienda\/wp-json\/wp\/v2\/product_tag?post=60487"}],"curies":[{"name":"wp","href":"https:\/\/api.w.org\/{rel}","templated":true}]}}