{"id":60496,"date":"2026-01-22T18:11:46","date_gmt":"2026-01-22T21:11:46","guid":{"rendered":"https:\/\/rms-enlinea.com.ar\/tienda\/producto\/notebook-lenovo-ip-slim-3-15iah8-15-6-fhd-touch-i5-8gb-512g\/"},"modified":"2026-04-21T05:39:56","modified_gmt":"2026-04-21T08:39:56","slug":"notebook-lenovo-ip-slim-3-15iah8-15-6-fhd-touch-i5-8gb-512g","status":"publish","type":"product","link":"https:\/\/rms-enlinea.com.ar\/tienda\/producto\/notebook-lenovo-ip-slim-3-15iah8-15-6-fhd-touch-i5-8gb-512g\/","title":{"rendered":"Notebook Lenovo Ip Slim 3 15iah8 15.6 Fhd Touch I5 8gb 512g"},"content":{"rendered":"<p>PERFORMANCE<br \/>\nProcesador<br \/>\nIntel\u00ae Core&#x2122; i5-12450H, 8 n\u00facleos (4 n\u00facleos + 4 n\u00facleos)\/12 n\u00facleos, n\u00facleo P 2,0\/4,4 GHz, n\u00facleo E 1,5\/3,3 GHz, 12 MB<br \/>\nGr\u00e1ficos<br \/>\nGr\u00e1ficos Intel\u00ae UHD integrados<br \/>\nConjunto de chips<br \/>\nPlataforma SoC Intel\u00ae<br \/>\nMemoria<br \/>\nLPDDR5-4800 soldado de 8 GB<br \/>\nRanuras de memoria<br \/>\nMemoria soldada a la placa base, sin ranuras, canal \u00fanico (modelos de 8 GB)<br \/>\nMemoria m\u00e1xima<br \/>\nMemoria soldada de 8 GB, no actualizable<br \/>\nAlmacenamiento<br \/>\nUnidad de estado s\u00f3lido M.2 2242 PCIe\u00ae 4.0&#215;4 NVMe\u00ae de 512 GB<br \/>\nRanura de almacenamiento<br \/>\nUna ranura M.2 PCIe\u00ae 4.0 x4<br \/>\nLector de tarjetas<br \/>\nLector de tarjetas SD<br \/>\n\u00d3ptico<br \/>\nNinguno<br \/>\nChip de audio<br \/>\nAudio de alta definici\u00f3n (HD)<br \/>\nSpeakers<br \/>\nAltavoces est\u00e9reo orientados al usuario, 1,5 W x2, optimizados con Dolby Audio&#x2122;<br \/>\nC\u00e1mara<br \/>\nFHD 1080p con obturador de privacidad<br \/>\nMicr\u00f3fono<br \/>\n2x, Matriz<br \/>\nBater\u00eda<br \/>\nBater\u00eda integrada de 47 Wh<br \/>\nAdaptador de corriente<br \/>\nPunta redonda de 65 W (3 pines)<br \/>\nDISE\u00d1O<br \/>\nDisplay<\/p>\n<p>Pantalla t\u00e1ctil FHD de 15,6&#8243; (1920 x 1080) IPS de 300 nits antirreflejo<br \/>\nPantalla t\u00e1ctil<br \/>\nMultit\u00e1ctil de 10 puntos en el celular<br \/>\nTeclado<br \/>\nSin retroiluminaci\u00f3n, espa\u00f1ol (LA)<br \/>\nPanel t\u00e1ctil<br \/>\nPanel t\u00e1ctil multit\u00e1ctil con superficie Mylar\u00ae sin botones, compatible con Precision TouchPad (PTP), 69 x 104 mm (2,72 x 4,09 pulgadas)<br \/>\nColor de la caja<br \/>\nAzul escarcha<br \/>\nTratamiento de superficies<br \/>\nIMR (Decoraci\u00f3n en molde con rodillo)<br \/>\nMaterial de la caja<br \/>\nPC-ABS (arriba), PC-ABS (abajo)<br \/>\nDimensiones (Ancho x Profundidad x Alto)<\/p>\n<p>359,3 x 235 x 17,9 mm (14,15 x 9,25 x 0,70 pulgadas)<br \/>\nPeso<\/p>\n<p>A partir de 1,62 kg (3,57 lbs)<\/p>\n","protected":false},"excerpt":{"rendered":"<p>PERFORMANCE Procesador Intel\u00ae Core&#x2122; i5-12450H, 8 n\u00facleos (4 n\u00facleos + 4 n\u00facleos)\/12 n\u00facleos, n\u00facleo P 2,0\/4,4 GHz, n\u00facleo E 1,5\/3,3 GHz, 12 MB Gr\u00e1ficos Gr\u00e1ficos Intel\u00ae UHD integrados Conjunto de chips Plataforma SoC Intel\u00ae Memoria LPDDR5-4800 soldado de 8 GB Ranuras de memoria Memoria soldada a la placa base, sin ranuras, canal \u00fanico (modelos de [&hellip;]<\/p>\n","protected":false},"featured_media":60497,"comment_status":"open","ping_status":"closed","template":"","meta":{"_uag_custom_page_level_css":""},"product_brand":[552],"product_cat":[116,15],"product_tag":[],"class_list":{"0":"post-60496","1":"product","2":"type-product","3":"status-publish","4":"has-post-thumbnail","6":"product_brand-hp","7":"product_cat-notebooks-y-tablet","8":"product_cat-sin-categorizar","10":"first","11":"outofstock","12":"sale","13":"taxable","14":"shipping-taxable","15":"purchasable","16":"product-type-simple"},"uagb_featured_image_src":{"full":["https:\/\/rms-enlinea.com.ar\/wp-content\/uploads\/2026\/01\/D_943792-MLA99446192832_112025-F.jpg",1200,930,false],"thumbnail":["https:\/\/rms-enlinea.com.ar\/wp-content\/uploads\/2026\/01\/D_943792-MLA99446192832_112025-F-150x150.jpg",150,150,true],"medium":["https:\/\/rms-enlinea.com.ar\/wp-content\/uploads\/2026\/01\/D_943792-MLA99446192832_112025-F-300x233.jpg",300,233,true],"medium_large":["https:\/\/rms-enlinea.com.ar\/wp-content\/uploads\/2026\/01\/D_943792-MLA99446192832_112025-F-768x595.jpg",768,595,true],"large":["https:\/\/rms-enlinea.com.ar\/wp-content\/uploads\/2026\/01\/D_943792-MLA99446192832_112025-F-1024x794.jpg",1024,794,true],"1536x1536":["https:\/\/rms-enlinea.com.ar\/wp-content\/uploads\/2026\/01\/D_943792-MLA99446192832_112025-F.jpg",1200,930,false],"2048x2048":["https:\/\/rms-enlinea.com.ar\/wp-content\/uploads\/2026\/01\/D_943792-MLA99446192832_112025-F.jpg",1200,930,false],"woocommerce_thumbnail":["https:\/\/rms-enlinea.com.ar\/wp-content\/uploads\/2026\/01\/D_943792-MLA99446192832_112025-F-450x450.jpg",450,450,true],"woocommerce_single":["https:\/\/rms-enlinea.com.ar\/wp-content\/uploads\/2026\/01\/D_943792-MLA99446192832_112025-F-600x465.jpg",600,465,true],"woocommerce_gallery_thumbnail":["https:\/\/rms-enlinea.com.ar\/wp-content\/uploads\/2026\/01\/D_943792-MLA99446192832_112025-F-100x100.jpg",100,100,true]},"uagb_author_info":{"display_name":"nelson","author_link":"https:\/\/rms-enlinea.com.ar\/tienda\/author\/"},"uagb_comment_info":0,"uagb_excerpt":"PERFORMANCE Procesador Intel\u00ae Core&#x2122; i5-12450H, 8 n\u00facleos (4 n\u00facleos + 4 n\u00facleos)\/12 n\u00facleos, n\u00facleo P 2,0\/4,4 GHz, n\u00facleo E 1,5\/3,3 GHz, 12 MB Gr\u00e1ficos Gr\u00e1ficos Intel\u00ae UHD integrados Conjunto de chips Plataforma SoC Intel\u00ae Memoria LPDDR5-4800 soldado de 8 GB Ranuras de memoria Memoria soldada a la placa base, sin ranuras, canal \u00fanico (modelos de&hellip;","_links":{"self":[{"href":"https:\/\/rms-enlinea.com.ar\/tienda\/wp-json\/wp\/v2\/product\/60496","targetHints":{"allow":["GET"]}}],"collection":[{"href":"https:\/\/rms-enlinea.com.ar\/tienda\/wp-json\/wp\/v2\/product"}],"about":[{"href":"https:\/\/rms-enlinea.com.ar\/tienda\/wp-json\/wp\/v2\/types\/product"}],"replies":[{"embeddable":true,"href":"https:\/\/rms-enlinea.com.ar\/tienda\/wp-json\/wp\/v2\/comments?post=60496"}],"wp:featuredmedia":[{"embeddable":true,"href":"https:\/\/rms-enlinea.com.ar\/tienda\/wp-json\/wp\/v2\/media\/60497"}],"wp:attachment":[{"href":"https:\/\/rms-enlinea.com.ar\/tienda\/wp-json\/wp\/v2\/media?parent=60496"}],"wp:term":[{"taxonomy":"product_brand","embeddable":true,"href":"https:\/\/rms-enlinea.com.ar\/tienda\/wp-json\/wp\/v2\/product_brand?post=60496"},{"taxonomy":"product_cat","embeddable":true,"href":"https:\/\/rms-enlinea.com.ar\/tienda\/wp-json\/wp\/v2\/product_cat?post=60496"},{"taxonomy":"product_tag","embeddable":true,"href":"https:\/\/rms-enlinea.com.ar\/tienda\/wp-json\/wp\/v2\/product_tag?post=60496"}],"curies":[{"name":"wp","href":"https:\/\/api.w.org\/{rel}","templated":true}]}}