{"id":60510,"date":"2026-01-24T11:20:45","date_gmt":"2026-01-24T14:20:45","guid":{"rendered":"https:\/\/rms-enlinea.com.ar\/tienda\/producto\/bafle-monitor-american-vox-f12x-12-pulg-400w-rms-122db\/"},"modified":"2026-04-21T03:36:04","modified_gmt":"2026-04-21T06:36:04","slug":"bafle-monitor-american-vox-f12x-12-pulg-400w-rms-122db","status":"publish","type":"product","link":"https:\/\/rms-enlinea.com.ar\/tienda\/producto\/bafle-monitor-american-vox-f12x-12-pulg-400w-rms-122db\/","title":{"rendered":"Bafle Monitor Pasivo American Vox F12x 12 400w Rms 122db"},"content":{"rendered":"<p>Impedancia nominal\t8 Ohm<br \/>Soporte potencia AES\t400 W<br \/>Soporte m\u00e1ximo de potencia\t800 W<br \/>Max SPL\t122dB  128dB Peak<br \/>Rango de frecuencia\t65Hz  18KHz<br \/>Parlante\t12C75<br \/>Di\u00e1metro Bobina\t76 mm (3 in)<br \/>Driver\tTipo AV-44 1 PULG<br \/>Di\u00e1metro Bobina\t44 mm (1.75 in)<br \/>Material\tMulti laminado fenolico<br \/>Observaci\u00f3n\tIncluye sombrero metalico<\/p>\n","protected":false},"excerpt":{"rendered":"<p>Impedancia nominal 8 OhmSoporte potencia AES 400 WSoporte m\u00e1ximo de potencia 800 WMax SPL 122dB 128dB PeakRango de frecuencia 65Hz 18KHzParlante 12C75Di\u00e1metro Bobina 76 mm (3 in)Driver Tipo AV-44 1 PULGDi\u00e1metro Bobina 44 mm (1.75 in)Material Multi laminado fenolicoObservaci\u00f3n Incluye sombrero metalico<\/p>\n","protected":false},"featured_media":60511,"comment_status":"open","ping_status":"closed","template":"","meta":{"_uag_custom_page_level_css":""},"product_brand":[506],"product_cat":[36,15],"product_tag":[],"class_list":{"0":"post-60510","1":"product","2":"type-product","3":"status-publish","4":"has-post-thumbnail","6":"product_brand-americanvox","7":"product_cat-bafles","8":"product_cat-sin-categorizar","10":"first","11":"outofstock","12":"sale","13":"taxable","14":"shipping-taxable","15":"purchasable","16":"product-type-simple"},"uagb_featured_image_src":{"full":["https:\/\/rms-enlinea.com.ar\/wp-content\/uploads\/2026\/01\/D_633200-MLA105171527222_012026-F.jpg",545,809,false],"thumbnail":["https:\/\/rms-enlinea.com.ar\/wp-content\/uploads\/2026\/01\/D_633200-MLA105171527222_012026-F-150x150.jpg",150,150,true],"medium":["https:\/\/rms-enlinea.com.ar\/wp-content\/uploads\/2026\/01\/D_633200-MLA105171527222_012026-F-202x300.jpg",202,300,true],"medium_large":["https:\/\/rms-enlinea.com.ar\/wp-content\/uploads\/2026\/01\/D_633200-MLA105171527222_012026-F.jpg",545,809,false],"large":["https:\/\/rms-enlinea.com.ar\/wp-content\/uploads\/2026\/01\/D_633200-MLA105171527222_012026-F.jpg",545,809,false],"1536x1536":["https:\/\/rms-enlinea.com.ar\/wp-content\/uploads\/2026\/01\/D_633200-MLA105171527222_012026-F.jpg",545,809,false],"2048x2048":["https:\/\/rms-enlinea.com.ar\/wp-content\/uploads\/2026\/01\/D_633200-MLA105171527222_012026-F.jpg",545,809,false],"woocommerce_thumbnail":["https:\/\/rms-enlinea.com.ar\/wp-content\/uploads\/2026\/01\/D_633200-MLA105171527222_012026-F-450x450.jpg",450,450,true],"woocommerce_single":["https:\/\/rms-enlinea.com.ar\/wp-content\/uploads\/2026\/01\/D_633200-MLA105171527222_012026-F.jpg",545,809,false],"woocommerce_gallery_thumbnail":["https:\/\/rms-enlinea.com.ar\/wp-content\/uploads\/2026\/01\/D_633200-MLA105171527222_012026-F-100x100.jpg",100,100,true]},"uagb_author_info":{"display_name":"nelson","author_link":"https:\/\/rms-enlinea.com.ar\/tienda\/author\/"},"uagb_comment_info":0,"uagb_excerpt":"Impedancia nominal 8 OhmSoporte potencia AES 400 WSoporte m\u00e1ximo de potencia 800 WMax SPL 122dB 128dB PeakRango de frecuencia 65Hz 18KHzParlante 12C75Di\u00e1metro Bobina 76 mm (3 in)Driver Tipo AV-44 1 PULGDi\u00e1metro Bobina 44 mm (1.75 in)Material Multi laminado fenolicoObservaci\u00f3n Incluye sombrero metalico","_links":{"self":[{"href":"https:\/\/rms-enlinea.com.ar\/tienda\/wp-json\/wp\/v2\/product\/60510","targetHints":{"allow":["GET"]}}],"collection":[{"href":"https:\/\/rms-enlinea.com.ar\/tienda\/wp-json\/wp\/v2\/product"}],"about":[{"href":"https:\/\/rms-enlinea.com.ar\/tienda\/wp-json\/wp\/v2\/types\/product"}],"replies":[{"embeddable":true,"href":"https:\/\/rms-enlinea.com.ar\/tienda\/wp-json\/wp\/v2\/comments?post=60510"}],"wp:featuredmedia":[{"embeddable":true,"href":"https:\/\/rms-enlinea.com.ar\/tienda\/wp-json\/wp\/v2\/media\/60511"}],"wp:attachment":[{"href":"https:\/\/rms-enlinea.com.ar\/tienda\/wp-json\/wp\/v2\/media?parent=60510"}],"wp:term":[{"taxonomy":"product_brand","embeddable":true,"href":"https:\/\/rms-enlinea.com.ar\/tienda\/wp-json\/wp\/v2\/product_brand?post=60510"},{"taxonomy":"product_cat","embeddable":true,"href":"https:\/\/rms-enlinea.com.ar\/tienda\/wp-json\/wp\/v2\/product_cat?post=60510"},{"taxonomy":"product_tag","embeddable":true,"href":"https:\/\/rms-enlinea.com.ar\/tienda\/wp-json\/wp\/v2\/product_tag?post=60510"}],"curies":[{"name":"wp","href":"https:\/\/api.w.org\/{rel}","templated":true}]}}