{"id":60519,"date":"2026-01-24T12:40:48","date_gmt":"2026-01-24T15:40:48","guid":{"rendered":"https:\/\/rms-enlinea.com.ar\/tienda\/producto\/subwoofer-pasivo-american-vox-s18x-18-pulgadas-1000w-130db\/"},"modified":"2026-03-31T19:24:30","modified_gmt":"2026-03-31T22:24:30","slug":"subwoofer-pasivo-american-vox-s18x-18-pulgadas-1000w-130db","status":"publish","type":"product","link":"https:\/\/rms-enlinea.com.ar\/tienda\/producto\/subwoofer-pasivo-american-vox-s18x-18-pulgadas-1000w-130db\/","title":{"rendered":"Subwoofer Pasivo American Vox S18x 18 Pulgadas 1000w 130db"},"content":{"rendered":"<p>Impedancia nominal\t8 Ohm<br \/>Soporte potencia AES\t1000 W<br \/>Soporte m\u00e1ximo de potencia\t2000 W<br \/>Max SPL\t130dB \/ 136dB Peak<br \/>Rango de frecuencia\t40Hz \u00f7 120Hz<br \/>Di\u00e1metro Bobina\t100 mm (4 in)<br \/>Parlante\tAV-1806<br \/>Material\tMulti laminado fenolico<br \/>Observaci\u00f3n\tIncluye sombrero metalico<\/p>\n","protected":false},"excerpt":{"rendered":"<p>Impedancia nominal 8 OhmSoporte potencia AES 1000 WSoporte m\u00e1ximo de potencia 2000 WMax SPL 130dB \/ 136dB PeakRango de frecuencia 40Hz \u00f7 120HzDi\u00e1metro Bobina 100 mm (4 in)Parlante AV-1806Material Multi laminado fenolicoObservaci\u00f3n Incluye sombrero metalico<\/p>\n","protected":false},"featured_media":60520,"comment_status":"open","ping_status":"closed","template":"","meta":{"_uag_custom_page_level_css":""},"product_brand":[506],"product_cat":[36,15],"product_tag":[],"class_list":{"0":"post-60519","1":"product","2":"type-product","3":"status-publish","4":"has-post-thumbnail","6":"product_brand-americanvox","7":"product_cat-bafles","8":"product_cat-sin-categorizar","10":"first","11":"outofstock","12":"sale","13":"taxable","14":"shipping-taxable","15":"purchasable","16":"product-type-simple"},"uagb_featured_image_src":{"full":["https:\/\/rms-enlinea.com.ar\/wp-content\/uploads\/2026\/01\/D_718517-MLA105754732779_012026-F.jpg",832,840,false],"thumbnail":["https:\/\/rms-enlinea.com.ar\/wp-content\/uploads\/2026\/01\/D_718517-MLA105754732779_012026-F-150x150.jpg",150,150,true],"medium":["https:\/\/rms-enlinea.com.ar\/wp-content\/uploads\/2026\/01\/D_718517-MLA105754732779_012026-F-297x300.jpg",297,300,true],"medium_large":["https:\/\/rms-enlinea.com.ar\/wp-content\/uploads\/2026\/01\/D_718517-MLA105754732779_012026-F-768x775.jpg",768,775,true],"large":["https:\/\/rms-enlinea.com.ar\/wp-content\/uploads\/2026\/01\/D_718517-MLA105754732779_012026-F.jpg",832,840,false],"1536x1536":["https:\/\/rms-enlinea.com.ar\/wp-content\/uploads\/2026\/01\/D_718517-MLA105754732779_012026-F.jpg",832,840,false],"2048x2048":["https:\/\/rms-enlinea.com.ar\/wp-content\/uploads\/2026\/01\/D_718517-MLA105754732779_012026-F.jpg",832,840,false],"woocommerce_thumbnail":["https:\/\/rms-enlinea.com.ar\/wp-content\/uploads\/2026\/01\/D_718517-MLA105754732779_012026-F-450x450.jpg",450,450,true],"woocommerce_single":["https:\/\/rms-enlinea.com.ar\/wp-content\/uploads\/2026\/01\/D_718517-MLA105754732779_012026-F-600x606.jpg",600,606,true],"woocommerce_gallery_thumbnail":["https:\/\/rms-enlinea.com.ar\/wp-content\/uploads\/2026\/01\/D_718517-MLA105754732779_012026-F-100x100.jpg",100,100,true]},"uagb_author_info":{"display_name":"nelson","author_link":"https:\/\/rms-enlinea.com.ar\/tienda\/author\/"},"uagb_comment_info":0,"uagb_excerpt":"Impedancia nominal 8 OhmSoporte potencia AES 1000 WSoporte m\u00e1ximo de potencia 2000 WMax SPL 130dB \/ 136dB PeakRango de frecuencia 40Hz \u00f7 120HzDi\u00e1metro Bobina 100 mm (4 in)Parlante AV-1806Material Multi laminado fenolicoObservaci\u00f3n Incluye sombrero metalico","_links":{"self":[{"href":"https:\/\/rms-enlinea.com.ar\/tienda\/wp-json\/wp\/v2\/product\/60519","targetHints":{"allow":["GET"]}}],"collection":[{"href":"https:\/\/rms-enlinea.com.ar\/tienda\/wp-json\/wp\/v2\/product"}],"about":[{"href":"https:\/\/rms-enlinea.com.ar\/tienda\/wp-json\/wp\/v2\/types\/product"}],"replies":[{"embeddable":true,"href":"https:\/\/rms-enlinea.com.ar\/tienda\/wp-json\/wp\/v2\/comments?post=60519"}],"wp:featuredmedia":[{"embeddable":true,"href":"https:\/\/rms-enlinea.com.ar\/tienda\/wp-json\/wp\/v2\/media\/60520"}],"wp:attachment":[{"href":"https:\/\/rms-enlinea.com.ar\/tienda\/wp-json\/wp\/v2\/media?parent=60519"}],"wp:term":[{"taxonomy":"product_brand","embeddable":true,"href":"https:\/\/rms-enlinea.com.ar\/tienda\/wp-json\/wp\/v2\/product_brand?post=60519"},{"taxonomy":"product_cat","embeddable":true,"href":"https:\/\/rms-enlinea.com.ar\/tienda\/wp-json\/wp\/v2\/product_cat?post=60519"},{"taxonomy":"product_tag","embeddable":true,"href":"https:\/\/rms-enlinea.com.ar\/tienda\/wp-json\/wp\/v2\/product_tag?post=60519"}],"curies":[{"name":"wp","href":"https:\/\/api.w.org\/{rel}","templated":true}]}}