{"id":60576,"date":"2026-01-29T09:30:13","date_gmt":"2026-01-29T12:30:13","guid":{"rendered":"https:\/\/rms-enlinea.com.ar\/tienda\/producto\/procesador-intel-core-i3-12100f-s-graficos-c-cooler-lga-1700\/"},"modified":"2026-03-27T21:50:10","modified_gmt":"2026-03-28T00:50:10","slug":"procesador-intel-core-i3-12100f-s-graficos-c-cooler-lga-1700","status":"publish","type":"product","link":"https:\/\/rms-enlinea.com.ar\/tienda\/producto\/procesador-intel-core-i3-12100f-s-graficos-c-cooler-lga-1700\/","title":{"rendered":"Procesador Intel Core I3 12100f S\/graficos C\/cooler Lga 1700"},"content":{"rendered":"<p>El procesador Intel Core i3-12100F es una opci\u00f3n ideal para quienes buscan un rendimiento s\u00f3lido en computadoras de escritorio. Con una arquitectura x86-64 y una litograf\u00eda de 7 nm, este procesador ofrece una frecuencia m\u00ednima de 3.3 GHz y puede alcanzar hasta 4.3 GHz, garantizando una experiencia fluida en tareas cotidianas y juegos.<\/p>\n<p>Con 4 n\u00facleos y 8 hilos, el i3-12100F permite un manejo eficiente de m\u00faltiples aplicaciones simult\u00e1neamente. Soporta memoria RAM DDR4 y DDR5, con una capacidad m\u00e1xima de 128 GB y una velocidad de hasta 4800 MT\/s, lo que lo convierte en una excelente opci\u00f3n para configuraciones de alto rendimiento.<\/p>\n<p>Este procesador no incluye gr\u00e1ficos integrados, lo que lo hace perfecto para quienes planean utilizar una tarjeta gr\u00e1fica dedicada. Adem\u00e1s, es compatible con la tecnolog\u00eda PCIe 5.0, asegurando una conexi\u00f3n r\u00e1pida y eficiente con otros componentes de \u00faltima generaci\u00f3n.<\/p>\n<p>El i3-12100F es una elecci\u00f3n inteligente para gamers y usuarios que buscan un equilibrio entre rendimiento y eficiencia energ\u00e9tica, con un TDP de solo 58 W. Su capacidad para soportar resoluciones 4K y su tecnolog\u00eda de Hyper-threading lo posicionan como una opci\u00f3n vers\u00e1til para diversas aplicaciones.<\/p>\n","protected":false},"excerpt":{"rendered":"<p>El procesador Intel Core i3-12100F es una opci\u00f3n ideal para quienes buscan un rendimiento s\u00f3lido en computadoras de escritorio. Con una arquitectura x86-64 y una litograf\u00eda de 7 nm, este procesador ofrece una frecuencia m\u00ednima de 3.3 GHz y puede alcanzar hasta 4.3 GHz, garantizando una experiencia fluida en tareas cotidianas y juegos. Con 4 [&hellip;]<\/p>\n","protected":false},"featured_media":60577,"comment_status":"open","ping_status":"closed","template":"","meta":{"_uag_custom_page_level_css":""},"product_brand":[530],"product_cat":[121,15],"product_tag":[],"class_list":{"0":"post-60576","1":"product","2":"type-product","3":"status-publish","4":"has-post-thumbnail","6":"product_brand-intel","7":"product_cat-procesadores-computacion","8":"product_cat-sin-categorizar","10":"first","11":"instock","12":"sale","13":"taxable","14":"shipping-taxable","15":"purchasable","16":"product-type-simple"},"uagb_featured_image_src":{"full":["https:\/\/rms-enlinea.com.ar\/wp-content\/uploads\/2026\/01\/D_777319-MLA100048446187_122025-F.jpg",1178,1200,false],"thumbnail":["https:\/\/rms-enlinea.com.ar\/wp-content\/uploads\/2026\/01\/D_777319-MLA100048446187_122025-F-150x150.jpg",150,150,true],"medium":["https:\/\/rms-enlinea.com.ar\/wp-content\/uploads\/2026\/01\/D_777319-MLA100048446187_122025-F-295x300.jpg",295,300,true],"medium_large":["https:\/\/rms-enlinea.com.ar\/wp-content\/uploads\/2026\/01\/D_777319-MLA100048446187_122025-F-768x782.jpg",768,782,true],"large":["https:\/\/rms-enlinea.com.ar\/wp-content\/uploads\/2026\/01\/D_777319-MLA100048446187_122025-F-1005x1024.jpg",1005,1024,true],"1536x1536":["https:\/\/rms-enlinea.com.ar\/wp-content\/uploads\/2026\/01\/D_777319-MLA100048446187_122025-F.jpg",1178,1200,false],"2048x2048":["https:\/\/rms-enlinea.com.ar\/wp-content\/uploads\/2026\/01\/D_777319-MLA100048446187_122025-F.jpg",1178,1200,false],"woocommerce_thumbnail":["https:\/\/rms-enlinea.com.ar\/wp-content\/uploads\/2026\/01\/D_777319-MLA100048446187_122025-F-450x450.jpg",450,450,true],"woocommerce_single":["https:\/\/rms-enlinea.com.ar\/wp-content\/uploads\/2026\/01\/D_777319-MLA100048446187_122025-F-600x611.jpg",600,611,true],"woocommerce_gallery_thumbnail":["https:\/\/rms-enlinea.com.ar\/wp-content\/uploads\/2026\/01\/D_777319-MLA100048446187_122025-F-100x100.jpg",100,100,true]},"uagb_author_info":{"display_name":"nelson","author_link":"https:\/\/rms-enlinea.com.ar\/tienda\/author\/"},"uagb_comment_info":0,"uagb_excerpt":"El procesador Intel Core i3-12100F es una opci\u00f3n ideal para quienes buscan un rendimiento s\u00f3lido en computadoras de escritorio. Con una arquitectura x86-64 y una litograf\u00eda de 7 nm, este procesador ofrece una frecuencia m\u00ednima de 3.3 GHz y puede alcanzar hasta 4.3 GHz, garantizando una experiencia fluida en tareas cotidianas y juegos. Con 4&hellip;","_links":{"self":[{"href":"https:\/\/rms-enlinea.com.ar\/tienda\/wp-json\/wp\/v2\/product\/60576","targetHints":{"allow":["GET"]}}],"collection":[{"href":"https:\/\/rms-enlinea.com.ar\/tienda\/wp-json\/wp\/v2\/product"}],"about":[{"href":"https:\/\/rms-enlinea.com.ar\/tienda\/wp-json\/wp\/v2\/types\/product"}],"replies":[{"embeddable":true,"href":"https:\/\/rms-enlinea.com.ar\/tienda\/wp-json\/wp\/v2\/comments?post=60576"}],"wp:featuredmedia":[{"embeddable":true,"href":"https:\/\/rms-enlinea.com.ar\/tienda\/wp-json\/wp\/v2\/media\/60577"}],"wp:attachment":[{"href":"https:\/\/rms-enlinea.com.ar\/tienda\/wp-json\/wp\/v2\/media?parent=60576"}],"wp:term":[{"taxonomy":"product_brand","embeddable":true,"href":"https:\/\/rms-enlinea.com.ar\/tienda\/wp-json\/wp\/v2\/product_brand?post=60576"},{"taxonomy":"product_cat","embeddable":true,"href":"https:\/\/rms-enlinea.com.ar\/tienda\/wp-json\/wp\/v2\/product_cat?post=60576"},{"taxonomy":"product_tag","embeddable":true,"href":"https:\/\/rms-enlinea.com.ar\/tienda\/wp-json\/wp\/v2\/product_tag?post=60576"}],"curies":[{"name":"wp","href":"https:\/\/api.w.org\/{rel}","templated":true}]}}