{"id":60603,"date":"2026-01-30T17:30:18","date_gmt":"2026-01-30T20:30:18","guid":{"rendered":"https:\/\/rms-enlinea.com.ar\/tienda\/producto\/tablero-de-iluminacion-8-teclas-termicas-consola-luces-ecb8k\/"},"modified":"2026-04-07T17:10:21","modified_gmt":"2026-04-07T20:10:21","slug":"tablero-de-iluminacion-8-teclas-termicas-consola-luces-ecb8k","status":"publish","type":"product","link":"https:\/\/rms-enlinea.com.ar\/tienda\/producto\/tablero-de-iluminacion-8-teclas-termicas-consola-luces-ecb8k\/","title":{"rendered":"Tablero De Iluminaci\u00f3n 8 Teclas Termicas Consola Luces Ecb8k"},"content":{"rendered":"<p>Salidas independientes con tomas universales.<br \/>\nLlaves independientes con leds luminosos indicadores de encendido y protecci\u00f3n t\u00e9rmica.<br \/>\nProvisto de cable de alimentaci\u00f3n con ficha inyectada.<br \/>\n8 canales on-off de 6 Amperes.<br \/>\nIdeal para Dj`s, salones de fiesta, pubs, bares, etc..<\/p>\n","protected":false},"excerpt":{"rendered":"<p>Salidas independientes con tomas universales. Llaves independientes con leds luminosos indicadores de encendido y protecci\u00f3n t\u00e9rmica. Provisto de cable de alimentaci\u00f3n con ficha inyectada. 8 canales on-off de 6 Amperes. Ideal para Dj`s, salones de fiesta, pubs, bares, etc..<\/p>\n","protected":false},"featured_media":60604,"comment_status":"open","ping_status":"closed","template":"","meta":{"_uag_custom_page_level_css":""},"product_brand":[503],"product_cat":[87,15],"product_tag":[],"class_list":{"0":"post-60603","1":"product","2":"type-product","3":"status-publish","4":"has-post-thumbnail","6":"product_brand-elighting","7":"product_cat-consolas-y-controladoras-dmx","8":"product_cat-sin-categorizar","10":"first","11":"instock","12":"sale","13":"taxable","14":"shipping-taxable","15":"purchasable","16":"product-type-simple"},"uagb_featured_image_src":{"full":["https:\/\/rms-enlinea.com.ar\/wp-content\/uploads\/2026\/01\/D_977224-MLA106276530675_012026-F.jpg",1199,617,false],"thumbnail":["https:\/\/rms-enlinea.com.ar\/wp-content\/uploads\/2026\/01\/D_977224-MLA106276530675_012026-F-150x150.jpg",150,150,true],"medium":["https:\/\/rms-enlinea.com.ar\/wp-content\/uploads\/2026\/01\/D_977224-MLA106276530675_012026-F-300x154.jpg",300,154,true],"medium_large":["https:\/\/rms-enlinea.com.ar\/wp-content\/uploads\/2026\/01\/D_977224-MLA106276530675_012026-F-768x395.jpg",768,395,true],"large":["https:\/\/rms-enlinea.com.ar\/wp-content\/uploads\/2026\/01\/D_977224-MLA106276530675_012026-F-1024x527.jpg",1024,527,true],"1536x1536":["https:\/\/rms-enlinea.com.ar\/wp-content\/uploads\/2026\/01\/D_977224-MLA106276530675_012026-F.jpg",1199,617,false],"2048x2048":["https:\/\/rms-enlinea.com.ar\/wp-content\/uploads\/2026\/01\/D_977224-MLA106276530675_012026-F.jpg",1199,617,false],"woocommerce_thumbnail":["https:\/\/rms-enlinea.com.ar\/wp-content\/uploads\/2026\/01\/D_977224-MLA106276530675_012026-F-450x450.jpg",450,450,true],"woocommerce_single":["https:\/\/rms-enlinea.com.ar\/wp-content\/uploads\/2026\/01\/D_977224-MLA106276530675_012026-F-600x309.jpg",600,309,true],"woocommerce_gallery_thumbnail":["https:\/\/rms-enlinea.com.ar\/wp-content\/uploads\/2026\/01\/D_977224-MLA106276530675_012026-F-100x100.jpg",100,100,true]},"uagb_author_info":{"display_name":"nelson","author_link":"https:\/\/rms-enlinea.com.ar\/tienda\/author\/"},"uagb_comment_info":0,"uagb_excerpt":"Salidas independientes con tomas universales. Llaves independientes con leds luminosos indicadores de encendido y protecci\u00f3n t\u00e9rmica. Provisto de cable de alimentaci\u00f3n con ficha inyectada. 8 canales on-off de 6 Amperes. Ideal para Dj`s, salones de fiesta, pubs, bares, etc..","_links":{"self":[{"href":"https:\/\/rms-enlinea.com.ar\/tienda\/wp-json\/wp\/v2\/product\/60603","targetHints":{"allow":["GET"]}}],"collection":[{"href":"https:\/\/rms-enlinea.com.ar\/tienda\/wp-json\/wp\/v2\/product"}],"about":[{"href":"https:\/\/rms-enlinea.com.ar\/tienda\/wp-json\/wp\/v2\/types\/product"}],"replies":[{"embeddable":true,"href":"https:\/\/rms-enlinea.com.ar\/tienda\/wp-json\/wp\/v2\/comments?post=60603"}],"wp:featuredmedia":[{"embeddable":true,"href":"https:\/\/rms-enlinea.com.ar\/tienda\/wp-json\/wp\/v2\/media\/60604"}],"wp:attachment":[{"href":"https:\/\/rms-enlinea.com.ar\/tienda\/wp-json\/wp\/v2\/media?parent=60603"}],"wp:term":[{"taxonomy":"product_brand","embeddable":true,"href":"https:\/\/rms-enlinea.com.ar\/tienda\/wp-json\/wp\/v2\/product_brand?post=60603"},{"taxonomy":"product_cat","embeddable":true,"href":"https:\/\/rms-enlinea.com.ar\/tienda\/wp-json\/wp\/v2\/product_cat?post=60603"},{"taxonomy":"product_tag","embeddable":true,"href":"https:\/\/rms-enlinea.com.ar\/tienda\/wp-json\/wp\/v2\/product_tag?post=60603"}],"curies":[{"name":"wp","href":"https:\/\/api.w.org\/{rel}","templated":true}]}}