{"id":60607,"date":"2026-01-31T10:10:17","date_gmt":"2026-01-31T13:10:17","guid":{"rendered":"https:\/\/rms-enlinea.com.ar\/tienda\/producto\/reproductor-pro-dj-pioneer-cdj-3000-lcd-tactil-bandeja-multi\/"},"modified":"2026-04-06T12:44:55","modified_gmt":"2026-04-06T15:44:55","slug":"reproductor-pro-dj-pioneer-cdj-3000-lcd-tactil-bandeja-multi","status":"publish","type":"product","link":"https:\/\/rms-enlinea.com.ar\/tienda\/producto\/reproductor-pro-dj-pioneer-cdj-3000-lcd-tactil-bandeja-multi\/","title":{"rendered":"Reproductor Pro Dj Pioneer Cdj-3000 Lcd T\u00e1ctil Bandeja Multi"},"content":{"rendered":"<p>Funciones principales<br \/>Formatos de archivo<br \/>ALAC<br \/>AAC<br \/>AIFF<br \/>FLAC<br \/>MP3<br \/>WAV<br \/>Sistemas de archivos<br \/>FAT<br \/>FAT32<br \/>exFAT<br \/>HFS+<br \/>Software compatible<br \/>rekordbox<br \/>djay PRO AI para Mac<br \/>TRAKTOR PRO 3<br \/>Control MIDI<br \/>S\u00ed<br \/>ProDJ Link<br \/>S\u00ed<br \/>Pro DJ Link Lighting<br \/>S\u00ed<br \/>KUVO ready<br \/>S\u00ed<br \/>Accesorios<br \/>CDJ-3000<br \/>Cable de alimentaci\u00f3n (V-lock*)<br \/>Cable de audio digital<br \/>Cable de audio anal\u00f3gico<br \/>Cable de LAN<br \/>Gu\u00eda de inicio r\u00e1pido<br \/>Precauciones de uso<br \/>* No disponible en algunas regiones.<br \/>Especificaciones<br \/>Ancho<br \/>329 mm<br \/>Profundo<br \/>453 mm<br \/>Alto<br \/>118 mm<br \/>Peso<br \/>5.5 kg<br \/>Convertidor D\/A<br \/>32 bit<br \/>Distorsi\u00f3n<br \/>&lt; 0.0018 %<br \/>Nivel de salida<br \/>2.0 Vrms (1 kHz, 0 dB)<br \/>Rango de frecuencia<br \/>4 &#8211; 40000 Hz<br \/>Display<br \/>Pantalla principal<br \/>Pantalla t\u00e1ctil LCD HD a todo color de 9 pulgadas<br \/>Pantalla on jog (color LCD)<br \/>S\u00ed<br \/>Control de rendimiento<br \/>Tama\u00f1o del Jog Dial<br \/>206 mm<br \/>Hot Cue<br \/>S\u00ed<br \/>Auto Beat Loop<br \/>S\u00ed<br \/>Beat Jump\/Loop move<br \/>S\u00ed<br \/>Beat Sync<br \/>S\u00ed<br \/>Key Sync\/Key Shift<br \/>S\u00ed<br \/>Slip Mode<br \/>S\u00ed<br \/>Reverse<br \/>S\u00ed<br \/>Ajuste de velocidad del vinilo<br \/>S\u00ed<br \/>Terminales<br \/>Medios reproducibles<br \/>Dispositivos de almacenamiento USB (memoria flash\/HDD, etc.)<br \/>Tarjeta SD<br \/>Computadoras (Mac\/Windows PC)<br \/>iPhone<br \/>LAN<br \/>1 (1000Base-T)<br \/>USB<br \/>1 puerto USB A<br \/>1 puerto USB B<br \/>Salidas<br \/>1 ANAL\u00d3GICA (RCA)<br \/>1 DIGITAL (Coaxial)<\/p>\n","protected":false},"excerpt":{"rendered":"<p>Funciones principalesFormatos de archivoALACAACAIFFFLACMP3WAVSistemas de archivosFATFAT32exFATHFS+Software compatiblerekordboxdjay PRO AI para MacTRAKTOR PRO 3Control MIDIS\u00edProDJ LinkS\u00edPro DJ Link LightingS\u00edKUVO readyS\u00edAccesoriosCDJ-3000Cable de alimentaci\u00f3n (V-lock*)Cable de audio digitalCable de audio anal\u00f3gicoCable de LANGu\u00eda de inicio r\u00e1pidoPrecauciones de uso* No disponible en algunas regiones.EspecificacionesAncho329 mmProfundo453 mmAlto118 mmPeso5.5 kgConvertidor D\/A32 bitDistorsi\u00f3n&lt; 0.0018 %Nivel de salida2.0 Vrms (1 kHz, 0 dB)Rango [&hellip;]<\/p>\n","protected":false},"featured_media":60608,"comment_status":"open","ping_status":"closed","template":"","meta":{"_uag_custom_page_level_css":""},"product_brand":[669],"product_cat":[60,15],"product_tag":[],"class_list":{"0":"post-60607","1":"product","2":"type-product","3":"status-publish","4":"has-post-thumbnail","6":"product_brand-pionner-dj","7":"product_cat-controladores","8":"product_cat-sin-categorizar","10":"first","11":"outofstock","12":"sale","13":"taxable","14":"shipping-taxable","15":"purchasable","16":"product-type-simple"},"uagb_featured_image_src":{"full":["https:\/\/rms-enlinea.com.ar\/wp-content\/uploads\/2026\/01\/D_794915-MLA106309947669_012026-F.jpg",478,660,false],"thumbnail":["https:\/\/rms-enlinea.com.ar\/wp-content\/uploads\/2026\/01\/D_794915-MLA106309947669_012026-F-150x150.jpg",150,150,true],"medium":["https:\/\/rms-enlinea.com.ar\/wp-content\/uploads\/2026\/01\/D_794915-MLA106309947669_012026-F-217x300.jpg",217,300,true],"medium_large":["https:\/\/rms-enlinea.com.ar\/wp-content\/uploads\/2026\/01\/D_794915-MLA106309947669_012026-F.jpg",478,660,false],"large":["https:\/\/rms-enlinea.com.ar\/wp-content\/uploads\/2026\/01\/D_794915-MLA106309947669_012026-F.jpg",478,660,false],"1536x1536":["https:\/\/rms-enlinea.com.ar\/wp-content\/uploads\/2026\/01\/D_794915-MLA106309947669_012026-F.jpg",478,660,false],"2048x2048":["https:\/\/rms-enlinea.com.ar\/wp-content\/uploads\/2026\/01\/D_794915-MLA106309947669_012026-F.jpg",478,660,false],"woocommerce_thumbnail":["https:\/\/rms-enlinea.com.ar\/wp-content\/uploads\/2026\/01\/D_794915-MLA106309947669_012026-F-450x450.jpg",450,450,true],"woocommerce_single":["https:\/\/rms-enlinea.com.ar\/wp-content\/uploads\/2026\/01\/D_794915-MLA106309947669_012026-F.jpg",478,660,false],"woocommerce_gallery_thumbnail":["https:\/\/rms-enlinea.com.ar\/wp-content\/uploads\/2026\/01\/D_794915-MLA106309947669_012026-F-100x100.jpg",100,100,true]},"uagb_author_info":{"display_name":"nelson","author_link":"https:\/\/rms-enlinea.com.ar\/tienda\/author\/"},"uagb_comment_info":0,"uagb_excerpt":"Funciones principalesFormatos de archivoALACAACAIFFFLACMP3WAVSistemas de archivosFATFAT32exFATHFS+Software compatiblerekordboxdjay PRO AI para MacTRAKTOR PRO 3Control MIDIS\u00edProDJ LinkS\u00edPro DJ Link LightingS\u00edKUVO readyS\u00edAccesoriosCDJ-3000Cable de alimentaci\u00f3n (V-lock*)Cable de audio digitalCable de audio anal\u00f3gicoCable de LANGu\u00eda de inicio r\u00e1pidoPrecauciones de uso* No disponible en algunas regiones.EspecificacionesAncho329 mmProfundo453 mmAlto118 mmPeso5.5 kgConvertidor D\/A32 bitDistorsi\u00f3n&lt; 0.0018 %Nivel de salida2.0 Vrms (1 kHz, 0 dB)Rango&hellip;","_links":{"self":[{"href":"https:\/\/rms-enlinea.com.ar\/tienda\/wp-json\/wp\/v2\/product\/60607","targetHints":{"allow":["GET"]}}],"collection":[{"href":"https:\/\/rms-enlinea.com.ar\/tienda\/wp-json\/wp\/v2\/product"}],"about":[{"href":"https:\/\/rms-enlinea.com.ar\/tienda\/wp-json\/wp\/v2\/types\/product"}],"replies":[{"embeddable":true,"href":"https:\/\/rms-enlinea.com.ar\/tienda\/wp-json\/wp\/v2\/comments?post=60607"}],"wp:featuredmedia":[{"embeddable":true,"href":"https:\/\/rms-enlinea.com.ar\/tienda\/wp-json\/wp\/v2\/media\/60608"}],"wp:attachment":[{"href":"https:\/\/rms-enlinea.com.ar\/tienda\/wp-json\/wp\/v2\/media?parent=60607"}],"wp:term":[{"taxonomy":"product_brand","embeddable":true,"href":"https:\/\/rms-enlinea.com.ar\/tienda\/wp-json\/wp\/v2\/product_brand?post=60607"},{"taxonomy":"product_cat","embeddable":true,"href":"https:\/\/rms-enlinea.com.ar\/tienda\/wp-json\/wp\/v2\/product_cat?post=60607"},{"taxonomy":"product_tag","embeddable":true,"href":"https:\/\/rms-enlinea.com.ar\/tienda\/wp-json\/wp\/v2\/product_tag?post=60607"}],"curies":[{"name":"wp","href":"https:\/\/api.w.org\/{rel}","templated":true}]}}