{"id":60663,"date":"2026-01-31T13:20:49","date_gmt":"2026-01-31T16:20:49","guid":{"rendered":"https:\/\/rms-enlinea.com.ar\/tienda\/producto\/mixer-mezclador-pioneer-djm-v10-6ch-eq-4-bandas\/"},"modified":"2026-05-04T12:30:34","modified_gmt":"2026-05-04T15:30:34","slug":"mixer-mezclador-pioneer-djm-v10-6ch-eq-4-bandas","status":"publish","type":"product","link":"https:\/\/rms-enlinea.com.ar\/tienda\/producto\/mixer-mezclador-pioneer-djm-v10-6ch-eq-4-bandas\/","title":{"rendered":"Mixer Mezclador Pioneer Djm-v10 6ch Eq 4 Bandas"},"content":{"rendered":"<p>Funciones principales<br \/>Control MIDI<br \/>Control MIDI totalmente asignable<br \/>Control Scratch<br \/>rekordbox<br \/>Serato DJ Pro<br \/>TRAKTOR PRO 3<br \/>Accesorios<br \/>DJM-V10<br \/>Cable de alimentaci\u00f3n<br \/>Garant\u00eda (para algunas regiones)<br \/>Gu\u00eda de inicio r\u00e1pido<br \/>Manual de instrucciones<br \/>Especificaciones<br \/>Ancho<br \/>437.6 mm<br \/>Profundo<br \/>467 mm<br \/>Alto<br \/>107.9 mm<br \/>Peso<br \/>11.9 kg<br \/>Velocidad de sampleado<br \/>96 kHz<br \/>Convertidor A\/D<br \/>32 bit<br \/>Convertidor D\/A<br \/>32 bit<br \/>Relaci\u00f3n Se\u00f1al\/Ruido Line<br \/>105 dB<br \/>Relaci\u00f3n Se\u00f1al\/Ruido Phono<br \/>88 dB<br \/>Relaci\u00f3n Se\u00f1al\/Ruido Mic<br \/>79 dB<\/p>\n","protected":false},"excerpt":{"rendered":"<p>Funciones principalesControl MIDIControl MIDI totalmente asignableControl ScratchrekordboxSerato DJ ProTRAKTOR PRO 3AccesoriosDJM-V10Cable de alimentaci\u00f3nGarant\u00eda (para algunas regiones)Gu\u00eda de inicio r\u00e1pidoManual de instruccionesEspecificacionesAncho437.6 mmProfundo467 mmAlto107.9 mmPeso11.9 kgVelocidad de sampleado96 kHzConvertidor A\/D32 bitConvertidor D\/A32 bitRelaci\u00f3n Se\u00f1al\/Ruido Line105 dBRelaci\u00f3n Se\u00f1al\/Ruido Phono88 dBRelaci\u00f3n Se\u00f1al\/Ruido Mic79 dB<\/p>\n","protected":false},"featured_media":60664,"comment_status":"open","ping_status":"closed","template":"","meta":{"_uag_custom_page_level_css":""},"product_brand":[669],"product_cat":[60,15],"product_tag":[],"class_list":{"0":"post-60663","1":"product","2":"type-product","3":"status-publish","4":"has-post-thumbnail","6":"product_brand-pionner-dj","7":"product_cat-controladores","8":"product_cat-sin-categorizar","10":"first","11":"outofstock","12":"sale","13":"taxable","14":"shipping-taxable","15":"purchasable","16":"product-type-simple"},"uagb_featured_image_src":{"full":["https:\/\/rms-enlinea.com.ar\/wp-content\/uploads\/2026\/01\/D_954342-MLA99986263911_112025-F.jpg",470,500,false],"thumbnail":["https:\/\/rms-enlinea.com.ar\/wp-content\/uploads\/2026\/01\/D_954342-MLA99986263911_112025-F-150x150.jpg",150,150,true],"medium":["https:\/\/rms-enlinea.com.ar\/wp-content\/uploads\/2026\/01\/D_954342-MLA99986263911_112025-F-282x300.jpg",282,300,true],"medium_large":["https:\/\/rms-enlinea.com.ar\/wp-content\/uploads\/2026\/01\/D_954342-MLA99986263911_112025-F.jpg",470,500,false],"large":["https:\/\/rms-enlinea.com.ar\/wp-content\/uploads\/2026\/01\/D_954342-MLA99986263911_112025-F.jpg",470,500,false],"1536x1536":["https:\/\/rms-enlinea.com.ar\/wp-content\/uploads\/2026\/01\/D_954342-MLA99986263911_112025-F.jpg",470,500,false],"2048x2048":["https:\/\/rms-enlinea.com.ar\/wp-content\/uploads\/2026\/01\/D_954342-MLA99986263911_112025-F.jpg",470,500,false],"woocommerce_thumbnail":["https:\/\/rms-enlinea.com.ar\/wp-content\/uploads\/2026\/01\/D_954342-MLA99986263911_112025-F-450x450.jpg",450,450,true],"woocommerce_single":["https:\/\/rms-enlinea.com.ar\/wp-content\/uploads\/2026\/01\/D_954342-MLA99986263911_112025-F.jpg",470,500,false],"woocommerce_gallery_thumbnail":["https:\/\/rms-enlinea.com.ar\/wp-content\/uploads\/2026\/01\/D_954342-MLA99986263911_112025-F-100x100.jpg",100,100,true]},"uagb_author_info":{"display_name":"nelson","author_link":"https:\/\/rms-enlinea.com.ar\/tienda\/author\/"},"uagb_comment_info":0,"uagb_excerpt":"Funciones principalesControl MIDIControl MIDI totalmente asignableControl ScratchrekordboxSerato DJ ProTRAKTOR PRO 3AccesoriosDJM-V10Cable de alimentaci\u00f3nGarant\u00eda (para algunas regiones)Gu\u00eda de inicio r\u00e1pidoManual de instruccionesEspecificacionesAncho437.6 mmProfundo467 mmAlto107.9 mmPeso11.9 kgVelocidad de sampleado96 kHzConvertidor A\/D32 bitConvertidor D\/A32 bitRelaci\u00f3n Se\u00f1al\/Ruido Line105 dBRelaci\u00f3n Se\u00f1al\/Ruido Phono88 dBRelaci\u00f3n Se\u00f1al\/Ruido Mic79 dB","_links":{"self":[{"href":"https:\/\/rms-enlinea.com.ar\/tienda\/wp-json\/wp\/v2\/product\/60663","targetHints":{"allow":["GET"]}}],"collection":[{"href":"https:\/\/rms-enlinea.com.ar\/tienda\/wp-json\/wp\/v2\/product"}],"about":[{"href":"https:\/\/rms-enlinea.com.ar\/tienda\/wp-json\/wp\/v2\/types\/product"}],"replies":[{"embeddable":true,"href":"https:\/\/rms-enlinea.com.ar\/tienda\/wp-json\/wp\/v2\/comments?post=60663"}],"wp:featuredmedia":[{"embeddable":true,"href":"https:\/\/rms-enlinea.com.ar\/tienda\/wp-json\/wp\/v2\/media\/60664"}],"wp:attachment":[{"href":"https:\/\/rms-enlinea.com.ar\/tienda\/wp-json\/wp\/v2\/media?parent=60663"}],"wp:term":[{"taxonomy":"product_brand","embeddable":true,"href":"https:\/\/rms-enlinea.com.ar\/tienda\/wp-json\/wp\/v2\/product_brand?post=60663"},{"taxonomy":"product_cat","embeddable":true,"href":"https:\/\/rms-enlinea.com.ar\/tienda\/wp-json\/wp\/v2\/product_cat?post=60663"},{"taxonomy":"product_tag","embeddable":true,"href":"https:\/\/rms-enlinea.com.ar\/tienda\/wp-json\/wp\/v2\/product_tag?post=60663"}],"curies":[{"name":"wp","href":"https:\/\/api.w.org\/{rel}","templated":true}]}}