{"id":60677,"date":"2026-01-31T19:30:07","date_gmt":"2026-01-31T22:30:07","guid":{"rendered":"https:\/\/rms-enlinea.com.ar\/tienda\/producto\/monitores-de-estudio-pioneer-dm-40d-bt-4-pulgadas-40w-rms\/"},"modified":"2026-04-21T06:55:16","modified_gmt":"2026-04-21T09:55:16","slug":"monitores-de-estudio-pioneer-dm-40d-bt-4-pulgadas-40w-rms","status":"publish","type":"product","link":"https:\/\/rms-enlinea.com.ar\/tienda\/producto\/monitores-de-estudio-pioneer-dm-40d-bt-4-pulgadas-40w-rms\/","title":{"rendered":"Monitores De Estudio Pioneer Dm-40d Bt 4 Pulgadas 40w Rms"},"content":{"rendered":"<p>2-Way Active Speaker<br \/>Tweeter 3\/4\u201d (19 mm) de c\u00fapula blanda<br \/>Woofer 4 inch cone<\/p>\n<p>Accesorios<br \/>DM-40D-BT<br \/>Cable de alimentaci\u00f3n<br \/>Cable del convertidor de audio (mini-clavija est\u00e9reo de 3,5 mm a RCA)<br \/>Cable del altavoz<br \/>Almohadilla para la parte inferior<br \/>Gu\u00eda de inicio r\u00e1pido<br \/>Precauciones al usar<\/p>\n<p>Especificaciones<br \/>Dimensiones (W x H x D)<br \/>Canal izq.: 146 \u00d7 227 \u00d7 223 mm<br \/>Canal der.: 146 \u00d7 227 \u00d7 212 mm<\/p>\n<p>Peso<br \/>Canal izq.: 2,5 kg<br \/>Canal der.: 2,2 kg<br \/>Salida de amplificador<br \/>Class D con DSP<br \/>Lch: 19 W \/ 4 <br \/>Rch: 19 W \/ 4<\/p>\n","protected":false},"excerpt":{"rendered":"<p>2-Way Active SpeakerTweeter 3\/4\u201d (19 mm) de c\u00fapula blandaWoofer 4 inch cone AccesoriosDM-40D-BTCable de alimentaci\u00f3nCable del convertidor de audio (mini-clavija est\u00e9reo de 3,5 mm a RCA)Cable del altavozAlmohadilla para la parte inferiorGu\u00eda de inicio r\u00e1pidoPrecauciones al usar EspecificacionesDimensiones (W x H x D)Canal izq.: 146 \u00d7 227 \u00d7 223 mmCanal der.: 146 \u00d7 227 \u00d7 [&hellip;]<\/p>\n","protected":false},"featured_media":60678,"comment_status":"open","ping_status":"closed","template":"","meta":{"_uag_custom_page_level_css":""},"product_brand":[669],"product_cat":[76,15],"product_tag":[],"class_list":{"0":"post-60677","1":"product","2":"type-product","3":"status-publish","4":"has-post-thumbnail","6":"product_brand-pionner-dj","7":"product_cat-monitores-de-estudio","8":"product_cat-sin-categorizar","10":"first","11":"outofstock","12":"sale","13":"taxable","14":"shipping-taxable","15":"purchasable","16":"product-type-simple"},"uagb_featured_image_src":{"full":["https:\/\/rms-enlinea.com.ar\/wp-content\/uploads\/2026\/01\/D_957793-MLA99480161224_112025-F.jpg",888,634,false],"thumbnail":["https:\/\/rms-enlinea.com.ar\/wp-content\/uploads\/2026\/01\/D_957793-MLA99480161224_112025-F-150x150.jpg",150,150,true],"medium":["https:\/\/rms-enlinea.com.ar\/wp-content\/uploads\/2026\/01\/D_957793-MLA99480161224_112025-F-300x214.jpg",300,214,true],"medium_large":["https:\/\/rms-enlinea.com.ar\/wp-content\/uploads\/2026\/01\/D_957793-MLA99480161224_112025-F-768x548.jpg",768,548,true],"large":["https:\/\/rms-enlinea.com.ar\/wp-content\/uploads\/2026\/01\/D_957793-MLA99480161224_112025-F.jpg",888,634,false],"1536x1536":["https:\/\/rms-enlinea.com.ar\/wp-content\/uploads\/2026\/01\/D_957793-MLA99480161224_112025-F.jpg",888,634,false],"2048x2048":["https:\/\/rms-enlinea.com.ar\/wp-content\/uploads\/2026\/01\/D_957793-MLA99480161224_112025-F.jpg",888,634,false],"woocommerce_thumbnail":["https:\/\/rms-enlinea.com.ar\/wp-content\/uploads\/2026\/01\/D_957793-MLA99480161224_112025-F-450x450.jpg",450,450,true],"woocommerce_single":["https:\/\/rms-enlinea.com.ar\/wp-content\/uploads\/2026\/01\/D_957793-MLA99480161224_112025-F-600x428.jpg",600,428,true],"woocommerce_gallery_thumbnail":["https:\/\/rms-enlinea.com.ar\/wp-content\/uploads\/2026\/01\/D_957793-MLA99480161224_112025-F-100x100.jpg",100,100,true]},"uagb_author_info":{"display_name":"nelson","author_link":"https:\/\/rms-enlinea.com.ar\/tienda\/author\/"},"uagb_comment_info":0,"uagb_excerpt":"2-Way Active SpeakerTweeter 3\/4\u201d (19 mm) de c\u00fapula blandaWoofer 4 inch cone AccesoriosDM-40D-BTCable de alimentaci\u00f3nCable del convertidor de audio (mini-clavija est\u00e9reo de 3,5 mm a RCA)Cable del altavozAlmohadilla para la parte inferiorGu\u00eda de inicio r\u00e1pidoPrecauciones al usar EspecificacionesDimensiones (W x H x D)Canal izq.: 146 \u00d7 227 \u00d7 223 mmCanal der.: 146 \u00d7 227 \u00d7&hellip;","_links":{"self":[{"href":"https:\/\/rms-enlinea.com.ar\/tienda\/wp-json\/wp\/v2\/product\/60677","targetHints":{"allow":["GET"]}}],"collection":[{"href":"https:\/\/rms-enlinea.com.ar\/tienda\/wp-json\/wp\/v2\/product"}],"about":[{"href":"https:\/\/rms-enlinea.com.ar\/tienda\/wp-json\/wp\/v2\/types\/product"}],"replies":[{"embeddable":true,"href":"https:\/\/rms-enlinea.com.ar\/tienda\/wp-json\/wp\/v2\/comments?post=60677"}],"wp:featuredmedia":[{"embeddable":true,"href":"https:\/\/rms-enlinea.com.ar\/tienda\/wp-json\/wp\/v2\/media\/60678"}],"wp:attachment":[{"href":"https:\/\/rms-enlinea.com.ar\/tienda\/wp-json\/wp\/v2\/media?parent=60677"}],"wp:term":[{"taxonomy":"product_brand","embeddable":true,"href":"https:\/\/rms-enlinea.com.ar\/tienda\/wp-json\/wp\/v2\/product_brand?post=60677"},{"taxonomy":"product_cat","embeddable":true,"href":"https:\/\/rms-enlinea.com.ar\/tienda\/wp-json\/wp\/v2\/product_cat?post=60677"},{"taxonomy":"product_tag","embeddable":true,"href":"https:\/\/rms-enlinea.com.ar\/tienda\/wp-json\/wp\/v2\/product_tag?post=60677"}],"curies":[{"name":"wp","href":"https:\/\/api.w.org\/{rel}","templated":true}]}}