{"id":60720,"date":"2026-01-31T20:30:09","date_gmt":"2026-01-31T23:30:09","guid":{"rendered":"https:\/\/rms-enlinea.com.ar\/tienda\/producto\/auricular-dj-vincha-pioneer-hdj-cue1bt-k-cerrados-bt-5-0\/"},"modified":"2026-05-04T12:57:36","modified_gmt":"2026-05-04T15:57:36","slug":"auricular-dj-vincha-pioneer-hdj-cue1bt-k-cerrados-bt-5-0","status":"publish","type":"product","link":"https:\/\/rms-enlinea.com.ar\/tienda\/producto\/auricular-dj-vincha-pioneer-hdj-cue1bt-k-cerrados-bt-5-0\/","title":{"rendered":"Auricular Dj Vincha Pioneer Hdj-cue1bt-k Cerrados Bt 5.0"},"content":{"rendered":"<p>Tipo Cerrados, din\u00e1micos<br \/>Drivers Tipo c\u00fapula de 40 mm<br \/>Cable Cable en espiral de 1,2 m (1,8 m estirado)<\/p>\n<p>Accesorios<br \/>Cable de 1,2 m en espiral (longitud extendido 1,8 m)<br \/>Cable de carga USB<br \/>Precauciones de seguridad<br \/>Manual de instrucciones (Gu\u00eda de inicio r\u00e1pido)<\/p>\n<p>Especificaciones<br \/>Impedancia 32 OHMS<br \/>Sensitivity 104 dB<br \/>Potencia m\u00e1xima 2000 mW<br \/>Peso (sin cable) 250 g<br \/>Rango de frecuencia 5 &#8211; 30000 Hz<br \/>Bluetooth Salida<br \/>Especificaciones Bluetooth Class 2<br \/>C\u00f3decs compatibles<br \/>SBC, AAC<br \/>Versi\u00f3n Bluetooth est\u00e1ndar versi\u00f3n 5.0<\/p>\n","protected":false},"excerpt":{"rendered":"<p>Tipo Cerrados, din\u00e1micosDrivers Tipo c\u00fapula de 40 mmCable Cable en espiral de 1,2 m (1,8 m estirado) AccesoriosCable de 1,2 m en espiral (longitud extendido 1,8 m)Cable de carga USBPrecauciones de seguridadManual de instrucciones (Gu\u00eda de inicio r\u00e1pido) EspecificacionesImpedancia 32 OHMSSensitivity 104 dBPotencia m\u00e1xima 2000 mWPeso (sin cable) 250 gRango de frecuencia 5 &#8211; 30000 [&hellip;]<\/p>\n","protected":false},"featured_media":60721,"comment_status":"open","ping_status":"closed","template":"","meta":{"_uag_custom_page_level_css":""},"product_brand":[669],"product_cat":[55,15],"product_tag":[],"class_list":{"0":"post-60720","1":"product","2":"type-product","3":"status-publish","4":"has-post-thumbnail","6":"product_brand-pionner-dj","7":"product_cat-auriculares","8":"product_cat-sin-categorizar","10":"first","11":"outofstock","12":"sale","13":"taxable","14":"shipping-taxable","15":"purchasable","16":"product-type-simple"},"uagb_featured_image_src":{"full":["https:\/\/rms-enlinea.com.ar\/wp-content\/uploads\/2026\/01\/D_836565-MLA95833615457_102025-F.jpg",913,1200,false],"thumbnail":["https:\/\/rms-enlinea.com.ar\/wp-content\/uploads\/2026\/01\/D_836565-MLA95833615457_102025-F-150x150.jpg",150,150,true],"medium":["https:\/\/rms-enlinea.com.ar\/wp-content\/uploads\/2026\/01\/D_836565-MLA95833615457_102025-F-228x300.jpg",228,300,true],"medium_large":["https:\/\/rms-enlinea.com.ar\/wp-content\/uploads\/2026\/01\/D_836565-MLA95833615457_102025-F-768x1009.jpg",768,1009,true],"large":["https:\/\/rms-enlinea.com.ar\/wp-content\/uploads\/2026\/01\/D_836565-MLA95833615457_102025-F-779x1024.jpg",779,1024,true],"1536x1536":["https:\/\/rms-enlinea.com.ar\/wp-content\/uploads\/2026\/01\/D_836565-MLA95833615457_102025-F.jpg",913,1200,false],"2048x2048":["https:\/\/rms-enlinea.com.ar\/wp-content\/uploads\/2026\/01\/D_836565-MLA95833615457_102025-F.jpg",913,1200,false],"woocommerce_thumbnail":["https:\/\/rms-enlinea.com.ar\/wp-content\/uploads\/2026\/01\/D_836565-MLA95833615457_102025-F-450x450.jpg",450,450,true],"woocommerce_single":["https:\/\/rms-enlinea.com.ar\/wp-content\/uploads\/2026\/01\/D_836565-MLA95833615457_102025-F-600x789.jpg",600,789,true],"woocommerce_gallery_thumbnail":["https:\/\/rms-enlinea.com.ar\/wp-content\/uploads\/2026\/01\/D_836565-MLA95833615457_102025-F-100x100.jpg",100,100,true]},"uagb_author_info":{"display_name":"nelson","author_link":"https:\/\/rms-enlinea.com.ar\/tienda\/author\/"},"uagb_comment_info":0,"uagb_excerpt":"Tipo Cerrados, din\u00e1micosDrivers Tipo c\u00fapula de 40 mmCable Cable en espiral de 1,2 m (1,8 m estirado) AccesoriosCable de 1,2 m en espiral (longitud extendido 1,8 m)Cable de carga USBPrecauciones de seguridadManual de instrucciones (Gu\u00eda de inicio r\u00e1pido) EspecificacionesImpedancia 32 OHMSSensitivity 104 dBPotencia m\u00e1xima 2000 mWPeso (sin cable) 250 gRango de frecuencia 5 &#8211; 30000&hellip;","_links":{"self":[{"href":"https:\/\/rms-enlinea.com.ar\/tienda\/wp-json\/wp\/v2\/product\/60720","targetHints":{"allow":["GET"]}}],"collection":[{"href":"https:\/\/rms-enlinea.com.ar\/tienda\/wp-json\/wp\/v2\/product"}],"about":[{"href":"https:\/\/rms-enlinea.com.ar\/tienda\/wp-json\/wp\/v2\/types\/product"}],"replies":[{"embeddable":true,"href":"https:\/\/rms-enlinea.com.ar\/tienda\/wp-json\/wp\/v2\/comments?post=60720"}],"wp:featuredmedia":[{"embeddable":true,"href":"https:\/\/rms-enlinea.com.ar\/tienda\/wp-json\/wp\/v2\/media\/60721"}],"wp:attachment":[{"href":"https:\/\/rms-enlinea.com.ar\/tienda\/wp-json\/wp\/v2\/media?parent=60720"}],"wp:term":[{"taxonomy":"product_brand","embeddable":true,"href":"https:\/\/rms-enlinea.com.ar\/tienda\/wp-json\/wp\/v2\/product_brand?post=60720"},{"taxonomy":"product_cat","embeddable":true,"href":"https:\/\/rms-enlinea.com.ar\/tienda\/wp-json\/wp\/v2\/product_cat?post=60720"},{"taxonomy":"product_tag","embeddable":true,"href":"https:\/\/rms-enlinea.com.ar\/tienda\/wp-json\/wp\/v2\/product_tag?post=60720"}],"curies":[{"name":"wp","href":"https:\/\/api.w.org\/{rel}","templated":true}]}}