{"id":60736,"date":"2026-01-31T21:10:06","date_gmt":"2026-02-01T00:10:06","guid":{"rendered":"https:\/\/rms-enlinea.com.ar\/tienda\/producto\/auriculares-de-dj-profesionales-inalambricos-pioneer-hdj-f10\/"},"modified":"2026-05-04T09:54:54","modified_gmt":"2026-05-04T12:54:54","slug":"auriculares-de-dj-profesionales-inalambricos-pioneer-hdj-f10","status":"publish","type":"product","link":"https:\/\/rms-enlinea.com.ar\/tienda\/producto\/auriculares-de-dj-profesionales-inalambricos-pioneer-hdj-f10\/","title":{"rendered":"Auriculares De Dj Profesionales Inalambricos Pioneer Hdj-f10"},"content":{"rendered":"<p>Tipo\tCerrado, din\u00e1mico<br \/>Respuesta de frecuencia\t5 Hz \u2013 30 kz<br \/>Impedancia\t32 OHMS<br \/>Nivel de presi\u00f3n ac\u00fastica de salida\t105 dB <br \/>Unidad\t40 mm tipo c\u00fapula<br \/>Peso  \t356 g (sin cable) <br \/>Tiempo de carga\tAprox. 2,5 horas (auriculares)*1<br \/>Accesorios\tCable en espiral de 1,2 m (aproximadamente 3,0 m extendido) \u00d7 1<br \/>Adaptador de toma est\u00e1ndar est\u00e9reo de \u00f86,3 mm (tipo atornillado) \u00d7 1<br \/>Cable de carga USB (USB Type-C a USB Type-C) 0,5 m \u00d7 1<br \/>Par de almohadillas de repuesto \u00d7 1<br \/>Bolsa de transporte \u00d7 1<br \/>Gu\u00eda de inicio r\u00e1pido \u00d7 1<br \/>Precauciones de uso \u00d7 1<br \/>SonicLink<br \/>Distancia de transmisi\u00f3n m\u00e1xima  \tAprox. 15 m en lugares despejados*2<br \/>Tiempo de reproducci\u00f3n\tAprox. 9 horas*3 <br \/>Bluetooth <br \/>Versi\u00f3n\tNorma Bluetooth versi\u00f3n 5.2 <br \/>Distancia de transmisi\u00f3n m\u00e1xima \tAprox. 10 m en lugares despejados*2<br \/>Perfiles Bluetooth compatibles\tA2DP, AVRCP, HSP, HFP <br \/>C\u00f3decs compatibles\tSBC, AAC  <br \/>Tiempo de reproducci\u00f3n\tAprox. 30 horas (con ANC activado)*3<\/p>\n","protected":false},"excerpt":{"rendered":"<p>Tipo Cerrado, din\u00e1micoRespuesta de frecuencia 5 Hz \u2013 30 kzImpedancia 32 OHMSNivel de presi\u00f3n ac\u00fastica de salida 105 dB Unidad 40 mm tipo c\u00fapulaPeso 356 g (sin cable) Tiempo de carga Aprox. 2,5 horas (auriculares)*1Accesorios Cable en espiral de 1,2 m (aproximadamente 3,0 m extendido) \u00d7 1Adaptador de toma est\u00e1ndar est\u00e9reo de \u00f86,3 mm (tipo [&hellip;]<\/p>\n","protected":false},"featured_media":60737,"comment_status":"open","ping_status":"closed","template":"","meta":{"_uag_custom_page_level_css":""},"product_brand":[669],"product_cat":[55,15],"product_tag":[],"class_list":{"0":"post-60736","1":"product","2":"type-product","3":"status-publish","4":"has-post-thumbnail","6":"product_brand-pionner-dj","7":"product_cat-auriculares","8":"product_cat-sin-categorizar","10":"first","11":"outofstock","12":"sale","13":"taxable","14":"shipping-taxable","15":"purchasable","16":"product-type-simple"},"uagb_featured_image_src":{"full":["https:\/\/rms-enlinea.com.ar\/wp-content\/uploads\/2026\/01\/D_996859-MLA105719275660_012026-F.jpg",657,788,false],"thumbnail":["https:\/\/rms-enlinea.com.ar\/wp-content\/uploads\/2026\/01\/D_996859-MLA105719275660_012026-F-150x150.jpg",150,150,true],"medium":["https:\/\/rms-enlinea.com.ar\/wp-content\/uploads\/2026\/01\/D_996859-MLA105719275660_012026-F-250x300.jpg",250,300,true],"medium_large":["https:\/\/rms-enlinea.com.ar\/wp-content\/uploads\/2026\/01\/D_996859-MLA105719275660_012026-F.jpg",657,788,false],"large":["https:\/\/rms-enlinea.com.ar\/wp-content\/uploads\/2026\/01\/D_996859-MLA105719275660_012026-F.jpg",657,788,false],"1536x1536":["https:\/\/rms-enlinea.com.ar\/wp-content\/uploads\/2026\/01\/D_996859-MLA105719275660_012026-F.jpg",657,788,false],"2048x2048":["https:\/\/rms-enlinea.com.ar\/wp-content\/uploads\/2026\/01\/D_996859-MLA105719275660_012026-F.jpg",657,788,false],"woocommerce_thumbnail":["https:\/\/rms-enlinea.com.ar\/wp-content\/uploads\/2026\/01\/D_996859-MLA105719275660_012026-F-450x450.jpg",450,450,true],"woocommerce_single":["https:\/\/rms-enlinea.com.ar\/wp-content\/uploads\/2026\/01\/D_996859-MLA105719275660_012026-F-600x720.jpg",600,720,true],"woocommerce_gallery_thumbnail":["https:\/\/rms-enlinea.com.ar\/wp-content\/uploads\/2026\/01\/D_996859-MLA105719275660_012026-F-100x100.jpg",100,100,true]},"uagb_author_info":{"display_name":"nelson","author_link":"https:\/\/rms-enlinea.com.ar\/tienda\/author\/"},"uagb_comment_info":0,"uagb_excerpt":"Tipo Cerrado, din\u00e1micoRespuesta de frecuencia 5 Hz \u2013 30 kzImpedancia 32 OHMSNivel de presi\u00f3n ac\u00fastica de salida 105 dB Unidad 40 mm tipo c\u00fapulaPeso 356 g (sin cable) Tiempo de carga Aprox. 2,5 horas (auriculares)*1Accesorios Cable en espiral de 1,2 m (aproximadamente 3,0 m extendido) \u00d7 1Adaptador de toma est\u00e1ndar est\u00e9reo de \u00f86,3 mm (tipo&hellip;","_links":{"self":[{"href":"https:\/\/rms-enlinea.com.ar\/tienda\/wp-json\/wp\/v2\/product\/60736","targetHints":{"allow":["GET"]}}],"collection":[{"href":"https:\/\/rms-enlinea.com.ar\/tienda\/wp-json\/wp\/v2\/product"}],"about":[{"href":"https:\/\/rms-enlinea.com.ar\/tienda\/wp-json\/wp\/v2\/types\/product"}],"replies":[{"embeddable":true,"href":"https:\/\/rms-enlinea.com.ar\/tienda\/wp-json\/wp\/v2\/comments?post=60736"}],"wp:featuredmedia":[{"embeddable":true,"href":"https:\/\/rms-enlinea.com.ar\/tienda\/wp-json\/wp\/v2\/media\/60737"}],"wp:attachment":[{"href":"https:\/\/rms-enlinea.com.ar\/tienda\/wp-json\/wp\/v2\/media?parent=60736"}],"wp:term":[{"taxonomy":"product_brand","embeddable":true,"href":"https:\/\/rms-enlinea.com.ar\/tienda\/wp-json\/wp\/v2\/product_brand?post=60736"},{"taxonomy":"product_cat","embeddable":true,"href":"https:\/\/rms-enlinea.com.ar\/tienda\/wp-json\/wp\/v2\/product_cat?post=60736"},{"taxonomy":"product_tag","embeddable":true,"href":"https:\/\/rms-enlinea.com.ar\/tienda\/wp-json\/wp\/v2\/product_tag?post=60736"}],"curies":[{"name":"wp","href":"https:\/\/api.w.org\/{rel}","templated":true}]}}