{"id":60793,"date":"2026-02-01T16:00:34","date_gmt":"2026-02-01T19:00:34","guid":{"rendered":"https:\/\/rms-enlinea.com.ar\/tienda\/producto\/transmisor-p-auriculares-inalambricos-dj-pioneer-hp-tx01\/"},"modified":"2026-03-31T18:29:38","modified_gmt":"2026-03-31T21:29:38","slug":"transmisor-p-auriculares-inalambricos-dj-pioneer-hp-tx01","status":"publish","type":"product","link":"https:\/\/rms-enlinea.com.ar\/tienda\/producto\/transmisor-p-auriculares-inalambricos-dj-pioneer-hp-tx01\/","title":{"rendered":"Transmisor P\/ Auriculares Inalambricos Dj Pioneer Hp-tx01"},"content":{"rendered":"<p>Peso\t83 g (sin cable) <br \/>Tiempo de carga\tAprox. 4 horas*1<br \/>Periodo de garant\u00eda\t2 a\u00f1os<br \/>Accesorios \tCable recto de 1,6 m \u00d7 1<br \/>Cable de carga USB (USB Type-C a USB Type-C) 0,5 m \u00d7 1<br \/>Gu\u00eda de inicio r\u00e1pido \u00d7 1<br \/>Precauciones de uso \u00d7 1<br \/>SonicLink  <br \/>Distancia de transmisi\u00f3n m\u00e1xima  \tAprox. 15 m en lugares despejados*2<br \/>Tiempo de reproducci\u00f3n\tAprox. 9 horas*2<\/p>\n","protected":false},"excerpt":{"rendered":"<p>Peso 83 g (sin cable) Tiempo de carga Aprox. 4 horas*1Periodo de garant\u00eda 2 a\u00f1osAccesorios Cable recto de 1,6 m \u00d7 1Cable de carga USB (USB Type-C a USB Type-C) 0,5 m \u00d7 1Gu\u00eda de inicio r\u00e1pido \u00d7 1Precauciones de uso \u00d7 1SonicLink Distancia de transmisi\u00f3n m\u00e1xima Aprox. 15 m en lugares despejados*2Tiempo de reproducci\u00f3n [&hellip;]<\/p>\n","protected":false},"featured_media":60794,"comment_status":"open","ping_status":"closed","template":"","meta":{"_uag_custom_page_level_css":""},"product_brand":[669],"product_cat":[60,15],"product_tag":[],"class_list":{"0":"post-60793","1":"product","2":"type-product","3":"status-publish","4":"has-post-thumbnail","6":"product_brand-pionner-dj","7":"product_cat-controladores","8":"product_cat-sin-categorizar","10":"first","11":"outofstock","12":"sale","13":"taxable","14":"shipping-taxable","15":"purchasable","16":"product-type-simple"},"uagb_featured_image_src":{"full":["https:\/\/rms-enlinea.com.ar\/wp-content\/uploads\/2026\/02\/D_963379-MLA106355822071_022026-F.jpg",1200,609,false],"thumbnail":["https:\/\/rms-enlinea.com.ar\/wp-content\/uploads\/2026\/02\/D_963379-MLA106355822071_022026-F-150x150.jpg",150,150,true],"medium":["https:\/\/rms-enlinea.com.ar\/wp-content\/uploads\/2026\/02\/D_963379-MLA106355822071_022026-F-300x152.jpg",300,152,true],"medium_large":["https:\/\/rms-enlinea.com.ar\/wp-content\/uploads\/2026\/02\/D_963379-MLA106355822071_022026-F-768x390.jpg",768,390,true],"large":["https:\/\/rms-enlinea.com.ar\/wp-content\/uploads\/2026\/02\/D_963379-MLA106355822071_022026-F-1024x520.jpg",1024,520,true],"1536x1536":["https:\/\/rms-enlinea.com.ar\/wp-content\/uploads\/2026\/02\/D_963379-MLA106355822071_022026-F.jpg",1200,609,false],"2048x2048":["https:\/\/rms-enlinea.com.ar\/wp-content\/uploads\/2026\/02\/D_963379-MLA106355822071_022026-F.jpg",1200,609,false],"woocommerce_thumbnail":["https:\/\/rms-enlinea.com.ar\/wp-content\/uploads\/2026\/02\/D_963379-MLA106355822071_022026-F-450x450.jpg",450,450,true],"woocommerce_single":["https:\/\/rms-enlinea.com.ar\/wp-content\/uploads\/2026\/02\/D_963379-MLA106355822071_022026-F-600x305.jpg",600,305,true],"woocommerce_gallery_thumbnail":["https:\/\/rms-enlinea.com.ar\/wp-content\/uploads\/2026\/02\/D_963379-MLA106355822071_022026-F-100x100.jpg",100,100,true]},"uagb_author_info":{"display_name":"nelson","author_link":"https:\/\/rms-enlinea.com.ar\/tienda\/author\/"},"uagb_comment_info":0,"uagb_excerpt":"Peso 83 g (sin cable) Tiempo de carga Aprox. 4 horas*1Periodo de garant\u00eda 2 a\u00f1osAccesorios Cable recto de 1,6 m \u00d7 1Cable de carga USB (USB Type-C a USB Type-C) 0,5 m \u00d7 1Gu\u00eda de inicio r\u00e1pido \u00d7 1Precauciones de uso \u00d7 1SonicLink Distancia de transmisi\u00f3n m\u00e1xima Aprox. 15 m en lugares despejados*2Tiempo de reproducci\u00f3n&hellip;","_links":{"self":[{"href":"https:\/\/rms-enlinea.com.ar\/tienda\/wp-json\/wp\/v2\/product\/60793","targetHints":{"allow":["GET"]}}],"collection":[{"href":"https:\/\/rms-enlinea.com.ar\/tienda\/wp-json\/wp\/v2\/product"}],"about":[{"href":"https:\/\/rms-enlinea.com.ar\/tienda\/wp-json\/wp\/v2\/types\/product"}],"replies":[{"embeddable":true,"href":"https:\/\/rms-enlinea.com.ar\/tienda\/wp-json\/wp\/v2\/comments?post=60793"}],"wp:featuredmedia":[{"embeddable":true,"href":"https:\/\/rms-enlinea.com.ar\/tienda\/wp-json\/wp\/v2\/media\/60794"}],"wp:attachment":[{"href":"https:\/\/rms-enlinea.com.ar\/tienda\/wp-json\/wp\/v2\/media?parent=60793"}],"wp:term":[{"taxonomy":"product_brand","embeddable":true,"href":"https:\/\/rms-enlinea.com.ar\/tienda\/wp-json\/wp\/v2\/product_brand?post=60793"},{"taxonomy":"product_cat","embeddable":true,"href":"https:\/\/rms-enlinea.com.ar\/tienda\/wp-json\/wp\/v2\/product_cat?post=60793"},{"taxonomy":"product_tag","embeddable":true,"href":"https:\/\/rms-enlinea.com.ar\/tienda\/wp-json\/wp\/v2\/product_tag?post=60793"}],"curies":[{"name":"wp","href":"https:\/\/api.w.org\/{rel}","templated":true}]}}