{"id":60798,"date":"2026-02-01T16:10:28","date_gmt":"2026-02-01T19:10:28","guid":{"rendered":"https:\/\/rms-enlinea.com.ar\/tienda\/producto\/controlador-de-dj-2ch-pioneer-omnis-duo-bt-alpha-theta\/"},"modified":"2026-05-04T11:24:32","modified_gmt":"2026-05-04T14:24:32","slug":"controlador-de-dj-2ch-pioneer-omnis-duo-bt-alpha-theta","status":"publish","type":"product","link":"https:\/\/rms-enlinea.com.ar\/tienda\/producto\/controlador-de-dj-2ch-pioneer-omnis-duo-bt-alpha-theta\/","title":{"rendered":"Controlador De Dj 2ch Pioneer Omnis-duo Bt Alpha Theta"},"content":{"rendered":"<p>Caracter\u00edsticas:<\/p>\n<p>Bater\u00eda incorporada de hasta 5 horas de autonom\u00eda en una sola carga<br \/>Las personas pueden conectarse v\u00eda bluetooth a la bandeja para pedirte canciones<br \/>Acepta pendrives, tarjetas SD, y tambi\u00e9n puede conectarse a una PC o Mac via USB-C<br \/>La funci\u00f3n Wi-Fi permite conectarte f\u00e1cilmente y acceder a pistas en una PC\/Mac, tel\u00e9fono celular o la nube sin necesidad de cables<br \/>Dise\u00f1o moderno y elegante<br \/>Respuesta en frecuencia de 20Hz a 20kHz<br \/>Ratio S\/N 112dB (USB, SD)<br \/>THD de &lt;0.003% (USB, SD)<br \/>Tiempo de carga aproximadamente de 3 horas<br \/>2 inputs de micr\u00f3fono (1 combo XLR y Jack 1\/4&#8243;, 1 de Jack 1\/4&#8243;)<br \/>Dimensiones: 50x 30.1 x 7.1 cm<br \/>Peso: 4.6kg<\/p>\n","protected":false},"excerpt":{"rendered":"<p>Caracter\u00edsticas: Bater\u00eda incorporada de hasta 5 horas de autonom\u00eda en una sola cargaLas personas pueden conectarse v\u00eda bluetooth a la bandeja para pedirte cancionesAcepta pendrives, tarjetas SD, y tambi\u00e9n puede conectarse a una PC o Mac via USB-CLa funci\u00f3n Wi-Fi permite conectarte f\u00e1cilmente y acceder a pistas en una PC\/Mac, tel\u00e9fono celular o la nube [&hellip;]<\/p>\n","protected":false},"featured_media":60799,"comment_status":"open","ping_status":"closed","template":"","meta":{"_uag_custom_page_level_css":""},"product_brand":[669],"product_cat":[60,15],"product_tag":[],"class_list":{"0":"post-60798","1":"product","2":"type-product","3":"status-publish","4":"has-post-thumbnail","6":"product_brand-pionner-dj","7":"product_cat-controladores","8":"product_cat-sin-categorizar","10":"first","11":"outofstock","12":"sale","13":"taxable","14":"shipping-taxable","15":"purchasable","16":"product-type-simple"},"uagb_featured_image_src":{"full":["https:\/\/rms-enlinea.com.ar\/wp-content\/uploads\/2026\/02\/D_993016-MLA100074202355_122025-F.jpg",1200,746,false],"thumbnail":["https:\/\/rms-enlinea.com.ar\/wp-content\/uploads\/2026\/02\/D_993016-MLA100074202355_122025-F-150x150.jpg",150,150,true],"medium":["https:\/\/rms-enlinea.com.ar\/wp-content\/uploads\/2026\/02\/D_993016-MLA100074202355_122025-F-300x187.jpg",300,187,true],"medium_large":["https:\/\/rms-enlinea.com.ar\/wp-content\/uploads\/2026\/02\/D_993016-MLA100074202355_122025-F-768x477.jpg",768,477,true],"large":["https:\/\/rms-enlinea.com.ar\/wp-content\/uploads\/2026\/02\/D_993016-MLA100074202355_122025-F-1024x637.jpg",1024,637,true],"1536x1536":["https:\/\/rms-enlinea.com.ar\/wp-content\/uploads\/2026\/02\/D_993016-MLA100074202355_122025-F.jpg",1200,746,false],"2048x2048":["https:\/\/rms-enlinea.com.ar\/wp-content\/uploads\/2026\/02\/D_993016-MLA100074202355_122025-F.jpg",1200,746,false],"woocommerce_thumbnail":["https:\/\/rms-enlinea.com.ar\/wp-content\/uploads\/2026\/02\/D_993016-MLA100074202355_122025-F-450x450.jpg",450,450,true],"woocommerce_single":["https:\/\/rms-enlinea.com.ar\/wp-content\/uploads\/2026\/02\/D_993016-MLA100074202355_122025-F-600x373.jpg",600,373,true],"woocommerce_gallery_thumbnail":["https:\/\/rms-enlinea.com.ar\/wp-content\/uploads\/2026\/02\/D_993016-MLA100074202355_122025-F-100x100.jpg",100,100,true]},"uagb_author_info":{"display_name":"nelson","author_link":"https:\/\/rms-enlinea.com.ar\/tienda\/author\/"},"uagb_comment_info":0,"uagb_excerpt":"Caracter\u00edsticas: Bater\u00eda incorporada de hasta 5 horas de autonom\u00eda en una sola cargaLas personas pueden conectarse v\u00eda bluetooth a la bandeja para pedirte cancionesAcepta pendrives, tarjetas SD, y tambi\u00e9n puede conectarse a una PC o Mac via USB-CLa funci\u00f3n Wi-Fi permite conectarte f\u00e1cilmente y acceder a pistas en una PC\/Mac, tel\u00e9fono celular o la nube&hellip;","_links":{"self":[{"href":"https:\/\/rms-enlinea.com.ar\/tienda\/wp-json\/wp\/v2\/product\/60798","targetHints":{"allow":["GET"]}}],"collection":[{"href":"https:\/\/rms-enlinea.com.ar\/tienda\/wp-json\/wp\/v2\/product"}],"about":[{"href":"https:\/\/rms-enlinea.com.ar\/tienda\/wp-json\/wp\/v2\/types\/product"}],"replies":[{"embeddable":true,"href":"https:\/\/rms-enlinea.com.ar\/tienda\/wp-json\/wp\/v2\/comments?post=60798"}],"wp:featuredmedia":[{"embeddable":true,"href":"https:\/\/rms-enlinea.com.ar\/tienda\/wp-json\/wp\/v2\/media\/60799"}],"wp:attachment":[{"href":"https:\/\/rms-enlinea.com.ar\/tienda\/wp-json\/wp\/v2\/media?parent=60798"}],"wp:term":[{"taxonomy":"product_brand","embeddable":true,"href":"https:\/\/rms-enlinea.com.ar\/tienda\/wp-json\/wp\/v2\/product_brand?post=60798"},{"taxonomy":"product_cat","embeddable":true,"href":"https:\/\/rms-enlinea.com.ar\/tienda\/wp-json\/wp\/v2\/product_cat?post=60798"},{"taxonomy":"product_tag","embeddable":true,"href":"https:\/\/rms-enlinea.com.ar\/tienda\/wp-json\/wp\/v2\/product_tag?post=60798"}],"curies":[{"name":"wp","href":"https:\/\/api.w.org\/{rel}","templated":true}]}}