{"id":60809,"date":"2026-02-01T16:50:37","date_gmt":"2026-02-01T19:50:37","guid":{"rendered":"https:\/\/rms-enlinea.com.ar\/tienda\/producto\/bandeja-giradiscos-profesional-pioneer-plx-1000-directa\/"},"modified":"2026-04-21T05:53:33","modified_gmt":"2026-04-21T08:53:33","slug":"bandeja-giradiscos-profesional-pioneer-plx-1000-directa","status":"publish","type":"product","link":"https:\/\/rms-enlinea.com.ar\/tienda\/producto\/bandeja-giradiscos-profesional-pioneer-plx-1000-directa\/","title":{"rendered":"Bandeja Giradiscos Profesional Pioneer Plx-1000 Directa"},"content":{"rendered":"<p>Especificaciones de la tornamesa:<\/p>\n<p>Tracci\u00f3n directa servo con oscilador de cuarzo<\/p>\n<p>Plato: Aluminio fundido. Di\u00e1metro: 332 mm<\/p>\n<p>Motor: Corriente continua de 3 fases sin escobillas<\/p>\n<p>Freno electr\u00f3nico.<\/p>\n<p>Velocidad de rotaci\u00f3n: 33 rpm, 45 rpm<\/p>\n<p>Ajuste de rango de giro: 8, 16, 50.<\/p>\n<p>Fluctuaci\u00f3n y tr\u00e9molo: 0,1% o menos WRMS (JIS WTD)<\/p>\n<p>Relacion se\u00f1al\/ruido: 70 dB<\/p>\n<p>Potencia de arranque: Alto: 0,45 N m (4,5 kgf cm) o m\u00e1s\/ Medio: 0,32 N\u00b7m (3,2 kgf cm)\/ Bajo: 0,2 N\u00b7m (2,0 kgf cm)<\/p>\n<p>Potencia de arranque: 4,5 kgf cm.<\/p>\n<p>Tiempo de frenado: 0.3 segundos.<\/p>\n<p>Especificaciones del brazo:<\/p>\n<p>Tipo: Tipo universal con forma de S\/ Estructura de soporte por card\u00e1n\/ Tipo de equilibrio est\u00e1tico<\/p>\n<p>Sobresaliente de 15 mm<\/p>\n<p>Longitud de 230 mm<\/p>\n<p>Error de lectura dentro de los 3<\/p>\n<p>Ajuste de altura: 6 mm.<\/p>\n<p>Ajuste de peso: 0-4 g (1 scale 0.1 g).<\/p>\n<p>Peso (cabezal \u00fanico): 2.5-12 g (incluye materiales de montaje)<\/p>\n<p>Puertos:<\/p>\n<p>1 ANAL\u00d3GICA (RCA)<\/p>\n<p>Accesorios incluidos:<\/p>\n<p>PLX-1000.<\/p>\n<p>Cable de alimentaci\u00f3n<\/p>\n<p>Cable de audio.<\/p>\n<p>Cable de tierra.<\/p>\n<p>Adaptador para Singles.<\/p>\n<p>Goma del plato.<\/p>\n<p>Patinador.<\/p>\n<p>Cabezal.<\/p>\n<p>Peso inferior<\/p>\n","protected":false},"excerpt":{"rendered":"<p>Especificaciones de la tornamesa: Tracci\u00f3n directa servo con oscilador de cuarzo Plato: Aluminio fundido. Di\u00e1metro: 332 mm Motor: Corriente continua de 3 fases sin escobillas Freno electr\u00f3nico. Velocidad de rotaci\u00f3n: 33 rpm, 45 rpm Ajuste de rango de giro: 8, 16, 50. Fluctuaci\u00f3n y tr\u00e9molo: 0,1% o menos WRMS (JIS WTD) Relacion se\u00f1al\/ruido: 70 dB [&hellip;]<\/p>\n","protected":false},"featured_media":60810,"comment_status":"open","ping_status":"closed","template":"","meta":{"_uag_custom_page_level_css":""},"product_brand":[669],"product_cat":[60,15],"product_tag":[],"class_list":{"0":"post-60809","1":"product","2":"type-product","3":"status-publish","4":"has-post-thumbnail","6":"product_brand-pionner-dj","7":"product_cat-controladores","8":"product_cat-sin-categorizar","10":"first","11":"outofstock","12":"sale","13":"taxable","14":"shipping-taxable","15":"purchasable","16":"product-type-simple"},"uagb_featured_image_src":{"full":["https:\/\/rms-enlinea.com.ar\/wp-content\/uploads\/2026\/02\/D_808549-MLA105749685362_022026-F.jpg",1062,752,false],"thumbnail":["https:\/\/rms-enlinea.com.ar\/wp-content\/uploads\/2026\/02\/D_808549-MLA105749685362_022026-F-150x150.jpg",150,150,true],"medium":["https:\/\/rms-enlinea.com.ar\/wp-content\/uploads\/2026\/02\/D_808549-MLA105749685362_022026-F-300x212.jpg",300,212,true],"medium_large":["https:\/\/rms-enlinea.com.ar\/wp-content\/uploads\/2026\/02\/D_808549-MLA105749685362_022026-F-768x544.jpg",768,544,true],"large":["https:\/\/rms-enlinea.com.ar\/wp-content\/uploads\/2026\/02\/D_808549-MLA105749685362_022026-F-1024x725.jpg",1024,725,true],"1536x1536":["https:\/\/rms-enlinea.com.ar\/wp-content\/uploads\/2026\/02\/D_808549-MLA105749685362_022026-F.jpg",1062,752,false],"2048x2048":["https:\/\/rms-enlinea.com.ar\/wp-content\/uploads\/2026\/02\/D_808549-MLA105749685362_022026-F.jpg",1062,752,false],"woocommerce_thumbnail":["https:\/\/rms-enlinea.com.ar\/wp-content\/uploads\/2026\/02\/D_808549-MLA105749685362_022026-F-450x450.jpg",450,450,true],"woocommerce_single":["https:\/\/rms-enlinea.com.ar\/wp-content\/uploads\/2026\/02\/D_808549-MLA105749685362_022026-F-600x425.jpg",600,425,true],"woocommerce_gallery_thumbnail":["https:\/\/rms-enlinea.com.ar\/wp-content\/uploads\/2026\/02\/D_808549-MLA105749685362_022026-F-100x100.jpg",100,100,true]},"uagb_author_info":{"display_name":"nelson","author_link":"https:\/\/rms-enlinea.com.ar\/tienda\/author\/"},"uagb_comment_info":0,"uagb_excerpt":"Especificaciones de la tornamesa: Tracci\u00f3n directa servo con oscilador de cuarzo Plato: Aluminio fundido. Di\u00e1metro: 332 mm Motor: Corriente continua de 3 fases sin escobillas Freno electr\u00f3nico. Velocidad de rotaci\u00f3n: 33 rpm, 45 rpm Ajuste de rango de giro: 8, 16, 50. Fluctuaci\u00f3n y tr\u00e9molo: 0,1% o menos WRMS (JIS WTD) Relacion se\u00f1al\/ruido: 70 dB&hellip;","_links":{"self":[{"href":"https:\/\/rms-enlinea.com.ar\/tienda\/wp-json\/wp\/v2\/product\/60809","targetHints":{"allow":["GET"]}}],"collection":[{"href":"https:\/\/rms-enlinea.com.ar\/tienda\/wp-json\/wp\/v2\/product"}],"about":[{"href":"https:\/\/rms-enlinea.com.ar\/tienda\/wp-json\/wp\/v2\/types\/product"}],"replies":[{"embeddable":true,"href":"https:\/\/rms-enlinea.com.ar\/tienda\/wp-json\/wp\/v2\/comments?post=60809"}],"wp:featuredmedia":[{"embeddable":true,"href":"https:\/\/rms-enlinea.com.ar\/tienda\/wp-json\/wp\/v2\/media\/60810"}],"wp:attachment":[{"href":"https:\/\/rms-enlinea.com.ar\/tienda\/wp-json\/wp\/v2\/media?parent=60809"}],"wp:term":[{"taxonomy":"product_brand","embeddable":true,"href":"https:\/\/rms-enlinea.com.ar\/tienda\/wp-json\/wp\/v2\/product_brand?post=60809"},{"taxonomy":"product_cat","embeddable":true,"href":"https:\/\/rms-enlinea.com.ar\/tienda\/wp-json\/wp\/v2\/product_cat?post=60809"},{"taxonomy":"product_tag","embeddable":true,"href":"https:\/\/rms-enlinea.com.ar\/tienda\/wp-json\/wp\/v2\/product_tag?post=60809"}],"curies":[{"name":"wp","href":"https:\/\/api.w.org\/{rel}","templated":true}]}}