{"id":60815,"date":"2026-02-01T16:50:47","date_gmt":"2026-02-01T19:50:47","guid":{"rendered":"https:\/\/rms-enlinea.com.ar\/tienda\/producto\/bandeja-tocadisco-profesional-para-dj-pioneer-plx-500-k\/"},"modified":"2026-04-21T05:49:20","modified_gmt":"2026-04-21T08:49:20","slug":"bandeja-tocadisco-profesional-para-dj-pioneer-plx-500-k","status":"publish","type":"product","link":"https:\/\/rms-enlinea.com.ar\/tienda\/producto\/bandeja-tocadisco-profesional-para-dj-pioneer-plx-500-k\/","title":{"rendered":"Bandeja Tocadisco Profesional Para Dj Pioneer Plx-500-k"},"content":{"rendered":"<p>Funciones principales<br \/>Accesorios <br \/>PLX-500<br \/>Cable de alimentaci\u00f3n<br \/>Cable USB<br \/>Patinador<br \/>Tapa con soporte para car\u00e1tulas<br \/>Adaptador para Singles<br \/>Cabezal (con c\u00e1psula)<br \/>Pesos y contrapesos<br \/>Cable de Audio conversor:<br \/>Stereo pin plug (hembra)<br \/>Stereo mini plug (macho)<br \/>Manual de instrucciones<\/p>\n<p>Especificaciones<br \/>Ancho 450 mm<br \/>Profundo 368 mm<br \/>Alto 159 mm<br \/>Peso 10.7 kg<\/p>\n","protected":false},"excerpt":{"rendered":"<p>Funciones principalesAccesorios PLX-500Cable de alimentaci\u00f3nCable USBPatinadorTapa con soporte para car\u00e1tulasAdaptador para SinglesCabezal (con c\u00e1psula)Pesos y contrapesosCable de Audio conversor:Stereo pin plug (hembra)Stereo mini plug (macho)Manual de instrucciones EspecificacionesAncho 450 mmProfundo 368 mmAlto 159 mmPeso 10.7 kg<\/p>\n","protected":false},"featured_media":60816,"comment_status":"open","ping_status":"closed","template":"","meta":{"_uag_custom_page_level_css":""},"product_brand":[669],"product_cat":[60,15],"product_tag":[],"class_list":{"0":"post-60815","1":"product","2":"type-product","3":"status-publish","4":"has-post-thumbnail","6":"product_brand-pionner-dj","7":"product_cat-controladores","8":"product_cat-sin-categorizar","10":"first","11":"outofstock","12":"sale","13":"taxable","14":"shipping-taxable","15":"purchasable","16":"product-type-simple"},"uagb_featured_image_src":{"full":["https:\/\/rms-enlinea.com.ar\/wp-content\/uploads\/2026\/02\/D_964596-MLA91476671532_092025-F.jpg",1200,939,false],"thumbnail":["https:\/\/rms-enlinea.com.ar\/wp-content\/uploads\/2026\/02\/D_964596-MLA91476671532_092025-F-150x150.jpg",150,150,true],"medium":["https:\/\/rms-enlinea.com.ar\/wp-content\/uploads\/2026\/02\/D_964596-MLA91476671532_092025-F-300x235.jpg",300,235,true],"medium_large":["https:\/\/rms-enlinea.com.ar\/wp-content\/uploads\/2026\/02\/D_964596-MLA91476671532_092025-F-768x601.jpg",768,601,true],"large":["https:\/\/rms-enlinea.com.ar\/wp-content\/uploads\/2026\/02\/D_964596-MLA91476671532_092025-F-1024x801.jpg",1024,801,true],"1536x1536":["https:\/\/rms-enlinea.com.ar\/wp-content\/uploads\/2026\/02\/D_964596-MLA91476671532_092025-F.jpg",1200,939,false],"2048x2048":["https:\/\/rms-enlinea.com.ar\/wp-content\/uploads\/2026\/02\/D_964596-MLA91476671532_092025-F.jpg",1200,939,false],"woocommerce_thumbnail":["https:\/\/rms-enlinea.com.ar\/wp-content\/uploads\/2026\/02\/D_964596-MLA91476671532_092025-F-450x450.jpg",450,450,true],"woocommerce_single":["https:\/\/rms-enlinea.com.ar\/wp-content\/uploads\/2026\/02\/D_964596-MLA91476671532_092025-F-600x470.jpg",600,470,true],"woocommerce_gallery_thumbnail":["https:\/\/rms-enlinea.com.ar\/wp-content\/uploads\/2026\/02\/D_964596-MLA91476671532_092025-F-100x100.jpg",100,100,true]},"uagb_author_info":{"display_name":"nelson","author_link":"https:\/\/rms-enlinea.com.ar\/tienda\/author\/"},"uagb_comment_info":0,"uagb_excerpt":"Funciones principalesAccesorios PLX-500Cable de alimentaci\u00f3nCable USBPatinadorTapa con soporte para car\u00e1tulasAdaptador para SinglesCabezal (con c\u00e1psula)Pesos y contrapesosCable de Audio conversor:Stereo pin plug (hembra)Stereo mini plug (macho)Manual de instrucciones EspecificacionesAncho 450 mmProfundo 368 mmAlto 159 mmPeso 10.7 kg","_links":{"self":[{"href":"https:\/\/rms-enlinea.com.ar\/tienda\/wp-json\/wp\/v2\/product\/60815","targetHints":{"allow":["GET"]}}],"collection":[{"href":"https:\/\/rms-enlinea.com.ar\/tienda\/wp-json\/wp\/v2\/product"}],"about":[{"href":"https:\/\/rms-enlinea.com.ar\/tienda\/wp-json\/wp\/v2\/types\/product"}],"replies":[{"embeddable":true,"href":"https:\/\/rms-enlinea.com.ar\/tienda\/wp-json\/wp\/v2\/comments?post=60815"}],"wp:featuredmedia":[{"embeddable":true,"href":"https:\/\/rms-enlinea.com.ar\/tienda\/wp-json\/wp\/v2\/media\/60816"}],"wp:attachment":[{"href":"https:\/\/rms-enlinea.com.ar\/tienda\/wp-json\/wp\/v2\/media?parent=60815"}],"wp:term":[{"taxonomy":"product_brand","embeddable":true,"href":"https:\/\/rms-enlinea.com.ar\/tienda\/wp-json\/wp\/v2\/product_brand?post=60815"},{"taxonomy":"product_cat","embeddable":true,"href":"https:\/\/rms-enlinea.com.ar\/tienda\/wp-json\/wp\/v2\/product_cat?post=60815"},{"taxonomy":"product_tag","embeddable":true,"href":"https:\/\/rms-enlinea.com.ar\/tienda\/wp-json\/wp\/v2\/product_tag?post=60815"}],"curies":[{"name":"wp","href":"https:\/\/api.w.org\/{rel}","templated":true}]}}