{"id":60826,"date":"2026-02-01T17:10:28","date_gmt":"2026-02-01T20:10:28","guid":{"rendered":"https:\/\/rms-enlinea.com.ar\/tienda\/producto\/giradisco-profesional-dj-pioneer-plx-crss12-rca-usb\/"},"modified":"2026-04-21T06:55:51","modified_gmt":"2026-04-21T09:55:51","slug":"giradisco-profesional-dj-pioneer-plx-crss12-rca-usb","status":"publish","type":"product","link":"https:\/\/rms-enlinea.com.ar\/tienda\/producto\/giradisco-profesional-dj-pioneer-plx-crss12-rca-usb\/","title":{"rendered":"Giradisco Profesional Dj Pioneer Plx-crss12 Rca Usb"},"content":{"rendered":"<p>Funciones principales<br \/>Accesorios<br \/>Plato<br \/>Tornillos para el plato<br \/>Desatornillador<br \/>Estabilizador MAGVEL CLAMP<br \/>Alfombrilla antideslizante<br \/>L\u00e1mina antideslizante<br \/>Cubierta antipolvo<br \/>Contrapeso<br \/>Peso inferior<br \/>Cabezal<br \/>Peso del cabezal<br \/>Cable de alimentaci\u00f3n<br \/>Cable de audio (con cable de tierra)<br \/>Cable USB<br \/>Gu\u00eda de inicio r\u00e1pido<br \/>Garant\u00eda (para algunas regiones)*<br \/>Precauciones de uso<\/p>\n","protected":false},"excerpt":{"rendered":"<p>Funciones principalesAccesoriosPlatoTornillos para el platoDesatornilladorEstabilizador MAGVEL CLAMPAlfombrilla antideslizanteL\u00e1mina antideslizanteCubierta antipolvoContrapesoPeso inferiorCabezalPeso del cabezalCable de alimentaci\u00f3nCable de audio (con cable de tierra)Cable USBGu\u00eda de inicio r\u00e1pidoGarant\u00eda (para algunas regiones)*Precauciones de uso<\/p>\n","protected":false},"featured_media":60827,"comment_status":"open","ping_status":"closed","template":"","meta":{"_uag_custom_page_level_css":""},"product_brand":[669],"product_cat":[60,15],"product_tag":[],"class_list":{"0":"post-60826","1":"product","2":"type-product","3":"status-publish","4":"has-post-thumbnail","6":"product_brand-pionner-dj","7":"product_cat-controladores","8":"product_cat-sin-categorizar","10":"first","11":"outofstock","12":"sale","13":"taxable","14":"shipping-taxable","15":"purchasable","16":"product-type-simple"},"uagb_featured_image_src":{"full":["https:\/\/rms-enlinea.com.ar\/wp-content\/uploads\/2026\/02\/D_838318-MLA99938779291_112025-F.jpg",1200,954,false],"thumbnail":["https:\/\/rms-enlinea.com.ar\/wp-content\/uploads\/2026\/02\/D_838318-MLA99938779291_112025-F-150x150.jpg",150,150,true],"medium":["https:\/\/rms-enlinea.com.ar\/wp-content\/uploads\/2026\/02\/D_838318-MLA99938779291_112025-F-300x239.jpg",300,239,true],"medium_large":["https:\/\/rms-enlinea.com.ar\/wp-content\/uploads\/2026\/02\/D_838318-MLA99938779291_112025-F-768x611.jpg",768,611,true],"large":["https:\/\/rms-enlinea.com.ar\/wp-content\/uploads\/2026\/02\/D_838318-MLA99938779291_112025-F-1024x814.jpg",1024,814,true],"1536x1536":["https:\/\/rms-enlinea.com.ar\/wp-content\/uploads\/2026\/02\/D_838318-MLA99938779291_112025-F.jpg",1200,954,false],"2048x2048":["https:\/\/rms-enlinea.com.ar\/wp-content\/uploads\/2026\/02\/D_838318-MLA99938779291_112025-F.jpg",1200,954,false],"woocommerce_thumbnail":["https:\/\/rms-enlinea.com.ar\/wp-content\/uploads\/2026\/02\/D_838318-MLA99938779291_112025-F-450x450.jpg",450,450,true],"woocommerce_single":["https:\/\/rms-enlinea.com.ar\/wp-content\/uploads\/2026\/02\/D_838318-MLA99938779291_112025-F-600x477.jpg",600,477,true],"woocommerce_gallery_thumbnail":["https:\/\/rms-enlinea.com.ar\/wp-content\/uploads\/2026\/02\/D_838318-MLA99938779291_112025-F-100x100.jpg",100,100,true]},"uagb_author_info":{"display_name":"nelson","author_link":"https:\/\/rms-enlinea.com.ar\/tienda\/author\/"},"uagb_comment_info":0,"uagb_excerpt":"Funciones principalesAccesoriosPlatoTornillos para el platoDesatornilladorEstabilizador MAGVEL CLAMPAlfombrilla antideslizanteL\u00e1mina antideslizanteCubierta antipolvoContrapesoPeso inferiorCabezalPeso del cabezalCable de alimentaci\u00f3nCable de audio (con cable de tierra)Cable USBGu\u00eda de inicio r\u00e1pidoGarant\u00eda (para algunas regiones)*Precauciones de uso","_links":{"self":[{"href":"https:\/\/rms-enlinea.com.ar\/tienda\/wp-json\/wp\/v2\/product\/60826","targetHints":{"allow":["GET"]}}],"collection":[{"href":"https:\/\/rms-enlinea.com.ar\/tienda\/wp-json\/wp\/v2\/product"}],"about":[{"href":"https:\/\/rms-enlinea.com.ar\/tienda\/wp-json\/wp\/v2\/types\/product"}],"replies":[{"embeddable":true,"href":"https:\/\/rms-enlinea.com.ar\/tienda\/wp-json\/wp\/v2\/comments?post=60826"}],"wp:featuredmedia":[{"embeddable":true,"href":"https:\/\/rms-enlinea.com.ar\/tienda\/wp-json\/wp\/v2\/media\/60827"}],"wp:attachment":[{"href":"https:\/\/rms-enlinea.com.ar\/tienda\/wp-json\/wp\/v2\/media?parent=60826"}],"wp:term":[{"taxonomy":"product_brand","embeddable":true,"href":"https:\/\/rms-enlinea.com.ar\/tienda\/wp-json\/wp\/v2\/product_brand?post=60826"},{"taxonomy":"product_cat","embeddable":true,"href":"https:\/\/rms-enlinea.com.ar\/tienda\/wp-json\/wp\/v2\/product_cat?post=60826"},{"taxonomy":"product_tag","embeddable":true,"href":"https:\/\/rms-enlinea.com.ar\/tienda\/wp-json\/wp\/v2\/product_tag?post=60826"}],"curies":[{"name":"wp","href":"https:\/\/api.w.org\/{rel}","templated":true}]}}