{"id":60834,"date":"2026-02-01T17:20:05","date_gmt":"2026-02-01T20:20:05","guid":{"rendered":"https:\/\/rms-enlinea.com.ar\/tienda\/producto\/unidad-de-efectos-y-sampler-profesional-pioneer-rmx-1000\/"},"modified":"2026-04-06T12:50:17","modified_gmt":"2026-04-06T15:50:17","slug":"unidad-de-efectos-y-sampler-profesional-pioneer-rmx-1000","status":"publish","type":"product","link":"https:\/\/rms-enlinea.com.ar\/tienda\/producto\/unidad-de-efectos-y-sampler-profesional-pioneer-rmx-1000\/","title":{"rendered":"Unidad De Efectos Y Sampler Profesional Pioneer Rmx-1000"},"content":{"rendered":"<p>Efectos extraordinarios<br \/>El modelo RMX-1000, que toma una direcci\u00f3n totalmente nueva de los m\u00f3dulos de efectos y samplers, es un sistema 3 en 1 que comprende software de edici\u00f3n, hardware de rendimiento innovador y complementos VST\/AU\/RTAS.<\/p>\n<p>Disfruta de todas las posibilidades de efectos de estudio y cajas de ritmo, con un equipo para DJ profesional. Incluyendo caracter\u00edsticas heredadas de nuestros m\u00f3dulos de efectos y mezcladores emblem\u00e1ticos, como por ejemplo, el Isolator FX del DJM-2000, el X-Pad del DJM-900NXS y el encadenamiento m\u00faltiple de FX del EFX-1000 -todos ellos mejorados y unidos en una unidad.<\/p>\n<p>El RMX-1000 te ofrece el control intuitivo de m\u00faltiples par\u00e1metros en macro. Tambi\u00e9n puedes usar nuestro software de edici\u00f3n remixbox&#x2122;, que te permite personalizar por completo el hardware RMX-1000 de acuerdo con tu estilo de rendimiento y cargarlo con tus propios bancos de samples.<\/p>\n<p>Caracter\u00edsticas principales<br \/>Controlador para VST\/AU\/RTAS<br \/>Dale vida a tus producciones de estudio. Conecta el RMX-1000 al PC\/Mac y util\u00edzalo para manipular las caracter\u00edsticas interesantes de los plug-ins VST\/AU\/RTAS.<\/p>\n<p>Scene FX<br \/>Construye o divide pistas combinando diez tipos de efectos. Usa la secci\u00f3n superior para incluir efectos como Noise, Echo y Spiral Up o la secci\u00f3n inferior para descomponer, cortar sonidos con Crush Echo, Spiral Down o Reverb Down.<\/p>\n<p>Isolator FX<br \/>Cambia el ritmo principal de la entrada de audio y el timbre usando bandas de frecuencia alta, media y baja. Se cargan 3 efectos en los diales para tener aun m\u00e1s flexibilidad: Cut\/Add, Trans\/Roll y Gate\/Drive.<\/p>\n<p>X-Pad con control Pitch<br \/>Inmediatamente invol\u00facrate en las muestras de bater\u00eda de la unidad tocando los botones individuales sample (bombo, caja, aplaudir y hi-hat), o usando el X-Pad para rodar (repetir) las muestras a diferentes velocidades. Utilice la perilla de tono para a\u00f1adir a\u00fan m\u00e1s car\u00e1cter a cada beat.<\/p>\n<p>Release FX<br \/>Sin problemas de salida de complejas combinaciones de efectos y regresando a la pista original. Back Spin Echo y Vinyl Brake te permiten elegir exactamente c\u00f3mo regresar a la reproducci\u00f3n normal.<\/p>\n<p>Totalmente personalizable con el software remixbox<br \/>Utiliza el software para modificar las caracter\u00edsticas de la unidad y cambiar sus par\u00e1metros para que tu experiencia como DJ sea verdaderamente personalizada. Coloca el rat\u00f3n sobre el RMX-1000 virtual y edita caracter\u00edsticas, cambia par\u00e1metros o ajusta efectos en el propio hardware.<\/p>\n","protected":false},"excerpt":{"rendered":"<p>Efectos extraordinariosEl modelo RMX-1000, que toma una direcci\u00f3n totalmente nueva de los m\u00f3dulos de efectos y samplers, es un sistema 3 en 1 que comprende software de edici\u00f3n, hardware de rendimiento innovador y complementos VST\/AU\/RTAS. Disfruta de todas las posibilidades de efectos de estudio y cajas de ritmo, con un equipo para DJ profesional. Incluyendo [&hellip;]<\/p>\n","protected":false},"featured_media":60835,"comment_status":"open","ping_status":"closed","template":"","meta":{"_uag_custom_page_level_css":""},"product_brand":[669],"product_cat":[60,15],"product_tag":[],"class_list":{"0":"post-60834","1":"product","2":"type-product","3":"status-publish","4":"has-post-thumbnail","6":"product_brand-pionner-dj","7":"product_cat-controladores","8":"product_cat-sin-categorizar","10":"first","11":"outofstock","12":"sale","13":"taxable","14":"shipping-taxable","15":"purchasable","16":"product-type-simple"},"uagb_featured_image_src":{"full":["https:\/\/rms-enlinea.com.ar\/wp-content\/uploads\/2026\/02\/D_723991-MLA79653960974_102024-F.jpg",854,389,false],"thumbnail":["https:\/\/rms-enlinea.com.ar\/wp-content\/uploads\/2026\/02\/D_723991-MLA79653960974_102024-F-150x150.jpg",150,150,true],"medium":["https:\/\/rms-enlinea.com.ar\/wp-content\/uploads\/2026\/02\/D_723991-MLA79653960974_102024-F-300x137.jpg",300,137,true],"medium_large":["https:\/\/rms-enlinea.com.ar\/wp-content\/uploads\/2026\/02\/D_723991-MLA79653960974_102024-F-768x350.jpg",768,350,true],"large":["https:\/\/rms-enlinea.com.ar\/wp-content\/uploads\/2026\/02\/D_723991-MLA79653960974_102024-F.jpg",854,389,false],"1536x1536":["https:\/\/rms-enlinea.com.ar\/wp-content\/uploads\/2026\/02\/D_723991-MLA79653960974_102024-F.jpg",854,389,false],"2048x2048":["https:\/\/rms-enlinea.com.ar\/wp-content\/uploads\/2026\/02\/D_723991-MLA79653960974_102024-F.jpg",854,389,false],"woocommerce_thumbnail":["https:\/\/rms-enlinea.com.ar\/wp-content\/uploads\/2026\/02\/D_723991-MLA79653960974_102024-F-450x389.jpg",450,389,true],"woocommerce_single":["https:\/\/rms-enlinea.com.ar\/wp-content\/uploads\/2026\/02\/D_723991-MLA79653960974_102024-F-600x273.jpg",600,273,true],"woocommerce_gallery_thumbnail":["https:\/\/rms-enlinea.com.ar\/wp-content\/uploads\/2026\/02\/D_723991-MLA79653960974_102024-F-100x100.jpg",100,100,true]},"uagb_author_info":{"display_name":"nelson","author_link":"https:\/\/rms-enlinea.com.ar\/tienda\/author\/"},"uagb_comment_info":0,"uagb_excerpt":"Efectos extraordinariosEl modelo RMX-1000, que toma una direcci\u00f3n totalmente nueva de los m\u00f3dulos de efectos y samplers, es un sistema 3 en 1 que comprende software de edici\u00f3n, hardware de rendimiento innovador y complementos VST\/AU\/RTAS. Disfruta de todas las posibilidades de efectos de estudio y cajas de ritmo, con un equipo para DJ profesional. Incluyendo&hellip;","_links":{"self":[{"href":"https:\/\/rms-enlinea.com.ar\/tienda\/wp-json\/wp\/v2\/product\/60834","targetHints":{"allow":["GET"]}}],"collection":[{"href":"https:\/\/rms-enlinea.com.ar\/tienda\/wp-json\/wp\/v2\/product"}],"about":[{"href":"https:\/\/rms-enlinea.com.ar\/tienda\/wp-json\/wp\/v2\/types\/product"}],"replies":[{"embeddable":true,"href":"https:\/\/rms-enlinea.com.ar\/tienda\/wp-json\/wp\/v2\/comments?post=60834"}],"wp:featuredmedia":[{"embeddable":true,"href":"https:\/\/rms-enlinea.com.ar\/tienda\/wp-json\/wp\/v2\/media\/60835"}],"wp:attachment":[{"href":"https:\/\/rms-enlinea.com.ar\/tienda\/wp-json\/wp\/v2\/media?parent=60834"}],"wp:term":[{"taxonomy":"product_brand","embeddable":true,"href":"https:\/\/rms-enlinea.com.ar\/tienda\/wp-json\/wp\/v2\/product_brand?post=60834"},{"taxonomy":"product_cat","embeddable":true,"href":"https:\/\/rms-enlinea.com.ar\/tienda\/wp-json\/wp\/v2\/product_cat?post=60834"},{"taxonomy":"product_tag","embeddable":true,"href":"https:\/\/rms-enlinea.com.ar\/tienda\/wp-json\/wp\/v2\/product_tag?post=60834"}],"curies":[{"name":"wp","href":"https:\/\/api.w.org\/{rel}","templated":true}]}}