{"id":60839,"date":"2026-02-01T17:40:07","date_gmt":"2026-02-01T20:40:07","guid":{"rendered":"https:\/\/rms-enlinea.com.ar\/tienda\/producto\/pendrive-profesional-dj-1tb-usb-a-usb-c-pioneer-sddde1-1t00\/"},"modified":"2026-03-31T20:19:23","modified_gmt":"2026-03-31T23:19:23","slug":"pendrive-profesional-dj-1tb-usb-a-usb-c-pioneer-sddde1-1t00","status":"publish","type":"product","link":"https:\/\/rms-enlinea.com.ar\/tienda\/producto\/pendrive-profesional-dj-1tb-usb-a-usb-c-pioneer-sddde1-1t00\/","title":{"rendered":"Pendrive Profesional Dj 1tb Usb-a Usb-c Pioneer Sddde1-1t00"},"content":{"rendered":"<p>Dimens\u00f5es (L \u00d7 A \u00d7 P)\t1.75&#8243; x 0.48&#8243; x 0.34&#8243;<br \/>Weight\t6.5g<br \/>Capacity\t1TB<br \/>Interface\tUSB 3.2 Gen 2<br \/>Warranty\tGarant\u00eda limitada de por vida<br \/>Operating Temperature\t0\u00b0C to 45\u00b0C<br \/>Non-Operating Temperature\t-10\u00b0C to 70\u00b0C<br \/>Read speed\tHasta 1,000\/MB\/s<br \/>Write speed\tHasta 900MB\/s<br \/>Transfer speed\tHasta 34GB en menos de 1 minuto<br \/>Terminal\tUSB Type-C and Type-A<br \/>Compatibility\tAlphaTheta products<br \/>USB Type-C devices (phones, laptops, and tablets)<br \/>iOS 10.0.2+<br \/>Android 11+<br \/>macOS v.10.9+<br \/>Windows 10+<\/p>\n","protected":false},"excerpt":{"rendered":"<p>Dimens\u00f5es (L \u00d7 A \u00d7 P) 1.75&#8243; x 0.48&#8243; x 0.34&#8243;Weight 6.5gCapacity 1TBInterface USB 3.2 Gen 2Warranty Garant\u00eda limitada de por vidaOperating Temperature 0\u00b0C to 45\u00b0CNon-Operating Temperature -10\u00b0C to 70\u00b0CRead speed Hasta 1,000\/MB\/sWrite speed Hasta 900MB\/sTransfer speed Hasta 34GB en menos de 1 minutoTerminal USB Type-C and Type-ACompatibility AlphaTheta productsUSB Type-C devices (phones, laptops, and [&hellip;]<\/p>\n","protected":false},"featured_media":60840,"comment_status":"open","ping_status":"closed","template":"","meta":{"_uag_custom_page_level_css":""},"product_brand":[669],"product_cat":[60,15],"product_tag":[],"class_list":{"0":"post-60839","1":"product","2":"type-product","3":"status-publish","4":"has-post-thumbnail","6":"product_brand-pionner-dj","7":"product_cat-controladores","8":"product_cat-sin-categorizar","10":"first","11":"outofstock","12":"sale","13":"taxable","14":"shipping-taxable","15":"purchasable","16":"product-type-simple"},"uagb_featured_image_src":{"full":["https:\/\/rms-enlinea.com.ar\/wp-content\/uploads\/2026\/02\/D_788795-MLA91483668292_092025-F.jpg",1200,818,false],"thumbnail":["https:\/\/rms-enlinea.com.ar\/wp-content\/uploads\/2026\/02\/D_788795-MLA91483668292_092025-F-150x150.jpg",150,150,true],"medium":["https:\/\/rms-enlinea.com.ar\/wp-content\/uploads\/2026\/02\/D_788795-MLA91483668292_092025-F-300x205.jpg",300,205,true],"medium_large":["https:\/\/rms-enlinea.com.ar\/wp-content\/uploads\/2026\/02\/D_788795-MLA91483668292_092025-F-768x524.jpg",768,524,true],"large":["https:\/\/rms-enlinea.com.ar\/wp-content\/uploads\/2026\/02\/D_788795-MLA91483668292_092025-F-1024x698.jpg",1024,698,true],"1536x1536":["https:\/\/rms-enlinea.com.ar\/wp-content\/uploads\/2026\/02\/D_788795-MLA91483668292_092025-F.jpg",1200,818,false],"2048x2048":["https:\/\/rms-enlinea.com.ar\/wp-content\/uploads\/2026\/02\/D_788795-MLA91483668292_092025-F.jpg",1200,818,false],"woocommerce_thumbnail":["https:\/\/rms-enlinea.com.ar\/wp-content\/uploads\/2026\/02\/D_788795-MLA91483668292_092025-F-450x450.jpg",450,450,true],"woocommerce_single":["https:\/\/rms-enlinea.com.ar\/wp-content\/uploads\/2026\/02\/D_788795-MLA91483668292_092025-F-600x409.jpg",600,409,true],"woocommerce_gallery_thumbnail":["https:\/\/rms-enlinea.com.ar\/wp-content\/uploads\/2026\/02\/D_788795-MLA91483668292_092025-F-100x100.jpg",100,100,true]},"uagb_author_info":{"display_name":"nelson","author_link":"https:\/\/rms-enlinea.com.ar\/tienda\/author\/"},"uagb_comment_info":0,"uagb_excerpt":"Dimens\u00f5es (L \u00d7 A \u00d7 P) 1.75&#8243; x 0.48&#8243; x 0.34&#8243;Weight 6.5gCapacity 1TBInterface USB 3.2 Gen 2Warranty Garant\u00eda limitada de por vidaOperating Temperature 0\u00b0C to 45\u00b0CNon-Operating Temperature -10\u00b0C to 70\u00b0CRead speed Hasta 1,000\/MB\/sWrite speed Hasta 900MB\/sTransfer speed Hasta 34GB en menos de 1 minutoTerminal USB Type-C and Type-ACompatibility AlphaTheta productsUSB Type-C devices (phones, laptops, and&hellip;","_links":{"self":[{"href":"https:\/\/rms-enlinea.com.ar\/tienda\/wp-json\/wp\/v2\/product\/60839","targetHints":{"allow":["GET"]}}],"collection":[{"href":"https:\/\/rms-enlinea.com.ar\/tienda\/wp-json\/wp\/v2\/product"}],"about":[{"href":"https:\/\/rms-enlinea.com.ar\/tienda\/wp-json\/wp\/v2\/types\/product"}],"replies":[{"embeddable":true,"href":"https:\/\/rms-enlinea.com.ar\/tienda\/wp-json\/wp\/v2\/comments?post=60839"}],"wp:featuredmedia":[{"embeddable":true,"href":"https:\/\/rms-enlinea.com.ar\/tienda\/wp-json\/wp\/v2\/media\/60840"}],"wp:attachment":[{"href":"https:\/\/rms-enlinea.com.ar\/tienda\/wp-json\/wp\/v2\/media?parent=60839"}],"wp:term":[{"taxonomy":"product_brand","embeddable":true,"href":"https:\/\/rms-enlinea.com.ar\/tienda\/wp-json\/wp\/v2\/product_brand?post=60839"},{"taxonomy":"product_cat","embeddable":true,"href":"https:\/\/rms-enlinea.com.ar\/tienda\/wp-json\/wp\/v2\/product_cat?post=60839"},{"taxonomy":"product_tag","embeddable":true,"href":"https:\/\/rms-enlinea.com.ar\/tienda\/wp-json\/wp\/v2\/product_tag?post=60839"}],"curies":[{"name":"wp","href":"https:\/\/api.w.org\/{rel}","templated":true}]}}