{"id":60846,"date":"2026-02-01T17:40:17","date_gmt":"2026-02-01T20:40:17","guid":{"rendered":"https:\/\/rms-enlinea.com.ar\/tienda\/producto\/reproductor-de-dj-profesional-pioneer-xdj-1000mk2\/"},"modified":"2026-05-04T11:19:38","modified_gmt":"2026-05-04T14:19:38","slug":"reproductor-de-dj-profesional-pioneer-xdj-1000mk2","status":"publish","type":"product","link":"https:\/\/rms-enlinea.com.ar\/tienda\/producto\/reproductor-de-dj-profesional-pioneer-xdj-1000mk2\/","title":{"rendered":"Reproductor De Dj Profesional Pioneer Xdj-1000mk2"},"content":{"rendered":"<p>Funciones principales<br \/>Formatos de archivo<br \/>AAC<br \/>AIFF<br \/>MP3<br \/>WAV<br \/>ALAC<br \/>FLAC<br \/>Versi\u00f3n iOS de rekordbox: solo MP3 y AAC<br \/>Sistemas de archivos<br \/>FAT<br \/>FAT32<br \/>HFS+<br \/>Control MIDI<br \/>S\u00ed<br \/>ProDJ Link<br \/>S\u00ed<br \/>KUVO ready<br \/>S\u00ed<br \/>Auto Standby<br \/>S\u00ed<br \/>rekordbox<br \/>S\u00ed<br \/>Accesorios<br \/>XDJ-1000MK2<br \/>Cable de alimentaci\u00f3n<br \/>Cable de audio<br \/>Cable LAN<br \/>Manual de instrucciones<br \/>Especificaciones<br \/>Ancho<br \/>305 mm<br \/>Profundo<br \/>382.5 mm<br \/>Alto<br \/>110 mm<br \/>Peso<br \/>3.7 kg<br \/>Relaci\u00f3n se\u00f1al\/ruido<br \/>115 dB<br \/>Distorsi\u00f3n<br \/>&lt; 0.01 %<br \/>Nivel de salida<br \/>2.0 Vrms (1 kHz, 0 dB)<br \/>Rango de frecuencia<br \/>4 &#8211; 20000 Hz<\/p>\n","protected":false},"excerpt":{"rendered":"<p>Funciones principalesFormatos de archivoAACAIFFMP3WAVALACFLACVersi\u00f3n iOS de rekordbox: solo MP3 y AACSistemas de archivosFATFAT32HFS+Control MIDIS\u00edProDJ LinkS\u00edKUVO readyS\u00edAuto StandbyS\u00edrekordboxS\u00edAccesoriosXDJ-1000MK2Cable de alimentaci\u00f3nCable de audioCable LANManual de instruccionesEspecificacionesAncho305 mmProfundo382.5 mmAlto110 mmPeso3.7 kgRelaci\u00f3n se\u00f1al\/ruido115 dBDistorsi\u00f3n&lt; 0.01 %Nivel de salida2.0 Vrms (1 kHz, 0 dB)Rango de frecuencia4 &#8211; 20000 Hz<\/p>\n","protected":false},"featured_media":60847,"comment_status":"open","ping_status":"closed","template":"","meta":{"_uag_custom_page_level_css":""},"product_brand":[669],"product_cat":[60,15],"product_tag":[],"class_list":{"0":"post-60846","1":"product","2":"type-product","3":"status-publish","4":"has-post-thumbnail","6":"product_brand-pionner-dj","7":"product_cat-controladores","8":"product_cat-sin-categorizar","10":"first","11":"outofstock","12":"sale","13":"taxable","14":"shipping-taxable","15":"purchasable","16":"product-type-simple"},"uagb_featured_image_src":{"full":["https:\/\/rms-enlinea.com.ar\/wp-content\/uploads\/2026\/02\/D_923679-MLA99993163469_112025-F.jpg",966,1200,false],"thumbnail":["https:\/\/rms-enlinea.com.ar\/wp-content\/uploads\/2026\/02\/D_923679-MLA99993163469_112025-F-150x150.jpg",150,150,true],"medium":["https:\/\/rms-enlinea.com.ar\/wp-content\/uploads\/2026\/02\/D_923679-MLA99993163469_112025-F-242x300.jpg",242,300,true],"medium_large":["https:\/\/rms-enlinea.com.ar\/wp-content\/uploads\/2026\/02\/D_923679-MLA99993163469_112025-F-768x954.jpg",768,954,true],"large":["https:\/\/rms-enlinea.com.ar\/wp-content\/uploads\/2026\/02\/D_923679-MLA99993163469_112025-F-824x1024.jpg",824,1024,true],"1536x1536":["https:\/\/rms-enlinea.com.ar\/wp-content\/uploads\/2026\/02\/D_923679-MLA99993163469_112025-F.jpg",966,1200,false],"2048x2048":["https:\/\/rms-enlinea.com.ar\/wp-content\/uploads\/2026\/02\/D_923679-MLA99993163469_112025-F.jpg",966,1200,false],"woocommerce_thumbnail":["https:\/\/rms-enlinea.com.ar\/wp-content\/uploads\/2026\/02\/D_923679-MLA99993163469_112025-F-450x450.jpg",450,450,true],"woocommerce_single":["https:\/\/rms-enlinea.com.ar\/wp-content\/uploads\/2026\/02\/D_923679-MLA99993163469_112025-F-600x745.jpg",600,745,true],"woocommerce_gallery_thumbnail":["https:\/\/rms-enlinea.com.ar\/wp-content\/uploads\/2026\/02\/D_923679-MLA99993163469_112025-F-100x100.jpg",100,100,true]},"uagb_author_info":{"display_name":"nelson","author_link":"https:\/\/rms-enlinea.com.ar\/tienda\/author\/"},"uagb_comment_info":0,"uagb_excerpt":"Funciones principalesFormatos de archivoAACAIFFMP3WAVALACFLACVersi\u00f3n iOS de rekordbox: solo MP3 y AACSistemas de archivosFATFAT32HFS+Control MIDIS\u00edProDJ LinkS\u00edKUVO readyS\u00edAuto StandbyS\u00edrekordboxS\u00edAccesoriosXDJ-1000MK2Cable de alimentaci\u00f3nCable de audioCable LANManual de instruccionesEspecificacionesAncho305 mmProfundo382.5 mmAlto110 mmPeso3.7 kgRelaci\u00f3n se\u00f1al\/ruido115 dBDistorsi\u00f3n&lt; 0.01 %Nivel de salida2.0 Vrms (1 kHz, 0 dB)Rango de frecuencia4 &#8211; 20000 Hz","_links":{"self":[{"href":"https:\/\/rms-enlinea.com.ar\/tienda\/wp-json\/wp\/v2\/product\/60846","targetHints":{"allow":["GET"]}}],"collection":[{"href":"https:\/\/rms-enlinea.com.ar\/tienda\/wp-json\/wp\/v2\/product"}],"about":[{"href":"https:\/\/rms-enlinea.com.ar\/tienda\/wp-json\/wp\/v2\/types\/product"}],"replies":[{"embeddable":true,"href":"https:\/\/rms-enlinea.com.ar\/tienda\/wp-json\/wp\/v2\/comments?post=60846"}],"wp:featuredmedia":[{"embeddable":true,"href":"https:\/\/rms-enlinea.com.ar\/tienda\/wp-json\/wp\/v2\/media\/60847"}],"wp:attachment":[{"href":"https:\/\/rms-enlinea.com.ar\/tienda\/wp-json\/wp\/v2\/media?parent=60846"}],"wp:term":[{"taxonomy":"product_brand","embeddable":true,"href":"https:\/\/rms-enlinea.com.ar\/tienda\/wp-json\/wp\/v2\/product_brand?post=60846"},{"taxonomy":"product_cat","embeddable":true,"href":"https:\/\/rms-enlinea.com.ar\/tienda\/wp-json\/wp\/v2\/product_cat?post=60846"},{"taxonomy":"product_tag","embeddable":true,"href":"https:\/\/rms-enlinea.com.ar\/tienda\/wp-json\/wp\/v2\/product_tag?post=60846"}],"curies":[{"name":"wp","href":"https:\/\/api.w.org\/{rel}","templated":true}]}}