{"id":60853,"date":"2026-02-01T17:50:07","date_gmt":"2026-02-01T20:50:07","guid":{"rendered":"https:\/\/rms-enlinea.com.ar\/tienda\/producto\/reproductor-de-dj-profesional-pioneer-xdj-700\/"},"modified":"2026-04-02T19:40:18","modified_gmt":"2026-04-02T22:40:18","slug":"reproductor-de-dj-profesional-pioneer-xdj-700","status":"publish","type":"product","link":"https:\/\/rms-enlinea.com.ar\/tienda\/producto\/reproductor-de-dj-profesional-pioneer-xdj-700\/","title":{"rendered":"Reproductor De Dj Profesional Pioneer Xdj-700"},"content":{"rendered":"<p>Tama\u00f1o compacto, excelentes caracter\u00edsticas.<br \/>El XDJ-700 dispone de una gran pantalla t\u00e1ctil, y un dise\u00f1o familiar con funciones heredadas de su hermano mayor, el XDJ-1000. Su tama\u00f1o compacto y su soporte extra\u00edble lo hace perfecto para cabinas peque\u00f1as o espacios reducidos en casa.<\/p>\n<p>Con soporte para nuestro software rekordbox&#x2122; gratuito, puedes preparar tus sets en un PC o Mac antes de entrar en cabina.<\/p>\n<p>Caracter\u00edsticas principales<br \/>Gran pantalla t\u00e1ctil<br \/>La pantalla t\u00e1ctil LCD a todo color de 7 pulgadas te proporciona un control intuitivo y permite la creatividad total. La interfaz gr\u00e1fica de usuario se divide en tres secciones para que puedas ver y acceder a todas las funciones que necesitas sin esfuerzo.<\/p>\n<p>Navegaci\u00f3n m\u00e1s r\u00e1pida<br \/>Abre el teclado Qwerty para buscar por palabras clave o usa el bot\u00f3n giratorio para explorar. Tambi\u00e9n te permite elegir la forma de ver tus pistas: lista, artwork o vista personalizada.<\/p>\n<p>Hot Cues<br \/>Ejecutando Hot Cues y Loops en el momento perfecto.<\/p>\n<p>Beat Perfect<br \/>Quantize ajusta los cues y loops al beatgrid rekordbox; ejecutando Hot Cues y Loops en el momento perfecto.<\/p>\n<p>Mayor libertad creativa<br \/>Sincroniza autom\u00e1ticamente hasta 4 platos analizados en rekordbox, y conc\u00e9ntrate en crear mezclas con tu propio estilo.<\/p>\n<p>Slip Mode<br \/>Mant\u00e9n las pistas reproduciendose en segundo plano (sin que se oiga) mientras utilizas funciones en directo como loop, scratch o reverse. Libera el jog wheel y la pista vuelve exactamente al lugar correcto.<\/p>\n","protected":false},"excerpt":{"rendered":"<p>Tama\u00f1o compacto, excelentes caracter\u00edsticas.El XDJ-700 dispone de una gran pantalla t\u00e1ctil, y un dise\u00f1o familiar con funciones heredadas de su hermano mayor, el XDJ-1000. Su tama\u00f1o compacto y su soporte extra\u00edble lo hace perfecto para cabinas peque\u00f1as o espacios reducidos en casa. Con soporte para nuestro software rekordbox&#x2122; gratuito, puedes preparar tus sets en un [&hellip;]<\/p>\n","protected":false},"featured_media":60854,"comment_status":"open","ping_status":"closed","template":"","meta":{"_uag_custom_page_level_css":""},"product_brand":[669],"product_cat":[60,15],"product_tag":[],"class_list":{"0":"post-60853","1":"product","2":"type-product","3":"status-publish","4":"has-post-thumbnail","6":"product_brand-pionner-dj","7":"product_cat-controladores","8":"product_cat-sin-categorizar","10":"first","11":"outofstock","12":"sale","13":"taxable","14":"shipping-taxable","15":"purchasable","16":"product-type-simple"},"uagb_featured_image_src":{"full":["https:\/\/rms-enlinea.com.ar\/wp-content\/uploads\/2026\/02\/D_883463-MLA92449477090_092025-F.jpg",985,1199,false],"thumbnail":["https:\/\/rms-enlinea.com.ar\/wp-content\/uploads\/2026\/02\/D_883463-MLA92449477090_092025-F-150x150.jpg",150,150,true],"medium":["https:\/\/rms-enlinea.com.ar\/wp-content\/uploads\/2026\/02\/D_883463-MLA92449477090_092025-F-246x300.jpg",246,300,true],"medium_large":["https:\/\/rms-enlinea.com.ar\/wp-content\/uploads\/2026\/02\/D_883463-MLA92449477090_092025-F-768x935.jpg",768,935,true],"large":["https:\/\/rms-enlinea.com.ar\/wp-content\/uploads\/2026\/02\/D_883463-MLA92449477090_092025-F-841x1024.jpg",841,1024,true],"1536x1536":["https:\/\/rms-enlinea.com.ar\/wp-content\/uploads\/2026\/02\/D_883463-MLA92449477090_092025-F.jpg",985,1199,false],"2048x2048":["https:\/\/rms-enlinea.com.ar\/wp-content\/uploads\/2026\/02\/D_883463-MLA92449477090_092025-F.jpg",985,1199,false],"woocommerce_thumbnail":["https:\/\/rms-enlinea.com.ar\/wp-content\/uploads\/2026\/02\/D_883463-MLA92449477090_092025-F-450x450.jpg",450,450,true],"woocommerce_single":["https:\/\/rms-enlinea.com.ar\/wp-content\/uploads\/2026\/02\/D_883463-MLA92449477090_092025-F-600x730.jpg",600,730,true],"woocommerce_gallery_thumbnail":["https:\/\/rms-enlinea.com.ar\/wp-content\/uploads\/2026\/02\/D_883463-MLA92449477090_092025-F-100x100.jpg",100,100,true]},"uagb_author_info":{"display_name":"nelson","author_link":"https:\/\/rms-enlinea.com.ar\/tienda\/author\/"},"uagb_comment_info":0,"uagb_excerpt":"Tama\u00f1o compacto, excelentes caracter\u00edsticas.El XDJ-700 dispone de una gran pantalla t\u00e1ctil, y un dise\u00f1o familiar con funciones heredadas de su hermano mayor, el XDJ-1000. Su tama\u00f1o compacto y su soporte extra\u00edble lo hace perfecto para cabinas peque\u00f1as o espacios reducidos en casa. Con soporte para nuestro software rekordbox&#x2122; gratuito, puedes preparar tus sets en un&hellip;","_links":{"self":[{"href":"https:\/\/rms-enlinea.com.ar\/tienda\/wp-json\/wp\/v2\/product\/60853","targetHints":{"allow":["GET"]}}],"collection":[{"href":"https:\/\/rms-enlinea.com.ar\/tienda\/wp-json\/wp\/v2\/product"}],"about":[{"href":"https:\/\/rms-enlinea.com.ar\/tienda\/wp-json\/wp\/v2\/types\/product"}],"replies":[{"embeddable":true,"href":"https:\/\/rms-enlinea.com.ar\/tienda\/wp-json\/wp\/v2\/comments?post=60853"}],"wp:featuredmedia":[{"embeddable":true,"href":"https:\/\/rms-enlinea.com.ar\/tienda\/wp-json\/wp\/v2\/media\/60854"}],"wp:attachment":[{"href":"https:\/\/rms-enlinea.com.ar\/tienda\/wp-json\/wp\/v2\/media?parent=60853"}],"wp:term":[{"taxonomy":"product_brand","embeddable":true,"href":"https:\/\/rms-enlinea.com.ar\/tienda\/wp-json\/wp\/v2\/product_brand?post=60853"},{"taxonomy":"product_cat","embeddable":true,"href":"https:\/\/rms-enlinea.com.ar\/tienda\/wp-json\/wp\/v2\/product_cat?post=60853"},{"taxonomy":"product_tag","embeddable":true,"href":"https:\/\/rms-enlinea.com.ar\/tienda\/wp-json\/wp\/v2\/product_tag?post=60853"}],"curies":[{"name":"wp","href":"https:\/\/api.w.org\/{rel}","templated":true}]}}