{"id":60861,"date":"2026-02-01T18:20:35","date_gmt":"2026-02-01T21:20:35","guid":{"rendered":"https:\/\/rms-enlinea.com.ar\/tienda\/producto\/sistema-dj-profesional-pioneer-xdj-az-todo-en-uno\/"},"modified":"2026-04-21T06:26:52","modified_gmt":"2026-04-21T09:26:52","slug":"sistema-dj-profesional-pioneer-xdj-az-todo-en-uno","status":"publish","type":"product","link":"https:\/\/rms-enlinea.com.ar\/tienda\/producto\/sistema-dj-profesional-pioneer-xdj-az-todo-en-uno\/","title":{"rendered":"Sistema Dj Profesional Pioneer Xdj-az Todo En Uno"},"content":{"rendered":"<p>Experiencia DJ de club con la sensaci\u00f3n de control total<\/p>\n<p>El XDJ-AZ hereda el dise\u00f1o y la sensaci\u00f3n de los emblem\u00e1ticos CDJ-3000 y DJM-A9 para ofrecerte una experiencia intuitiva. Cuando tocas en el sistema, sientes como si estuvieras en armon\u00eda con los decks, lo que permite actuaciones m\u00e1s creativas. Con jog wheels de tama\u00f1o completo que se sienten como los del CDJ-3000, el pitch bending y el scratching en el XDJ-AZ son incre\u00edblemente suaves. La secci\u00f3n del mezclador hereda el dise\u00f1o intuitivo de la DJM-A9, con todos los controles ubicados para maximizar la capacidad de reproducci\u00f3n. Y cuenta con botones f\u00e1ciles de usar para asignar Beat FX para ayudarte a expresarte a trav\u00e9s de la m\u00fasica. As\u00ed, cuando hayas dominado el XDJ-AZ, estar\u00e1s familiarizado con la forma en que funciona y se siente un equipo est\u00e1ndar de club, lo que facilitar\u00e1 tocar lo mejor posible en los clubes..<\/p>\n<p>Otras caracter\u00edsticas<\/p>\n<p>Hardware Unlock<br \/>El XDJ-AZ es un dispositivo de desbloqueo de hardware. Simplemente conecta la XDJ-AZ a un PC\/Mac con la aplicaci\u00f3n rekordbox y podr\u00e1s usar el software.<\/p>\n<p>Serato DJ Pro<br \/>Simplemente conecta la XDJ-AZ a un PC\/Mac con la aplicaci\u00f3n Serato DJ Pro y podr\u00e1s usar el software.<\/p>\n<p>3 puertos USB<br \/>Realiza actuaciones consecutivas con otro DJ y cambia sin problemas gracias a las 3 entradas USB (2 de carga superior para dispositivos USB y 1 conexi\u00f3n para ordenador port\u00e1til).<\/p>\n<p>rekordbox Link Export<br \/>Reproduce pistas directamente desde tu PC\/Mac o dispositivo m\u00f3vil conect\u00e1ndote mediante un cable USB, un cable LAN o una conexi\u00f3n inal\u00e1mbrica.<\/p>\n<p>Performance Pads<br \/>Presiona los 8 Performance Pads de goma retroiluminados para activar Hot Cues, Beat Loop, Slip Loop y Beat Jump.<\/p>\n","protected":false},"excerpt":{"rendered":"<p>Experiencia DJ de club con la sensaci\u00f3n de control total El XDJ-AZ hereda el dise\u00f1o y la sensaci\u00f3n de los emblem\u00e1ticos CDJ-3000 y DJM-A9 para ofrecerte una experiencia intuitiva. Cuando tocas en el sistema, sientes como si estuvieras en armon\u00eda con los decks, lo que permite actuaciones m\u00e1s creativas. Con jog wheels de tama\u00f1o completo [&hellip;]<\/p>\n","protected":false},"featured_media":60862,"comment_status":"open","ping_status":"closed","template":"","meta":{"_uag_custom_page_level_css":""},"product_brand":[669],"product_cat":[60,15],"product_tag":[],"class_list":{"0":"post-60861","1":"product","2":"type-product","3":"status-publish","4":"has-post-thumbnail","6":"product_brand-pionner-dj","7":"product_cat-controladores","8":"product_cat-sin-categorizar","10":"first","11":"outofstock","12":"sale","13":"taxable","14":"shipping-taxable","15":"purchasable","16":"product-type-simple"},"uagb_featured_image_src":{"full":["https:\/\/rms-enlinea.com.ar\/wp-content\/uploads\/2026\/02\/D_843108-MLA99454196422_112025-F.jpg",1200,676,false],"thumbnail":["https:\/\/rms-enlinea.com.ar\/wp-content\/uploads\/2026\/02\/D_843108-MLA99454196422_112025-F-150x150.jpg",150,150,true],"medium":["https:\/\/rms-enlinea.com.ar\/wp-content\/uploads\/2026\/02\/D_843108-MLA99454196422_112025-F-300x169.jpg",300,169,true],"medium_large":["https:\/\/rms-enlinea.com.ar\/wp-content\/uploads\/2026\/02\/D_843108-MLA99454196422_112025-F-768x433.jpg",768,433,true],"large":["https:\/\/rms-enlinea.com.ar\/wp-content\/uploads\/2026\/02\/D_843108-MLA99454196422_112025-F-1024x577.jpg",1024,577,true],"1536x1536":["https:\/\/rms-enlinea.com.ar\/wp-content\/uploads\/2026\/02\/D_843108-MLA99454196422_112025-F.jpg",1200,676,false],"2048x2048":["https:\/\/rms-enlinea.com.ar\/wp-content\/uploads\/2026\/02\/D_843108-MLA99454196422_112025-F.jpg",1200,676,false],"woocommerce_thumbnail":["https:\/\/rms-enlinea.com.ar\/wp-content\/uploads\/2026\/02\/D_843108-MLA99454196422_112025-F-450x450.jpg",450,450,true],"woocommerce_single":["https:\/\/rms-enlinea.com.ar\/wp-content\/uploads\/2026\/02\/D_843108-MLA99454196422_112025-F-600x338.jpg",600,338,true],"woocommerce_gallery_thumbnail":["https:\/\/rms-enlinea.com.ar\/wp-content\/uploads\/2026\/02\/D_843108-MLA99454196422_112025-F-100x100.jpg",100,100,true]},"uagb_author_info":{"display_name":"nelson","author_link":"https:\/\/rms-enlinea.com.ar\/tienda\/author\/"},"uagb_comment_info":0,"uagb_excerpt":"Experiencia DJ de club con la sensaci\u00f3n de control total El XDJ-AZ hereda el dise\u00f1o y la sensaci\u00f3n de los emblem\u00e1ticos CDJ-3000 y DJM-A9 para ofrecerte una experiencia intuitiva. Cuando tocas en el sistema, sientes como si estuvieras en armon\u00eda con los decks, lo que permite actuaciones m\u00e1s creativas. Con jog wheels de tama\u00f1o completo&hellip;","_links":{"self":[{"href":"https:\/\/rms-enlinea.com.ar\/tienda\/wp-json\/wp\/v2\/product\/60861","targetHints":{"allow":["GET"]}}],"collection":[{"href":"https:\/\/rms-enlinea.com.ar\/tienda\/wp-json\/wp\/v2\/product"}],"about":[{"href":"https:\/\/rms-enlinea.com.ar\/tienda\/wp-json\/wp\/v2\/types\/product"}],"replies":[{"embeddable":true,"href":"https:\/\/rms-enlinea.com.ar\/tienda\/wp-json\/wp\/v2\/comments?post=60861"}],"wp:featuredmedia":[{"embeddable":true,"href":"https:\/\/rms-enlinea.com.ar\/tienda\/wp-json\/wp\/v2\/media\/60862"}],"wp:attachment":[{"href":"https:\/\/rms-enlinea.com.ar\/tienda\/wp-json\/wp\/v2\/media?parent=60861"}],"wp:term":[{"taxonomy":"product_brand","embeddable":true,"href":"https:\/\/rms-enlinea.com.ar\/tienda\/wp-json\/wp\/v2\/product_brand?post=60861"},{"taxonomy":"product_cat","embeddable":true,"href":"https:\/\/rms-enlinea.com.ar\/tienda\/wp-json\/wp\/v2\/product_cat?post=60861"},{"taxonomy":"product_tag","embeddable":true,"href":"https:\/\/rms-enlinea.com.ar\/tienda\/wp-json\/wp\/v2\/product_tag?post=60861"}],"curies":[{"name":"wp","href":"https:\/\/api.w.org\/{rel}","templated":true}]}}