{"id":60868,"date":"2026-02-01T18:20:46","date_gmt":"2026-02-01T21:20:46","guid":{"rendered":"https:\/\/rms-enlinea.com.ar\/tienda\/producto\/sistema-dj-profesional-pioneer-xdj-rr-todo-en-uno\/"},"modified":"2026-04-06T14:40:34","modified_gmt":"2026-04-06T17:40:34","slug":"sistema-dj-profesional-pioneer-xdj-rr-todo-en-uno","status":"publish","type":"product","link":"https:\/\/rms-enlinea.com.ar\/tienda\/producto\/sistema-dj-profesional-pioneer-xdj-rr-todo-en-uno\/","title":{"rendered":"Sistema Dj Profesional Pioneer Xdj-rr Todo En Uno"},"content":{"rendered":"<p>CARACTER\u00cdSTICAS PRINCIPALES<br \/>XDJ-RR<br \/>A tu manera<br \/>XDJ-RR te permite elegir c\u00f3mo quieres actuar. Puedes conectar tu unidad USB y reproducir pistas directamente, utilizar el modo Link Export para acceder a la totalidad de tu biblioteca rekordbox a trav\u00e9s de tu computadora port\u00e1til sin tener que exportar tu m\u00fasica a una unidad USB o, si lo prefieres, puedes conectar tu PC o Mac con un \u00fanico cable USB para sacar partido del modo Performance de rekordbox. Todo depende de ti.<\/p>\n<p>XDJ-RR<br \/>Gran pantalla en color<br \/>Puedes ver lo que pasa en ambos reproductores a trav\u00e9s de la pantalla en color de 7 pulgadas. Mira el estado de reproducci\u00f3n, BPM, forma de onda y dem\u00e1s informaci\u00f3n de vital importancia para llevar a cabo sets creativos y fluidos.<\/p>\n<p>XDJ-RR<br \/>Controles para performances<br \/>Mejora tus mezclas utilizando botones espec\u00edficos para performances. Remezcla canciones en vivo disparando Hot Cues en secuencias nuevas, corta loops al vuelo con Beat Loop, utiliza Slip Loop para volver a introducir pistas en el momento perfecto y salta al comp\u00e1s que t\u00fa elijas con Beat Jump.<\/p>\n<p>XDJ-RR<br \/>Mezcladora con funciones pro<br \/>Consigue mezclas afinadas con ayuda de los ecualizadores y los faders de canal, que cuentan con las mismas curvas que los de nuestra mezcladora de club profesional, la DJM-900NXS2. Tambi\u00e9n puedes personalizar tus rutinas con los populares Beat FX (Echo, Reverb y Flanger) y marcar la textura y tensi\u00f3n con Sound Color FX (Filter, Noise, Dub Echo y Pitch).<\/p>\n<p>rekordboxv6logojpg<br \/>Funciones de performance<br \/>Desbloquea las funciones de rendimiento de rekordbox con solo conectar la unidad a tu PC\/Mac. Y, si te suscribes al plan Creative, utiliza Cloud Library Sync para gestionar sin problemas la biblioteca en varios dispositivos, y haz f\u00e1cilmente versiones personalizadas de las pistas en el modo de edici\u00f3n (Edit).<\/p>\n","protected":false},"excerpt":{"rendered":"<p>CARACTER\u00cdSTICAS PRINCIPALESXDJ-RRA tu maneraXDJ-RR te permite elegir c\u00f3mo quieres actuar. Puedes conectar tu unidad USB y reproducir pistas directamente, utilizar el modo Link Export para acceder a la totalidad de tu biblioteca rekordbox a trav\u00e9s de tu computadora port\u00e1til sin tener que exportar tu m\u00fasica a una unidad USB o, si lo prefieres, puedes conectar [&hellip;]<\/p>\n","protected":false},"featured_media":60869,"comment_status":"open","ping_status":"closed","template":"","meta":{"_uag_custom_page_level_css":""},"product_brand":[669],"product_cat":[60,15],"product_tag":[],"class_list":{"0":"post-60868","1":"product","2":"type-product","3":"status-publish","4":"has-post-thumbnail","6":"product_brand-pionner-dj","7":"product_cat-controladores","8":"product_cat-sin-categorizar","10":"first","11":"outofstock","12":"sale","13":"taxable","14":"shipping-taxable","15":"purchasable","16":"product-type-simple"},"uagb_featured_image_src":{"full":["https:\/\/rms-enlinea.com.ar\/wp-content\/uploads\/2026\/02\/D_786409-MLA99489106886_112025-F.jpg",1200,822,false],"thumbnail":["https:\/\/rms-enlinea.com.ar\/wp-content\/uploads\/2026\/02\/D_786409-MLA99489106886_112025-F-150x150.jpg",150,150,true],"medium":["https:\/\/rms-enlinea.com.ar\/wp-content\/uploads\/2026\/02\/D_786409-MLA99489106886_112025-F-300x206.jpg",300,206,true],"medium_large":["https:\/\/rms-enlinea.com.ar\/wp-content\/uploads\/2026\/02\/D_786409-MLA99489106886_112025-F-768x526.jpg",768,526,true],"large":["https:\/\/rms-enlinea.com.ar\/wp-content\/uploads\/2026\/02\/D_786409-MLA99489106886_112025-F-1024x701.jpg",1024,701,true],"1536x1536":["https:\/\/rms-enlinea.com.ar\/wp-content\/uploads\/2026\/02\/D_786409-MLA99489106886_112025-F.jpg",1200,822,false],"2048x2048":["https:\/\/rms-enlinea.com.ar\/wp-content\/uploads\/2026\/02\/D_786409-MLA99489106886_112025-F.jpg",1200,822,false],"woocommerce_thumbnail":["https:\/\/rms-enlinea.com.ar\/wp-content\/uploads\/2026\/02\/D_786409-MLA99489106886_112025-F-450x450.jpg",450,450,true],"woocommerce_single":["https:\/\/rms-enlinea.com.ar\/wp-content\/uploads\/2026\/02\/D_786409-MLA99489106886_112025-F-600x411.jpg",600,411,true],"woocommerce_gallery_thumbnail":["https:\/\/rms-enlinea.com.ar\/wp-content\/uploads\/2026\/02\/D_786409-MLA99489106886_112025-F-100x100.jpg",100,100,true]},"uagb_author_info":{"display_name":"nelson","author_link":"https:\/\/rms-enlinea.com.ar\/tienda\/author\/"},"uagb_comment_info":0,"uagb_excerpt":"CARACTER\u00cdSTICAS PRINCIPALESXDJ-RRA tu maneraXDJ-RR te permite elegir c\u00f3mo quieres actuar. Puedes conectar tu unidad USB y reproducir pistas directamente, utilizar el modo Link Export para acceder a la totalidad de tu biblioteca rekordbox a trav\u00e9s de tu computadora port\u00e1til sin tener que exportar tu m\u00fasica a una unidad USB o, si lo prefieres, puedes conectar&hellip;","_links":{"self":[{"href":"https:\/\/rms-enlinea.com.ar\/tienda\/wp-json\/wp\/v2\/product\/60868","targetHints":{"allow":["GET"]}}],"collection":[{"href":"https:\/\/rms-enlinea.com.ar\/tienda\/wp-json\/wp\/v2\/product"}],"about":[{"href":"https:\/\/rms-enlinea.com.ar\/tienda\/wp-json\/wp\/v2\/types\/product"}],"replies":[{"embeddable":true,"href":"https:\/\/rms-enlinea.com.ar\/tienda\/wp-json\/wp\/v2\/comments?post=60868"}],"wp:featuredmedia":[{"embeddable":true,"href":"https:\/\/rms-enlinea.com.ar\/tienda\/wp-json\/wp\/v2\/media\/60869"}],"wp:attachment":[{"href":"https:\/\/rms-enlinea.com.ar\/tienda\/wp-json\/wp\/v2\/media?parent=60868"}],"wp:term":[{"taxonomy":"product_brand","embeddable":true,"href":"https:\/\/rms-enlinea.com.ar\/tienda\/wp-json\/wp\/v2\/product_brand?post=60868"},{"taxonomy":"product_cat","embeddable":true,"href":"https:\/\/rms-enlinea.com.ar\/tienda\/wp-json\/wp\/v2\/product_cat?post=60868"},{"taxonomy":"product_tag","embeddable":true,"href":"https:\/\/rms-enlinea.com.ar\/tienda\/wp-json\/wp\/v2\/product_tag?post=60868"}],"curies":[{"name":"wp","href":"https:\/\/api.w.org\/{rel}","templated":true}]}}